{"id":1805351,"date":"2025-03-28T15:28:39","date_gmt":"2025-03-28T13:28:39","guid":{"rendered":"https:\/\/liquidmaster.pl\/odk-refresh-leather-cleaner-500ml-srodek-do-czyszczenia-skory\/"},"modified":"2026-04-18T04:26:40","modified_gmt":"2026-04-18T02:26:40","slug":"odk-refresh-leather-cleaner-500ml-srodek-do-czyszczenia-skory","status":"publish","type":"product","link":"https:\/\/liquidmaster.pl\/en\/odk-refresh-leather-cleaner-500ml-srodek-do-czyszczenia-skory\/","title":{"rendered":"ODK Refresh Leather Cleaner 500ml - leather cleaner"},"content":{"rendered":"<p>ODK Refresh Leather Cleaner \u2013 a dedicated leather cleaner that removes dirt embedded in leather areas. Refresh easily cleans and renews leather upholstery and leaves a clean, soft, satin finish. Refresh is an easy-to-use, ready-made product that produces amazing results. It has a cranberry and lime scent. Wear hand, eye and face protection when applying Refresh.<\/p>\n<p>Capacity: 500 ml<\/p>","protected":false},"excerpt":{"rendered":"<p>ODK Refresh Leather Cleaner \u2013 to dedykowany \u015brodek do czyszczenia sk\u00f3ry, kt\u00f3ry usuwa brud wro\u015bni\u0119ty w obszary sk\u00f3ry. Refresh \u0142atwo czy\u015bci i odnawia tapicerk\u0119 sk\u00f3rzan\u0105 oraz pozostawia czyste, mi\u0119kkie, satynowe wyko\u0144czenie. Refresh to \u0142atwy w u\u017cyciu, gotowy produkt, kt\u00f3ry daje niesamowite rezultaty. Ma zapach \u017curawiny i limonki. Podczas aplikacji Refresh nale\u017cy u\u017cywa\u0107 ochrony r\u0105k, oczu&hellip;&nbsp;<a href=\"https:\/\/liquidmaster.pl\/en\/odk-refresh-leather-cleaner-500ml-srodek-do-czyszczenia-skory\/\" rel=\"bookmark\">Read More \u00bb<span class=\"screen-reader-text\">ODK Refresh Leather Cleaner 500ml - leather cleaner<\/span><\/a><\/p>","protected":false},"featured_media":1847229,"comment_status":"open","ping_status":"open","template":"","meta":{"neve_meta_sidebar":"","neve_meta_container":"","neve_meta_enable_content_width":"","neve_meta_content_width":0,"neve_meta_title_alignment":"","neve_meta_author_avatar":"","neve_post_elements_order":"","neve_meta_disable_header":"","neve_meta_disable_footer":"","neve_meta_disable_title":"","_themeisle_gutenberg_block_has_review":false},"product_brand":[],"product_cat":[834,816,768],"product_tag":[337],"class_list":{"0":"post-1805351","1":"product","2":"type-product","3":"status-publish","4":"has-post-thumbnail","6":"product_cat-czyszczenie-skory","7":"product_cat-tapicerka-skorzana","8":"product_cat-wnetrze-auta","9":"product_tag-odk","11":"first","12":"instock","13":"taxable","14":"shipping-taxable","15":"purchasable","16":"product-type-simple"},"_links":{"self":[{"href":"https:\/\/liquidmaster.pl\/en\/wp-json\/wp\/v2\/product\/1805351","targetHints":{"allow":["GET"]}}],"collection":[{"href":"https:\/\/liquidmaster.pl\/en\/wp-json\/wp\/v2\/product"}],"about":[{"href":"https:\/\/liquidmaster.pl\/en\/wp-json\/wp\/v2\/types\/product"}],"replies":[{"embeddable":true,"href":"https:\/\/liquidmaster.pl\/en\/wp-json\/wp\/v2\/comments?post=1805351"}],"wp:featuredmedia":[{"embeddable":true,"href":"https:\/\/liquidmaster.pl\/en\/wp-json\/wp\/v2\/media\/1847229"}],"wp:attachment":[{"href":"https:\/\/liquidmaster.pl\/en\/wp-json\/wp\/v2\/media?parent=1805351"}],"wp:term":[{"taxonomy":"product_brand","embeddable":true,"href":"https:\/\/liquidmaster.pl\/en\/wp-json\/wp\/v2\/product_brand?post=1805351"},{"taxonomy":"product_cat","embeddable":true,"href":"https:\/\/liquidmaster.pl\/en\/wp-json\/wp\/v2\/product_cat?post=1805351"},{"taxonomy":"product_tag","embeddable":true,"href":"https:\/\/liquidmaster.pl\/en\/wp-json\/wp\/v2\/product_tag?post=1805351"}],"curies":[{"name":"wp","href":"https:\/\/api.w.org\/{rel}","templated":true}]}}