{"id":1805349,"date":"2025-03-28T15:28:27","date_gmt":"2025-03-28T13:28:27","guid":{"rendered":"https:\/\/liquidmaster.pl\/deturner-clay-lube-250ml\/"},"modified":"2026-04-18T04:34:55","modified_gmt":"2026-04-18T02:34:55","slug":"deturner-clay-lube-250ml","status":"publish","type":"product","link":"https:\/\/liquidmaster.pl\/en\/deturner-clay-lube-250ml\/","title":{"rendered":"Deturner Clay Lube 250ml"},"content":{"rendered":"<p dir=\"ltr\" id=\"docs-internal-guid-7cb83fa4-7fff-32af-aeb8-00b36765b891\">DETURNER CLAY LUBE<\/p>\n<p dir=\"ltr\">Produkt nadaj\u0105cy po\u015blizg do stosowania pod glink\u0119, zwi\u0119ksza bezpiecze\u0144stwo podczas glinkowania. Dzi\u0119ki lubrykacji glinka oraz wszelkiego rodzaju clay pady pracuj\u0105 r\u00f3wnomiernie i \u0142atwo \u015blizgaj\u0105 si\u0119 po lakierze, redukuj\u0105c tarcie i minimalizuj\u0105 ryzyko powstawania mikrorys. Wskazane jest u\u017cycie po\u015blizgu pod glink\u0119 przed r\u0119cznym polerowaniem oraz woskowaniem.\u00a0<\/p>\n<p dir=\"ltr\">Usage:<\/p>\n<li role=\"presentation\">Wash your car thoroughly.<\/li>\n<li role=\"presentation\">Nanie\u015b produkt bezpo\u015brednio na powierzchni\u0119. Pracuj z glink\u0105 prostymi ruchami, je\u017celi czujesz, \u017ce tracisz po\u015blizg, do pryskaj produkt.<\/li>\n<li role=\"presentation\">Clean the surface thoroughly using clay or any type of clay pad.<\/li>\n<li role=\"presentation\">Rinse and dry the car.<\/li>","protected":false},"excerpt":{"rendered":"<p>DETURNER CLAY LUBE Produkt nadaj\u0105cy po\u015blizg do stosowania pod glink\u0119, zwi\u0119ksza bezpiecze\u0144stwo podczas glinkowania. Dzi\u0119ki lubrykacji glinka oraz wszelkiego rodzaju clay pady pracuj\u0105 r\u00f3wnomiernie i \u0142atwo \u015blizgaj\u0105 si\u0119 po lakierze, redukuj\u0105c tarcie i minimalizuj\u0105 ryzyko powstawania mikrorys. Wskazane jest u\u017cycie po\u015blizgu pod glink\u0119 przed r\u0119cznym polerowaniem oraz woskowaniem.\u00a0 Spos\u00f3b u\u017cycia: Dok\u0142adnie umyj auto. Nanie\u015b produkt&hellip;&nbsp;<a href=\"https:\/\/liquidmaster.pl\/en\/deturner-clay-lube-250ml\/\" rel=\"bookmark\">Read More \u00bb<span class=\"screen-reader-text\">Deturner Clay Lube 250ml<\/span><\/a><\/p>","protected":false},"featured_media":1848068,"comment_status":"open","ping_status":"open","template":"","meta":{"neve_meta_sidebar":"","neve_meta_container":"","neve_meta_enable_content_width":"","neve_meta_content_width":0,"neve_meta_title_alignment":"","neve_meta_author_avatar":"","neve_post_elements_order":"","neve_meta_disable_header":"","neve_meta_disable_footer":"","neve_meta_disable_title":"","_themeisle_gutenberg_block_has_review":false},"product_brand":[],"product_cat":[743,763,733],"product_tag":[287],"class_list":{"0":"post-1805349","1":"product","2":"type-product","3":"status-publish","4":"has-post-thumbnail","6":"product_cat-dekontaminacja","7":"product_cat-glinki-i-lubrykanty","8":"product_cat-na-zewnatrz","9":"product_tag-deturner","11":"first","12":"outofstock","13":"taxable","14":"shipping-taxable","15":"purchasable","16":"product-type-simple"},"_links":{"self":[{"href":"https:\/\/liquidmaster.pl\/en\/wp-json\/wp\/v2\/product\/1805349","targetHints":{"allow":["GET"]}}],"collection":[{"href":"https:\/\/liquidmaster.pl\/en\/wp-json\/wp\/v2\/product"}],"about":[{"href":"https:\/\/liquidmaster.pl\/en\/wp-json\/wp\/v2\/types\/product"}],"replies":[{"embeddable":true,"href":"https:\/\/liquidmaster.pl\/en\/wp-json\/wp\/v2\/comments?post=1805349"}],"wp:featuredmedia":[{"embeddable":true,"href":"https:\/\/liquidmaster.pl\/en\/wp-json\/wp\/v2\/media\/1848068"}],"wp:attachment":[{"href":"https:\/\/liquidmaster.pl\/en\/wp-json\/wp\/v2\/media?parent=1805349"}],"wp:term":[{"taxonomy":"product_brand","embeddable":true,"href":"https:\/\/liquidmaster.pl\/en\/wp-json\/wp\/v2\/product_brand?post=1805349"},{"taxonomy":"product_cat","embeddable":true,"href":"https:\/\/liquidmaster.pl\/en\/wp-json\/wp\/v2\/product_cat?post=1805349"},{"taxonomy":"product_tag","embeddable":true,"href":"https:\/\/liquidmaster.pl\/en\/wp-json\/wp\/v2\/product_tag?post=1805349"}],"curies":[{"name":"wp","href":"https:\/\/api.w.org\/{rel}","templated":true}]}}