{"id":1805347,"date":"2025-03-28T15:28:27","date_gmt":"2025-03-28T13:28:27","guid":{"rendered":"https:\/\/liquidmaster.pl\/deturner-apc-5l\/"},"modified":"2026-04-18T04:34:54","modified_gmt":"2026-04-18T02:34:54","slug":"deturner-apc-5l","status":"publish","type":"product","link":"https:\/\/liquidmaster.pl\/en\/deturner-apc-5l\/","title":{"rendered":"Deturner APC 5L"},"content":{"rendered":"<p dir=\"ltr\">Deturner APC \u2013 All Purpose Cleaner<\/p>\n<p dir=\"ltr\">A universal and concentrated preparation for cleaning all interior and exterior surfaces of the car. The product is extremely effective and safe for the cleaned surface because it does not contain sodium hydroxide. It is ideal for removing the heaviest dirt from plastic, vinyl, rubber, rims, recesses, wheel arches or engine compartments, it penetrates and removes dirt extremely quickly.<\/p>\n<p dir=\"ltr\">Usage:<\/p>\n<ul>\n<li aria-level=\"1\" dir=\"ltr\">\n<p dir=\"ltr\" role=\"presentation\">Prepare the working solution depending on the dirt:<\/p>\n<\/li>\n<\/ul>\n<p dir=\"ltr\">\u2013 exterior parts of the vehicle, cleaning the engine, tires 1:5 to 1:20<\/p>\n<p dir=\"ltr\">\u2013 vehicle interior: 1:10 to 1:30<\/p>\n<ul>\n<li aria-level=\"1\" dir=\"ltr\">\n<p dir=\"ltr\" role=\"presentation\">Spray the surface to be cleaned and work the product with a brush or brush.<\/p>\n<\/li>\n<li aria-level=\"1\" dir=\"ltr\">\n<p dir=\"ltr\" role=\"presentation\">Rinse the product with water or wipe it with a dry microfiber.<\/p>\n<\/li>\n<li aria-level=\"1\" dir=\"ltr\">\n<p dir=\"ltr\" role=\"presentation\">Repeat the previous steps if necessary.<\/p>\n<\/li>\n<\/ul>","protected":false},"excerpt":{"rendered":"<p>Deturner APC \u2013 All Purpose Cleaner Uniwersalny i skoncentrowany preparat do czyszczenia wszystkich powierzchni wewn\u0119trznych i zewn\u0119trznych \u00a0auta. Produkt jest niezwykle skuteczny, a zarazem bezpieczny dla czyszczonej powierzchni, poniewa\u017c nie posiada w sk\u0142adzie wodorotlenku sodu. Idealnie nadaje si\u0119 do usuwania najci\u0119\u017cszych zabrudze\u0144 z plastiku, winylu, gumy, felg, wn\u0119k, nadkoli czy komory silnika, niezwykle szybko penetruje&hellip;&nbsp;<a href=\"https:\/\/liquidmaster.pl\/en\/deturner-apc-5l\/\" rel=\"bookmark\">Read More \u00bb<span class=\"screen-reader-text\">Deturner APC 5L<\/span><\/a><\/p>","protected":false},"featured_media":1848065,"comment_status":"open","ping_status":"open","template":"","meta":{"neve_meta_sidebar":"","neve_meta_container":"","neve_meta_enable_content_width":"","neve_meta_content_width":0,"neve_meta_title_alignment":"","neve_meta_author_avatar":"","neve_post_elements_order":"","neve_meta_disable_header":"","neve_meta_disable_footer":"","neve_meta_disable_title":"","_themeisle_gutenberg_block_has_review":false},"product_brand":[],"product_cat":[742,734,733],"product_tag":[287],"class_list":{"0":"post-1805347","1":"product","2":"type-product","3":"status-publish","4":"has-post-thumbnail","6":"product_cat-apc-mycie-i-osuszanie","7":"product_cat-mycie-i-osuszanie","8":"product_cat-na-zewnatrz","9":"product_tag-deturner","11":"first","12":"instock","13":"taxable","14":"shipping-taxable","15":"purchasable","16":"product-type-simple"},"_links":{"self":[{"href":"https:\/\/liquidmaster.pl\/en\/wp-json\/wp\/v2\/product\/1805347","targetHints":{"allow":["GET"]}}],"collection":[{"href":"https:\/\/liquidmaster.pl\/en\/wp-json\/wp\/v2\/product"}],"about":[{"href":"https:\/\/liquidmaster.pl\/en\/wp-json\/wp\/v2\/types\/product"}],"replies":[{"embeddable":true,"href":"https:\/\/liquidmaster.pl\/en\/wp-json\/wp\/v2\/comments?post=1805347"}],"wp:featuredmedia":[{"embeddable":true,"href":"https:\/\/liquidmaster.pl\/en\/wp-json\/wp\/v2\/media\/1848065"}],"wp:attachment":[{"href":"https:\/\/liquidmaster.pl\/en\/wp-json\/wp\/v2\/media?parent=1805347"}],"wp:term":[{"taxonomy":"product_brand","embeddable":true,"href":"https:\/\/liquidmaster.pl\/en\/wp-json\/wp\/v2\/product_brand?post=1805347"},{"taxonomy":"product_cat","embeddable":true,"href":"https:\/\/liquidmaster.pl\/en\/wp-json\/wp\/v2\/product_cat?post=1805347"},{"taxonomy":"product_tag","embeddable":true,"href":"https:\/\/liquidmaster.pl\/en\/wp-json\/wp\/v2\/product_tag?post=1805347"}],"curies":[{"name":"wp","href":"https:\/\/api.w.org\/{rel}","templated":true}]}}