{"id":1805335,"date":"2025-03-28T15:28:04","date_gmt":"2025-03-28T13:28:04","guid":{"rendered":"https:\/\/liquidmaster.pl\/odk-plush-microfibre-wash-500ml-srodek-do-prania-mikrofibr\/"},"modified":"2026-04-21T08:05:29","modified_gmt":"2026-04-21T06:05:29","slug":"odk-plush-microfibre-wash-500ml-srodek-do-prania-mikrofibr","status":"publish","type":"product","link":"https:\/\/liquidmaster.pl\/en\/odk-plush-microfibre-wash-500ml-srodek-do-prania-mikrofibr\/","title":{"rendered":"ODK Plush Microfibre Wash 500ml - microfiber washing agent"},"content":{"rendered":"<p>ODK Plush Microfibre Wash \u2013 an effective and safe cleaning agent for all microfiber towels, gloves and pads. Plush is odorless and colorless.<\/p>\n<p>Usage:<\/p>\n<li>Use 30 ml of Plush detergent directly poured into the washing machine. DO NOT use fabric softener.<\/li>\n<li>Wash at 30-60\u00b0C.<\/li>\n<li>Keep away from children.<\/li>\n<p>Capacity: 500 ml<\/p>","protected":false},"excerpt":{"rendered":"<p>ODK Plush Microfibre Wash \u2013 skuteczny i bezpieczny \u015brodek czyszcz\u0105cy do wszystkich r\u0119cznik\u00f3w, r\u0119kawic i pad\u00f3w z mikrofibry. Plush jest pozbawiony zapachu i koloru. Spos\u00f3b u\u017cycia: U\u017cyj 30 ml detergentu Plush bezpo\u015brednio wlanego do pralki. NIE u\u017cywaj p\u0142ynu do zmi\u0119kczania tkanin. Pierz w temperaturze 30-60\u00b0C. Trzymaj z dala od dzieci. Pojemno\u015b\u0107: 500 ml<\/p>","protected":false},"featured_media":1847221,"comment_status":"open","ping_status":"open","template":"","meta":{"neve_meta_sidebar":"","neve_meta_container":"","neve_meta_enable_content_width":"","neve_meta_content_width":0,"neve_meta_title_alignment":"","neve_meta_author_avatar":"","neve_post_elements_order":"","neve_meta_disable_header":"","neve_meta_disable_footer":"","neve_meta_disable_title":"","_themeisle_gutenberg_block_has_review":false},"product_brand":[],"product_cat":[757,758,761],"product_tag":[337],"class_list":{"0":"post-1805335","1":"product","2":"type-product","3":"status-publish","4":"has-post-thumbnail","6":"product_cat-akcesoria","7":"product_cat-mikrofibry-i-reczniki","8":"product_cat-pranie-mikrofibr-mikrofibry-i-reczniki","9":"product_tag-odk","11":"first","12":"instock","13":"taxable","14":"shipping-taxable","15":"purchasable","16":"product-type-simple"},"_links":{"self":[{"href":"https:\/\/liquidmaster.pl\/en\/wp-json\/wp\/v2\/product\/1805335","targetHints":{"allow":["GET"]}}],"collection":[{"href":"https:\/\/liquidmaster.pl\/en\/wp-json\/wp\/v2\/product"}],"about":[{"href":"https:\/\/liquidmaster.pl\/en\/wp-json\/wp\/v2\/types\/product"}],"replies":[{"embeddable":true,"href":"https:\/\/liquidmaster.pl\/en\/wp-json\/wp\/v2\/comments?post=1805335"}],"wp:featuredmedia":[{"embeddable":true,"href":"https:\/\/liquidmaster.pl\/en\/wp-json\/wp\/v2\/media\/1847221"}],"wp:attachment":[{"href":"https:\/\/liquidmaster.pl\/en\/wp-json\/wp\/v2\/media?parent=1805335"}],"wp:term":[{"taxonomy":"product_brand","embeddable":true,"href":"https:\/\/liquidmaster.pl\/en\/wp-json\/wp\/v2\/product_brand?post=1805335"},{"taxonomy":"product_cat","embeddable":true,"href":"https:\/\/liquidmaster.pl\/en\/wp-json\/wp\/v2\/product_cat?post=1805335"},{"taxonomy":"product_tag","embeddable":true,"href":"https:\/\/liquidmaster.pl\/en\/wp-json\/wp\/v2\/product_tag?post=1805335"}],"curies":[{"name":"wp","href":"https:\/\/api.w.org\/{rel}","templated":true}]}}