{"id":1805325,"date":"2025-03-28T15:26:39","date_gmt":"2025-03-28T13:26:39","guid":{"rendered":"https:\/\/liquidmaster.pl\/odk-waxed-junkies-mango-wash-500ml-szampon-neutralne-ph\/"},"modified":"2026-04-18T04:26:38","modified_gmt":"2026-04-18T02:26:38","slug":"odk-waxed-junkies-mango-wash-500ml-szampon-neutralne-ph","status":"publish","type":"product","link":"https:\/\/liquidmaster.pl\/en\/odk-waxed-junkies-mango-wash-500ml-szampon-neutralne-ph\/","title":{"rendered":"ODK Waxed Junkies Mango Wash 500ml - neutral pH shampoo"},"content":{"rendered":"<p>ODK Waxed Junkies Mango Wash \u2013 a completely new shampoo with a neutral pH, easy to rinse, which does not contain waxes or shine enhancers. Perfect for the ongoing care of all Waxed Junkies waxes and other wax brands. Great shampoo at a great price!<\/p>\n<p>Capacity: 500 ml<\/p>","protected":false},"excerpt":{"rendered":"<p>ODK Waxed Junkies Mango Wash \u2013 to zupe\u0142nie nowy szampon o neutralnym pH, \u0142atwy do sp\u0142ukania, kt\u00f3ry nie zawiera wosk\u00f3w ani wzmacniaczy po\u0142ysku. Idealny do bie\u017c\u0105cej piel\u0119gnacji wszystkich wosk\u00f3w Waxed Junkies oraz wosk\u00f3w innych marek. \u015awietny szampon w \u015bwietnej cenie! Pojemno\u015b\u0107: 500 ml<\/p>","protected":false},"featured_media":1847211,"comment_status":"open","ping_status":"open","template":"","meta":{"neve_meta_sidebar":"","neve_meta_container":"","neve_meta_enable_content_width":"","neve_meta_content_width":0,"neve_meta_title_alignment":"","neve_meta_author_avatar":"","neve_post_elements_order":"","neve_meta_disable_header":"","neve_meta_disable_footer":"","neve_meta_disable_title":"","_themeisle_gutenberg_block_has_review":false},"product_brand":[],"product_cat":[734,733,740],"product_tag":[337],"class_list":{"0":"post-1805325","1":"product","2":"type-product","3":"status-publish","4":"has-post-thumbnail","6":"product_cat-mycie-i-osuszanie","7":"product_cat-na-zewnatrz","8":"product_cat-szampony-mycie-i-osuszanie","9":"product_tag-odk","11":"first","12":"instock","13":"taxable","14":"shipping-taxable","15":"purchasable","16":"product-type-simple"},"_links":{"self":[{"href":"https:\/\/liquidmaster.pl\/en\/wp-json\/wp\/v2\/product\/1805325","targetHints":{"allow":["GET"]}}],"collection":[{"href":"https:\/\/liquidmaster.pl\/en\/wp-json\/wp\/v2\/product"}],"about":[{"href":"https:\/\/liquidmaster.pl\/en\/wp-json\/wp\/v2\/types\/product"}],"replies":[{"embeddable":true,"href":"https:\/\/liquidmaster.pl\/en\/wp-json\/wp\/v2\/comments?post=1805325"}],"wp:featuredmedia":[{"embeddable":true,"href":"https:\/\/liquidmaster.pl\/en\/wp-json\/wp\/v2\/media\/1847211"}],"wp:attachment":[{"href":"https:\/\/liquidmaster.pl\/en\/wp-json\/wp\/v2\/media?parent=1805325"}],"wp:term":[{"taxonomy":"product_brand","embeddable":true,"href":"https:\/\/liquidmaster.pl\/en\/wp-json\/wp\/v2\/product_brand?post=1805325"},{"taxonomy":"product_cat","embeddable":true,"href":"https:\/\/liquidmaster.pl\/en\/wp-json\/wp\/v2\/product_cat?post=1805325"},{"taxonomy":"product_tag","embeddable":true,"href":"https:\/\/liquidmaster.pl\/en\/wp-json\/wp\/v2\/product_tag?post=1805325"}],"curies":[{"name":"wp","href":"https:\/\/api.w.org\/{rel}","templated":true}]}}