{"id":1805323,"date":"2025-03-28T15:26:27","date_gmt":"2025-03-28T13:26:27","guid":{"rendered":"https:\/\/liquidmaster.pl\/innovacar-sm-micron-shampoo-1l-plyn-do-prania-mikrofibr\/"},"modified":"2026-04-18T04:34:51","modified_gmt":"2026-04-18T02:34:51","slug":"innovacar-sm-micron-shampoo-1l-plyn-do-prania-mikrofibr","status":"publish","type":"product","link":"https:\/\/liquidmaster.pl\/en\/innovacar-sm-micron-shampoo-1l-plyn-do-prania-mikrofibr\/","title":{"rendered":"Innovacar SM Micron Shampoo 1L \u2013 microfiber washing liquid"},"content":{"rendered":"<p>Innovacar SM Micron Shampoo \u2013 a special detergent and cleaner for microfiber accessories and cloths, polishing pads, car covers, suitable for both hand washing and machine washing.<\/p>\n<p>It is the latest generation of microfiber washing liquid developed especially for gentle cleaning of cloths, preventing fibers from losing and hardening over time.<\/p>\n<p>Capacity: 1L<\/p>","protected":false},"excerpt":{"rendered":"<p>Innovacar SM Micron Shampoo \u2013 to specjalny detergent i \u015brodek czyszcz\u0105cy do akcesori\u00f3w i \u015bciereczek z mikrofibry, pad\u00f3w polerskich, pokrowc\u00f3w samochodowych, odpowiedni zar\u00f3wno do prania r\u0119cznego, jak i do prania w pralce. Jest to najnowszej generacji p\u0142yn do prania z mikrow\u0142\u00f3kien opracowany specjalnie do delikatnego czyszczenia \u015bciereczek, zapobiegaj\u0105cy gubieniu w\u0142\u00f3kien i twardnieniu z up\u0142ywem czasu.&hellip;&nbsp;<a href=\"https:\/\/liquidmaster.pl\/en\/innovacar-sm-micron-shampoo-1l-plyn-do-prania-mikrofibr\/\" rel=\"bookmark\">Read More \u00bb<span class=\"screen-reader-text\">Innovacar SM Micron Shampoo 1L \u2013 microfiber washing liquid<\/span><\/a><\/p>","protected":false},"featured_media":1848049,"comment_status":"open","ping_status":"open","template":"","meta":{"neve_meta_sidebar":"","neve_meta_container":"","neve_meta_enable_content_width":"","neve_meta_content_width":0,"neve_meta_title_alignment":"","neve_meta_author_avatar":"","neve_post_elements_order":"","neve_meta_disable_header":"","neve_meta_disable_footer":"","neve_meta_disable_title":"","_themeisle_gutenberg_block_has_review":false},"product_brand":[],"product_cat":[757,758,761],"product_tag":[310],"class_list":{"0":"post-1805323","1":"product","2":"type-product","3":"status-publish","4":"has-post-thumbnail","6":"product_cat-akcesoria","7":"product_cat-mikrofibry-i-reczniki","8":"product_cat-pranie-mikrofibr-mikrofibry-i-reczniki","9":"product_tag-innovacar","11":"first","12":"instock","13":"taxable","14":"shipping-taxable","15":"purchasable","16":"product-type-simple"},"_links":{"self":[{"href":"https:\/\/liquidmaster.pl\/en\/wp-json\/wp\/v2\/product\/1805323","targetHints":{"allow":["GET"]}}],"collection":[{"href":"https:\/\/liquidmaster.pl\/en\/wp-json\/wp\/v2\/product"}],"about":[{"href":"https:\/\/liquidmaster.pl\/en\/wp-json\/wp\/v2\/types\/product"}],"replies":[{"embeddable":true,"href":"https:\/\/liquidmaster.pl\/en\/wp-json\/wp\/v2\/comments?post=1805323"}],"wp:featuredmedia":[{"embeddable":true,"href":"https:\/\/liquidmaster.pl\/en\/wp-json\/wp\/v2\/media\/1848049"}],"wp:attachment":[{"href":"https:\/\/liquidmaster.pl\/en\/wp-json\/wp\/v2\/media?parent=1805323"}],"wp:term":[{"taxonomy":"product_brand","embeddable":true,"href":"https:\/\/liquidmaster.pl\/en\/wp-json\/wp\/v2\/product_brand?post=1805323"},{"taxonomy":"product_cat","embeddable":true,"href":"https:\/\/liquidmaster.pl\/en\/wp-json\/wp\/v2\/product_cat?post=1805323"},{"taxonomy":"product_tag","embeddable":true,"href":"https:\/\/liquidmaster.pl\/en\/wp-json\/wp\/v2\/product_tag?post=1805323"}],"curies":[{"name":"wp","href":"https:\/\/api.w.org\/{rel}","templated":true}]}}