{"id":1805321,"date":"2025-03-28T15:26:27","date_gmt":"2025-03-28T13:26:27","guid":{"rendered":"https:\/\/liquidmaster.pl\/innovacar-sc5-tire-dressing-500ml-dressing-do-opon\/"},"modified":"2026-04-18T04:34:50","modified_gmt":"2026-04-18T02:34:50","slug":"innovacar-sc5-tire-dressing-500ml-dressing-do-opon","status":"publish","type":"product","link":"https:\/\/liquidmaster.pl\/en\/innovacar-sc5-tire-dressing-500ml-dressing-do-opon\/","title":{"rendered":"Innovacar SC5 Tire Dressing 500ml \u2013 tire dressing"},"content":{"rendered":"<p>Innovacar SC5 Tire Dressing - is a SiO2 product and a state-of-the-art tire dressing that renews, regenerates, moisturizes and protects the appearance of car tires thanks to a modern water-based formula.<\/p>\n<p>The main features of this product are:<\/p>\n<ul>\n<li>Ease of use: its consistency makes it easy to use, avoiding wastage of product and allows for both dry and wet application. Moreover, thanks to the special substances it contains, the surface tension is reduced during application and it can be applied in one go without the need to rub in.<\/li>\n<li>Various Finishes: By diluting from pure to 1:3, you can control the color depth and shine to achieve the desired effect.<\/li>\n<li>Fast drying: the drying time is short to avoid unpleasant product splashes when driving a car immediately after application.<\/li>\n<li>Protective Barrier: Once cured, it forms a self-cleaning layer that lasts for miles, resists rain and protects the tire from UV rays, cracking and fading.<\/li>\n<li>Universal: Can also be used on plastics, bumpers, dashboard and engine compartment.<\/li>\n<\/ul>\n<p>\nAverage consumption:<\/p>\n<ul>\n<li>For one tire: 5-10 ml<\/li>\n<li>For a set of 4 tires: 20-30 ml<\/li>\n<\/ul>\n<p>\nSummary of technical data:<\/p>\n<ul>\n<li>Self-cleaning ability: 5\/5<\/li>\n<li>Grading: 5\/5<\/li>\n<li>Color Depth: 5\/5<\/li>\n<li>Duration: 5\/5<\/li>\n<li>Drying: within 20 minutes.<\/li>\n<li>Curing time: after 7 hours<\/li>\n<li>PH: 7<\/li>\n<\/ul>","protected":false},"excerpt":{"rendered":"<p>Innovacar SC5 Tire Dressing \u2013 to produkt SiO2 i najnowocze\u015bniejszy dressing do opon, kt\u00f3ry odnawia, regeneruje, nawil\u017ca i chroni wygl\u0105d opon samochodowych dzi\u0119ki nowoczesnej formule na bazie wody. G\u0142\u00f3wne cechy tego produktu to: \u0141atwo\u015b\u0107 u\u017cycia: jego konsystencja sprawia, \u017ce jest \u0142atwy w u\u017cyciu, co pozwala unikn\u0105\u0107 marnowania produktu i umo\u017cliwia aplikacj\u0119 zar\u00f3wno na sucho, jak&hellip;&nbsp;<a href=\"https:\/\/liquidmaster.pl\/en\/innovacar-sc5-tire-dressing-500ml-dressing-do-opon\/\" rel=\"bookmark\">Read More \u00bb<span class=\"screen-reader-text\">Innovacar SC5 Tire Dressing 500ml \u2013 tire dressing<\/span><\/a><\/p>","protected":false},"featured_media":1848048,"comment_status":"open","ping_status":"open","template":"","meta":{"neve_meta_sidebar":"","neve_meta_container":"","neve_meta_enable_content_width":"","neve_meta_content_width":0,"neve_meta_title_alignment":"","neve_meta_author_avatar":"","neve_post_elements_order":"","neve_meta_disable_header":"","neve_meta_disable_footer":"","neve_meta_disable_title":"","_themeisle_gutenberg_block_has_review":false},"product_brand":[],"product_cat":[765,745,733],"product_tag":[310],"class_list":{"0":"post-1805321","1":"product","2":"type-product","3":"status-publish","4":"has-post-thumbnail","6":"product_cat-dressingi","7":"product_cat-kola-i-opony","8":"product_cat-na-zewnatrz","9":"product_tag-innovacar","11":"first","12":"instock","13":"taxable","14":"shipping-taxable","15":"purchasable","16":"product-type-simple"},"_links":{"self":[{"href":"https:\/\/liquidmaster.pl\/en\/wp-json\/wp\/v2\/product\/1805321","targetHints":{"allow":["GET"]}}],"collection":[{"href":"https:\/\/liquidmaster.pl\/en\/wp-json\/wp\/v2\/product"}],"about":[{"href":"https:\/\/liquidmaster.pl\/en\/wp-json\/wp\/v2\/types\/product"}],"replies":[{"embeddable":true,"href":"https:\/\/liquidmaster.pl\/en\/wp-json\/wp\/v2\/comments?post=1805321"}],"wp:featuredmedia":[{"embeddable":true,"href":"https:\/\/liquidmaster.pl\/en\/wp-json\/wp\/v2\/media\/1848048"}],"wp:attachment":[{"href":"https:\/\/liquidmaster.pl\/en\/wp-json\/wp\/v2\/media?parent=1805321"}],"wp:term":[{"taxonomy":"product_brand","embeddable":true,"href":"https:\/\/liquidmaster.pl\/en\/wp-json\/wp\/v2\/product_brand?post=1805321"},{"taxonomy":"product_cat","embeddable":true,"href":"https:\/\/liquidmaster.pl\/en\/wp-json\/wp\/v2\/product_cat?post=1805321"},{"taxonomy":"product_tag","embeddable":true,"href":"https:\/\/liquidmaster.pl\/en\/wp-json\/wp\/v2\/product_tag?post=1805321"}],"curies":[{"name":"wp","href":"https:\/\/api.w.org\/{rel}","templated":true}]}}