{"id":1805310,"date":"2025-03-28T15:26:04","date_gmt":"2025-03-28T13:26:04","guid":{"rendered":"https:\/\/liquidmaster.pl\/foen-soul-large-perfumy-samochodowe-450ml\/"},"modified":"2026-04-18T04:34:48","modified_gmt":"2026-04-18T02:34:48","slug":"foen-soul-large-perfumy-samochodowe-450ml","status":"publish","type":"product","link":"https:\/\/liquidmaster.pl\/en\/foen-soul-large-perfumy-samochodowe-450ml\/","title":{"rendered":"Foen Soul Large \u2013 car perfume 450ml"},"content":{"rendered":"<p>Listen deep inside yourself and reach for a scent that will soothe your soul like no other and provide you with a feeling of unique harmony. Foen Soul is a unique composition that begins with the atmosphere of sunny citrus fruits, and after a while it leads you to the aroma of rose immersed in amber. The culmination of the whole will be an incredibly sensual musk surrounded by flowers that will enchant your senses with a wealth of sensations.<\/p>\n<p>Base note: flowers<\/p>\n<p>Flowers are undoubtedly the most popular, but also the most beloved ingredient in perfumes. The appropriate combination of species allows you to achieve the desired effect: gentleness, sweetness or sensuality. Our composition is dominated by delicate, floral accents, enriched with a note of very sensual musk.<\/p>","protected":false},"excerpt":{"rendered":"<p>Ws\u0142uchaj si\u0119 w g\u0142\u0105b siebie i si\u0119gnij po zapach, kt\u00f3ry jak \u017caden inny ukoi Twoj\u0105 dusz\u0119 i zapewni Ci uczucie wyj\u0105tkowej harmonii. Foen Soul to niepowtarzalna kompozycja, kt\u00f3ra rozpoczyna si\u0119 klimatem s\u0142onecznych cytrus\u00f3w, by po chwili poprowadzi\u0107 Ci\u0119 ku aromatowi zatopionej w bursztynach r\u00f3\u017cy. Zwie\u0144czeniem ca\u0142o\u015bci b\u0119dzie niesamowicie zmys\u0142owe pi\u017cmo w otoczeniu kwiat\u00f3w, kt\u00f3re oczaruj\u0105&hellip;&nbsp;<a href=\"https:\/\/liquidmaster.pl\/en\/foen-soul-large-perfumy-samochodowe-450ml\/\" rel=\"bookmark\">Read More \u00bb<span class=\"screen-reader-text\">Foen Soul Large \u2013 car perfume 450ml<\/span><\/a><\/p>","protected":false},"featured_media":1848040,"comment_status":"open","ping_status":"open","template":"","meta":{"neve_meta_sidebar":"","neve_meta_container":"","neve_meta_enable_content_width":"","neve_meta_content_width":0,"neve_meta_title_alignment":"","neve_meta_author_avatar":"","neve_post_elements_order":"","neve_meta_disable_header":"","neve_meta_disable_footer":"","neve_meta_disable_title":"","_themeisle_gutenberg_block_has_review":false},"product_brand":[],"product_cat":[801,802,768],"product_tag":[294],"class_list":{"0":"post-1805310","1":"product","2":"type-product","3":"status-publish","4":"has-post-thumbnail","6":"product_cat-odswiezacze-powietrza","7":"product_cat-perfumy-i-spraye","8":"product_cat-wnetrze-auta","9":"product_tag-foen","11":"first","12":"instock","13":"taxable","14":"shipping-taxable","15":"purchasable","16":"product-type-simple"},"_links":{"self":[{"href":"https:\/\/liquidmaster.pl\/en\/wp-json\/wp\/v2\/product\/1805310","targetHints":{"allow":["GET"]}}],"collection":[{"href":"https:\/\/liquidmaster.pl\/en\/wp-json\/wp\/v2\/product"}],"about":[{"href":"https:\/\/liquidmaster.pl\/en\/wp-json\/wp\/v2\/types\/product"}],"replies":[{"embeddable":true,"href":"https:\/\/liquidmaster.pl\/en\/wp-json\/wp\/v2\/comments?post=1805310"}],"wp:featuredmedia":[{"embeddable":true,"href":"https:\/\/liquidmaster.pl\/en\/wp-json\/wp\/v2\/media\/1848040"}],"wp:attachment":[{"href":"https:\/\/liquidmaster.pl\/en\/wp-json\/wp\/v2\/media?parent=1805310"}],"wp:term":[{"taxonomy":"product_brand","embeddable":true,"href":"https:\/\/liquidmaster.pl\/en\/wp-json\/wp\/v2\/product_brand?post=1805310"},{"taxonomy":"product_cat","embeddable":true,"href":"https:\/\/liquidmaster.pl\/en\/wp-json\/wp\/v2\/product_cat?post=1805310"},{"taxonomy":"product_tag","embeddable":true,"href":"https:\/\/liquidmaster.pl\/en\/wp-json\/wp\/v2\/product_tag?post=1805310"}],"curies":[{"name":"wp","href":"https:\/\/api.w.org\/{rel}","templated":true}]}}