{"id":1805309,"date":"2025-03-28T15:26:04","date_gmt":"2025-03-28T13:26:04","guid":{"rendered":"https:\/\/liquidmaster.pl\/odk-exhibit-gloss-enhancer-500ml-uniwersalny-produkt-nadajacy-polysk\/"},"modified":"2026-04-18T04:26:37","modified_gmt":"2026-04-18T02:26:37","slug":"odk-exhibit-gloss-enhancer-500ml-uniwersalny-produkt-nadajacy-polysk","status":"publish","type":"product","link":"https:\/\/liquidmaster.pl\/en\/odk-exhibit-gloss-enhancer-500ml-uniwersalny-produkt-nadajacy-polysk\/","title":{"rendered":"ODK Exhibit Gloss Enhancer 500ml - a universal product that gives shine"},"content":{"rendered":"<p>ODK Exhibit Gloss Enhancer \u2013 a universal product that gives a high gloss. Exhibit provides several weeks of protection, which is a great way to rebuild the properties of protective coatings. With the intoxicating scent of rhubarb and raspberry, this is a must-try. Exhibit is easy to use and perfect for finishing paint.<\/p>\n<p>Capacity: 500 ml<\/p>","protected":false},"excerpt":{"rendered":"<p>ODK Exhibit Gloss Enhancer \u2013 uniwersalny produkt nadaj\u0105cy wysoki po\u0142ysk. Exhibit zapewnia kilkutygodniow\u0105 ochron\u0119, co jest \u015bwietnym sposobem na odbudowanie w\u0142a\u015bciwo\u015bci pow\u0142ok ochronnych. Z osza\u0142amiaj\u0105cym zapachem rabarbaru i maliny jest to pozycja obowi\u0105zkowa. Exhibit jest \u0142atwy w u\u017cyciu i doskonale nadaje si\u0119 do wyko\u0144czenia lakieru. Pojemno\u015b\u0107: 500 ml<\/p>","protected":false},"featured_media":1847203,"comment_status":"open","ping_status":"open","template":"","meta":{"neve_meta_sidebar":"","neve_meta_container":"","neve_meta_enable_content_width":"","neve_meta_content_width":0,"neve_meta_title_alignment":"","neve_meta_author_avatar":"","neve_post_elements_order":"","neve_meta_disable_header":"","neve_meta_disable_footer":"","neve_meta_disable_title":"","_themeisle_gutenberg_block_has_review":false},"product_brand":[],"product_cat":[733,766,767],"product_tag":[337],"class_list":{"0":"post-1805309","1":"product","2":"type-product","3":"status-publish","4":"has-post-thumbnail","6":"product_cat-na-zewnatrz","7":"product_cat-ochrona-lakieru","8":"product_cat-quick-detailery","9":"product_tag-odk","11":"first","12":"instock","13":"taxable","14":"shipping-taxable","15":"purchasable","16":"product-type-simple"},"_links":{"self":[{"href":"https:\/\/liquidmaster.pl\/en\/wp-json\/wp\/v2\/product\/1805309","targetHints":{"allow":["GET"]}}],"collection":[{"href":"https:\/\/liquidmaster.pl\/en\/wp-json\/wp\/v2\/product"}],"about":[{"href":"https:\/\/liquidmaster.pl\/en\/wp-json\/wp\/v2\/types\/product"}],"replies":[{"embeddable":true,"href":"https:\/\/liquidmaster.pl\/en\/wp-json\/wp\/v2\/comments?post=1805309"}],"wp:featuredmedia":[{"embeddable":true,"href":"https:\/\/liquidmaster.pl\/en\/wp-json\/wp\/v2\/media\/1847203"}],"wp:attachment":[{"href":"https:\/\/liquidmaster.pl\/en\/wp-json\/wp\/v2\/media?parent=1805309"}],"wp:term":[{"taxonomy":"product_brand","embeddable":true,"href":"https:\/\/liquidmaster.pl\/en\/wp-json\/wp\/v2\/product_brand?post=1805309"},{"taxonomy":"product_cat","embeddable":true,"href":"https:\/\/liquidmaster.pl\/en\/wp-json\/wp\/v2\/product_cat?post=1805309"},{"taxonomy":"product_tag","embeddable":true,"href":"https:\/\/liquidmaster.pl\/en\/wp-json\/wp\/v2\/product_tag?post=1805309"}],"curies":[{"name":"wp","href":"https:\/\/api.w.org\/{rel}","templated":true}]}}