{"id":1805303,"date":"2025-03-28T15:24:46","date_gmt":"2025-03-28T13:24:46","guid":{"rendered":"https:\/\/liquidmaster.pl\/foen-glamour-large-perfumy-samochodowe-450ml\/"},"modified":"2026-04-20T08:14:06","modified_gmt":"2026-04-20T06:14:06","slug":"foen-glamour-large-perfumy-samochodowe-450ml","status":"publish","type":"product","link":"https:\/\/liquidmaster.pl\/en\/foen-glamour-large-perfumy-samochodowe-450ml\/","title":{"rendered":"Foen Glamour Large \u2013 car perfume 450ml"},"content":{"rendered":"<p>Sweet fragrance line<\/p>\n<p>Delicate accents bring to mind a safe home and places where you can feel comfortable. Sweetness enclosed in an ethereal form creates a pleasant aroma that will fill the interior of your car, house, apartment or office. Sweet fragrance tones promote concentration and relaxation.<\/p>\n<p>Glamor interior perfume<\/p>\n<p>Charm and style are two symbols of a modern woman, as well as the main theme of the Foen Glamor interior fragrance. The dance begins with citrus fruits with a sharper note of pepper and nutmeg, and then the whole thing turns into more subtle and sweeter floral tones with the addition of vanilla and cedarwood. The whole is complemented by musk, which adds a seductive character to the composition, emanating sensuality and feminine energy.<\/p>","protected":false},"excerpt":{"rendered":"<p>Linia zapachowa Sweet Delikatne akcenty przywodz\u0105 na my\u015bl bezpieczny dom i miejsca, w kt\u00f3rych mo\u017cesz poczu\u0107 si\u0119 komfortowo. S\u0142odycz zamkni\u0119ta w eterycznej formie tworzy przyjemny aromat, kt\u00f3ry wype\u0142ni wn\u0119trze Twojego samochodu, domu, mieszkania lub biura. S\u0142odkie tonacje zapachowe sprzyjaj\u0105 zachowaniu koncentracji i wej\u015bciu w stan relaksu. Perfumy do wn\u0119trz Glamour Urok i styl to dwa&hellip;&nbsp;<a href=\"https:\/\/liquidmaster.pl\/en\/foen-glamour-large-perfumy-samochodowe-450ml\/\" rel=\"bookmark\">Read More \u00bb<span class=\"screen-reader-text\">Foen Glamour Large \u2013 car perfume 450ml<\/span><\/a><\/p>","protected":false},"featured_media":1848038,"comment_status":"open","ping_status":"open","template":"","meta":{"neve_meta_sidebar":"","neve_meta_container":"","neve_meta_enable_content_width":"","neve_meta_content_width":0,"neve_meta_title_alignment":"","neve_meta_author_avatar":"","neve_post_elements_order":"","neve_meta_disable_header":"","neve_meta_disable_footer":"","neve_meta_disable_title":"","_themeisle_gutenberg_block_has_review":false},"product_brand":[],"product_cat":[801,802,768],"product_tag":[294],"class_list":{"0":"post-1805303","1":"product","2":"type-product","3":"status-publish","4":"has-post-thumbnail","6":"product_cat-odswiezacze-powietrza","7":"product_cat-perfumy-i-spraye","8":"product_cat-wnetrze-auta","9":"product_tag-foen","11":"first","12":"instock","13":"taxable","14":"shipping-taxable","15":"purchasable","16":"product-type-simple"},"_links":{"self":[{"href":"https:\/\/liquidmaster.pl\/en\/wp-json\/wp\/v2\/product\/1805303","targetHints":{"allow":["GET"]}}],"collection":[{"href":"https:\/\/liquidmaster.pl\/en\/wp-json\/wp\/v2\/product"}],"about":[{"href":"https:\/\/liquidmaster.pl\/en\/wp-json\/wp\/v2\/types\/product"}],"replies":[{"embeddable":true,"href":"https:\/\/liquidmaster.pl\/en\/wp-json\/wp\/v2\/comments?post=1805303"}],"wp:featuredmedia":[{"embeddable":true,"href":"https:\/\/liquidmaster.pl\/en\/wp-json\/wp\/v2\/media\/1848038"}],"wp:attachment":[{"href":"https:\/\/liquidmaster.pl\/en\/wp-json\/wp\/v2\/media?parent=1805303"}],"wp:term":[{"taxonomy":"product_brand","embeddable":true,"href":"https:\/\/liquidmaster.pl\/en\/wp-json\/wp\/v2\/product_brand?post=1805303"},{"taxonomy":"product_cat","embeddable":true,"href":"https:\/\/liquidmaster.pl\/en\/wp-json\/wp\/v2\/product_cat?post=1805303"},{"taxonomy":"product_tag","embeddable":true,"href":"https:\/\/liquidmaster.pl\/en\/wp-json\/wp\/v2\/product_tag?post=1805303"}],"curies":[{"name":"wp","href":"https:\/\/api.w.org\/{rel}","templated":true}]}}