{"id":1805299,"date":"2025-03-28T15:24:37","date_gmt":"2025-03-28T13:24:37","guid":{"rendered":"https:\/\/liquidmaster.pl\/odk-encore-interior-cleaner-500ml-uniwersalny-srodek-do-czyszczenia-wnetrz\/"},"modified":"2026-04-18T04:26:36","modified_gmt":"2026-04-18T02:26:36","slug":"odk-encore-interior-cleaner-500ml-uniwersalny-srodek-do-czyszczenia-wnetrz","status":"publish","type":"product","link":"https:\/\/liquidmaster.pl\/en\/odk-encore-interior-cleaner-500ml-uniwersalny-srodek-do-czyszczenia-wnetrz\/","title":{"rendered":"ODK Encore Interior Cleaner 500ml - universal interior cleaner"},"content":{"rendered":"<p>ODK Encore Interior Cleaner \u2013 universal interior cleaner, suitable for all surfaces inside the vehicle, from fabrics to plastics. Encore contains powerful biocides that will help kill and remove mold, odor and bacteria from your vehicle&#039;s interior. Use neat or diluted up to 5:1.<\/p>\n<p>Capacity: 500 ml<\/p>","protected":false},"excerpt":{"rendered":"<p>ODK Encore Interior Cleaner \u2013 uniwersalny \u015brodek do czyszczenia wn\u0119trz, odpowiedni do wszystkich powierzchni wewn\u0105trz pojazdu, od tkanin po tworzywa sztuczne. Encore zawiera silne biocydy, kt\u00f3re pomog\u0105 zabi\u0107 i usun\u0105\u0107 ple\u015b\u0144, zapach i bakterie z wn\u0119trza pojazdu. Stosowa\u0107 w stanie czystym lub w rozcie\u0144czeniu do 5:1. Pojemno\u015b\u0107: 500 ml<\/p>","protected":false},"featured_media":1847194,"comment_status":"open","ping_status":"open","template":"","meta":{"neve_meta_sidebar":"","neve_meta_container":"","neve_meta_enable_content_width":"","neve_meta_content_width":0,"neve_meta_title_alignment":"","neve_meta_author_avatar":"","neve_post_elements_order":"","neve_meta_disable_header":"","neve_meta_disable_footer":"","neve_meta_disable_title":"","_themeisle_gutenberg_block_has_review":false},"product_brand":[],"product_cat":[804,795,768],"product_tag":[337],"class_list":{"0":"post-1805299","1":"product","2":"type-product","3":"status-publish","4":"has-post-thumbnail","6":"product_cat-czyszczenie-plastikow-wewnetrznych","7":"product_cat-plastiki-wewnetrzne","8":"product_cat-wnetrze-auta","9":"product_tag-odk","10":"pa_promocja-promocje","12":"first","13":"instock","14":"taxable","15":"shipping-taxable","16":"purchasable","17":"product-type-simple"},"_links":{"self":[{"href":"https:\/\/liquidmaster.pl\/en\/wp-json\/wp\/v2\/product\/1805299","targetHints":{"allow":["GET"]}}],"collection":[{"href":"https:\/\/liquidmaster.pl\/en\/wp-json\/wp\/v2\/product"}],"about":[{"href":"https:\/\/liquidmaster.pl\/en\/wp-json\/wp\/v2\/types\/product"}],"replies":[{"embeddable":true,"href":"https:\/\/liquidmaster.pl\/en\/wp-json\/wp\/v2\/comments?post=1805299"}],"wp:featuredmedia":[{"embeddable":true,"href":"https:\/\/liquidmaster.pl\/en\/wp-json\/wp\/v2\/media\/1847194"}],"wp:attachment":[{"href":"https:\/\/liquidmaster.pl\/en\/wp-json\/wp\/v2\/media?parent=1805299"}],"wp:term":[{"taxonomy":"product_brand","embeddable":true,"href":"https:\/\/liquidmaster.pl\/en\/wp-json\/wp\/v2\/product_brand?post=1805299"},{"taxonomy":"product_cat","embeddable":true,"href":"https:\/\/liquidmaster.pl\/en\/wp-json\/wp\/v2\/product_cat?post=1805299"},{"taxonomy":"product_tag","embeddable":true,"href":"https:\/\/liquidmaster.pl\/en\/wp-json\/wp\/v2\/product_tag?post=1805299"}],"curies":[{"name":"wp","href":"https:\/\/api.w.org\/{rel}","templated":true}]}}