{"id":1805284,"date":"2025-03-28T15:24:04","date_gmt":"2025-03-28T13:24:04","guid":{"rendered":"https:\/\/liquidmaster.pl\/california-scents-sacramento-apple\/"},"modified":"2026-04-18T04:34:44","modified_gmt":"2026-04-18T02:34:44","slug":"california-scents-sacramento-apple","status":"publish","type":"product","link":"https:\/\/liquidmaster.pl\/en\/california-scents-sacramento-apple-puszka-zapachowa-do-auta-jablko-42g\/","title":{"rendered":"California Scents Sacramento Apple &#8211; puszka zapachowa do auta jab\u0142ko 42g"},"content":{"rendered":"<p>California Scents<\/p>\n<p>3 cedar wood blocks filled to the brim with fragrance oils will effectively fill the car with your favorite scent. The aesthetic can will certainly find a place, and its fan closure will effectively dose the amount of fragrance that is to enter the car. Made in the USA, they last up to 60 days after opening!<\/p>\n<p>Weight: 42g<\/p>\n<p>Fragrance: Sacramento Apple<\/p>","protected":false},"excerpt":{"rendered":"<p>California Scents 3 bloczki z drzewa cedrowego po brzegi wype\u0142nione olejkami zapachowymi skutecznie wype\u0142ni\u0105 samoch\u00f3d Twoim ulubionym zapachem. Estetyczna puszeczka z pewno\u015bci\u0105 znajdzie na siebie miejsce, a jej zamkni\u0119cie w postaci wiatraczka skutecznie pozwoli dozowa\u0107 ilo\u015b\u0107 zapachu, kt\u00f3ra ma przedosta\u0107 si\u0119 do samochodu. Wyprodukowane w USA, wytrzymuj\u0105 nawet do 60 dni po otwarciu! Waga:\u00a042g Zapach:\u00a0Sacramento&hellip;&nbsp;<a href=\"https:\/\/liquidmaster.pl\/en\/california-scents-sacramento-apple-puszka-zapachowa-do-auta-jablko-42g\/\" rel=\"bookmark\">Read More \u00bb<span class=\"screen-reader-text\">California Scents Sacramento Apple &#8211; puszka zapachowa do auta jab\u0142ko 42g<\/span><\/a><\/p>","protected":false},"featured_media":1848023,"comment_status":"open","ping_status":"open","template":"","meta":{"neve_meta_sidebar":"","neve_meta_container":"","neve_meta_enable_content_width":"","neve_meta_content_width":0,"neve_meta_title_alignment":"","neve_meta_author_avatar":"","neve_post_elements_order":"","neve_meta_disable_header":"","neve_meta_disable_footer":"","neve_meta_disable_title":"","_themeisle_gutenberg_block_has_review":false},"product_brand":[],"product_cat":[801,802,768],"product_tag":[272],"class_list":{"0":"post-1805284","1":"product","2":"type-product","3":"status-publish","4":"has-post-thumbnail","6":"product_cat-odswiezacze-powietrza","7":"product_cat-perfumy-i-spraye","8":"product_cat-wnetrze-auta","9":"product_tag-california-scents","11":"first","12":"outofstock","13":"taxable","14":"shipping-taxable","15":"purchasable","16":"product-type-simple"},"_links":{"self":[{"href":"https:\/\/liquidmaster.pl\/en\/wp-json\/wp\/v2\/product\/1805284","targetHints":{"allow":["GET"]}}],"collection":[{"href":"https:\/\/liquidmaster.pl\/en\/wp-json\/wp\/v2\/product"}],"about":[{"href":"https:\/\/liquidmaster.pl\/en\/wp-json\/wp\/v2\/types\/product"}],"replies":[{"embeddable":true,"href":"https:\/\/liquidmaster.pl\/en\/wp-json\/wp\/v2\/comments?post=1805284"}],"wp:featuredmedia":[{"embeddable":true,"href":"https:\/\/liquidmaster.pl\/en\/wp-json\/wp\/v2\/media\/1848023"}],"wp:attachment":[{"href":"https:\/\/liquidmaster.pl\/en\/wp-json\/wp\/v2\/media?parent=1805284"}],"wp:term":[{"taxonomy":"product_brand","embeddable":true,"href":"https:\/\/liquidmaster.pl\/en\/wp-json\/wp\/v2\/product_brand?post=1805284"},{"taxonomy":"product_cat","embeddable":true,"href":"https:\/\/liquidmaster.pl\/en\/wp-json\/wp\/v2\/product_cat?post=1805284"},{"taxonomy":"product_tag","embeddable":true,"href":"https:\/\/liquidmaster.pl\/en\/wp-json\/wp\/v2\/product_tag?post=1805284"}],"curies":[{"name":"wp","href":"https:\/\/api.w.org\/{rel}","templated":true}]}}