{"id":1805283,"date":"2025-03-28T15:24:04","date_gmt":"2025-03-28T13:24:04","guid":{"rendered":"https:\/\/liquidmaster.pl\/odk-breakdown-citrus-pre-wash-500ml-produkt-do-mycia-wstepnego\/"},"modified":"2026-04-20T08:04:59","modified_gmt":"2026-04-20T06:04:59","slug":"odk-breakdown-citrus-pre-wash-500ml-produkt-do-mycia-wstepnego","status":"publish","type":"product","link":"https:\/\/liquidmaster.pl\/en\/odk-breakdown-citrus-pre-wash-500ml-produkt-do-mycia-wstepnego\/","title":{"rendered":"ODK Breakdown Citrus Pre Wash 500ml - product for pre-washing"},"content":{"rendered":"<p>ODK Breakdown Citrus Pre Wash \u2013 a completely new formula, completely reworked to provide a more thorough clean. Breakdown is a citrus-based pre-wash product that provides a stronger, better clean. Can be diluted in a pump sprayer or with an active foam lance.<\/p>\n<p>Capacity: 500 ml<\/p>","protected":false},"excerpt":{"rendered":"<p>ODK Breakdown Citrus Pre Wash \u2013 ca\u0142kowicie nowa formu\u0142a, ca\u0142kowicie przerobiona, aby zapewni\u0107 dok\u0142adniejsze czyszczenie. Breakdown to produkt stworzony do mycia wst\u0119pnego na bazie cytrus\u00f3w, kt\u00f3re zapewnia mocniejsze i lepsze czyszczenie. Mo\u017cna rozcie\u0144cza\u0107 w opryskiwaczu z pompk\u0105 lub za pomoc\u0105 lancy do piany aktywnej. Pojemno\u015b\u0107: 500 ml<\/p>","protected":false},"featured_media":1847184,"comment_status":"open","ping_status":"open","template":"","meta":{"neve_meta_sidebar":"","neve_meta_container":"","neve_meta_enable_content_width":"","neve_meta_content_width":0,"neve_meta_title_alignment":"","neve_meta_author_avatar":"","neve_post_elements_order":"","neve_meta_disable_header":"","neve_meta_disable_footer":"","neve_meta_disable_title":"","_themeisle_gutenberg_block_has_review":false},"product_brand":[],"product_cat":[734,733],"product_tag":[337],"class_list":{"0":"post-1805283","1":"product","2":"type-product","3":"status-publish","4":"has-post-thumbnail","6":"product_cat-mycie-i-osuszanie","7":"product_cat-na-zewnatrz","8":"product_tag-odk","10":"first","11":"instock","12":"taxable","13":"shipping-taxable","14":"purchasable","15":"product-type-simple"},"_links":{"self":[{"href":"https:\/\/liquidmaster.pl\/en\/wp-json\/wp\/v2\/product\/1805283","targetHints":{"allow":["GET"]}}],"collection":[{"href":"https:\/\/liquidmaster.pl\/en\/wp-json\/wp\/v2\/product"}],"about":[{"href":"https:\/\/liquidmaster.pl\/en\/wp-json\/wp\/v2\/types\/product"}],"replies":[{"embeddable":true,"href":"https:\/\/liquidmaster.pl\/en\/wp-json\/wp\/v2\/comments?post=1805283"}],"wp:featuredmedia":[{"embeddable":true,"href":"https:\/\/liquidmaster.pl\/en\/wp-json\/wp\/v2\/media\/1847184"}],"wp:attachment":[{"href":"https:\/\/liquidmaster.pl\/en\/wp-json\/wp\/v2\/media?parent=1805283"}],"wp:term":[{"taxonomy":"product_brand","embeddable":true,"href":"https:\/\/liquidmaster.pl\/en\/wp-json\/wp\/v2\/product_brand?post=1805283"},{"taxonomy":"product_cat","embeddable":true,"href":"https:\/\/liquidmaster.pl\/en\/wp-json\/wp\/v2\/product_cat?post=1805283"},{"taxonomy":"product_tag","embeddable":true,"href":"https:\/\/liquidmaster.pl\/en\/wp-json\/wp\/v2\/product_tag?post=1805283"}],"curies":[{"name":"wp","href":"https:\/\/api.w.org\/{rel}","templated":true}]}}