{"id":1805273,"date":"2025-03-28T15:22:38","date_gmt":"2025-03-28T13:22:38","guid":{"rendered":"https:\/\/liquidmaster.pl\/odk-arctic-pure-snow-foam-500ml-neutralna-piana-aktywna\/"},"modified":"2026-04-19T03:12:52","modified_gmt":"2026-04-19T01:12:52","slug":"odk-arctic-pure-snow-foam-500ml-neutralna-piana-aktywna","status":"publish","type":"product","link":"https:\/\/liquidmaster.pl\/en\/odk-arctic-pure-snow-foam-500ml-neutralna-piana-aktywna\/","title":{"rendered":"ODK Arctic Pure Snow Foam 500ml - neutral active foam"},"content":{"rendered":"<p>ODK Arctic Pure Snow Foam \u2013 is a highly concentrated foam that helps soften and remove dirt and debris from your vehicle. Arctic is designed to be pH neutral and will not affect any wax or sealant already protecting the surface. Arctic can be used in a lance or with a pump sprayer.<\/p>\n<p>Usage:<\/p>\n<li>Add 30-80ml to your lance and fill with water.<\/li>\n<li>After applying, leave for 5-10 minutes (on hot days, less than 5 minutes depending on the temperature).<\/li>\n<li>Pressure wash, make sure you DO NOT leave the product to dry on the surface.<\/li>\n<p>Capacity: 500 ml<\/p>","protected":false},"excerpt":{"rendered":"<p>ODK Arctic Pure Snow Foam \u2013 jest wysoce skoncentrowan\u0105 pian\u0105, kt\u00f3ra pomaga zmi\u0119kczy\u0107 i usun\u0105\u0107 brud i zanieczyszczenia na Twoim poje\u017adzie. Arctic zosta\u0142 zaprojektowany tak, aby jego pH by\u0142o neutralne i nie wp\u0142ywa\u0142o na \u017caden wosk ani sealant ju\u017c chroni\u0105cy powierzchni\u0119. Arctic mo\u017ce by\u0107 u\u017cywany w lancy lub przez opryskiwacz z pompk\u0105. Spos\u00f3b u\u017cycia: Dodaj&hellip;&nbsp;<a href=\"https:\/\/liquidmaster.pl\/en\/odk-arctic-pure-snow-foam-500ml-neutralna-piana-aktywna\/\" rel=\"bookmark\">Read More \u00bb<span class=\"screen-reader-text\">ODK Arctic Pure Snow Foam 500ml - neutral active foam<\/span><\/a><\/p>","protected":false},"featured_media":1847177,"comment_status":"open","ping_status":"open","template":"","meta":{"neve_meta_sidebar":"","neve_meta_container":"","neve_meta_enable_content_width":"","neve_meta_content_width":0,"neve_meta_title_alignment":"","neve_meta_author_avatar":"","neve_post_elements_order":"","neve_meta_disable_header":"","neve_meta_disable_footer":"","neve_meta_disable_title":"","_themeisle_gutenberg_block_has_review":false},"product_brand":[],"product_cat":[734,733,753],"product_tag":[337],"class_list":{"0":"post-1805273","1":"product","2":"type-product","3":"status-publish","4":"has-post-thumbnail","6":"product_cat-mycie-i-osuszanie","7":"product_cat-na-zewnatrz","8":"product_cat-piany-aktywne-i-pianownice","9":"product_tag-odk","11":"first","12":"instock","13":"taxable","14":"shipping-taxable","15":"purchasable","16":"product-type-simple"},"_links":{"self":[{"href":"https:\/\/liquidmaster.pl\/en\/wp-json\/wp\/v2\/product\/1805273","targetHints":{"allow":["GET"]}}],"collection":[{"href":"https:\/\/liquidmaster.pl\/en\/wp-json\/wp\/v2\/product"}],"about":[{"href":"https:\/\/liquidmaster.pl\/en\/wp-json\/wp\/v2\/types\/product"}],"replies":[{"embeddable":true,"href":"https:\/\/liquidmaster.pl\/en\/wp-json\/wp\/v2\/comments?post=1805273"}],"wp:featuredmedia":[{"embeddable":true,"href":"https:\/\/liquidmaster.pl\/en\/wp-json\/wp\/v2\/media\/1847177"}],"wp:attachment":[{"href":"https:\/\/liquidmaster.pl\/en\/wp-json\/wp\/v2\/media?parent=1805273"}],"wp:term":[{"taxonomy":"product_brand","embeddable":true,"href":"https:\/\/liquidmaster.pl\/en\/wp-json\/wp\/v2\/product_brand?post=1805273"},{"taxonomy":"product_cat","embeddable":true,"href":"https:\/\/liquidmaster.pl\/en\/wp-json\/wp\/v2\/product_cat?post=1805273"},{"taxonomy":"product_tag","embeddable":true,"href":"https:\/\/liquidmaster.pl\/en\/wp-json\/wp\/v2\/product_tag?post=1805273"}],"curies":[{"name":"wp","href":"https:\/\/api.w.org\/{rel}","templated":true}]}}