{"id":1805251,"date":"2025-03-28T15:20:49","date_gmt":"2025-03-28T13:20:49","guid":{"rendered":"https:\/\/liquidmaster.pl\/cleantle-bug-off-25l-preparat-do-usuwania-owadow\/"},"modified":"2026-04-18T04:34:38","modified_gmt":"2026-04-18T02:34:38","slug":"cleantle-bug-off-25l-preparat-do-usuwania-owadow","status":"publish","type":"product","link":"https:\/\/liquidmaster.pl\/en\/cleantle-bug-off-25l-preparat-do-usuwania-owadow\/","title":{"rendered":"Cleantle Bug Off 25L - preparation for removing insects"},"content":{"rendered":"<\/p>\n<p>Cleantle Bug Off!\u00b2 \u2013 a safe preparation for removing insect and bird droppings from car bodywork. Its advanced formula allows you to easily, quickly and effectively clean the paint and other surfaces of your car from insect residues, which may permanently damage the structure of the paint.<\/p>\n<p>Bug Off!\u00b2 is safe for ceramic coatings. The product is easily biodegradable.<\/p>\n<ul>\n<li>does not contain sodium\/potassium hydroxide<\/li>\n<li>effectively removes insect residues<\/li>\n<li>safe for ceramic coatings<\/li>\n<li>not subject to CLP \u2013 no pitograms!<\/li>\n<li>long drying time<\/li>\n<\/ul>\n<p>Smell: Lemongrass scent<\/p>\n<p>Dilution:<\/p>\n<ul>\n<li>ready-to-use product<\/li>\n<li>you can dilute the product from 1:1 (1 L of product and 1 L of water) to 1:5 (100 ml of product and 500 ml of water) - less dirt, cars protected with waxes.<\/li>\n<\/ul>\n<p>Usage:<\/p>\n<li>Spray on a cool surface.<\/li>\n<li>Leave for about 60-120 seconds - do not allow it to dry.<\/li>\n<li>Rinse with water under pressure.<\/li>\n<p>Note: Do not apply in the sun or on hot surfaces. Don&#039;t let it dry out.<\/p>\n<p>Capacity: 25L<\/p>","protected":false},"excerpt":{"rendered":"<p>Cleantle Bug Off!\u00b2 \u2013 to bezpieczny preparat do usuwania pozosta\u0142o\u015bci po owadach i ptasich odchodach z karoserii samochodu. Jego zaawansowana formu\u0142a pozwala w \u0142atwy, szybki i skuteczny spos\u00f3b oczy\u015bci\u0107 lakier i inne powierzchnie Twojego auta z pozosta\u0142o\u015bci po owadach, kt\u00f3re w trwa\u0142y spos\u00f3b mog\u0105 naruszy\u0107 struktur\u0119 lakieru. Bug Off!\u00b2 jest bezpieczny dla pow\u0142ok ceramicznych. Produkt&hellip;&nbsp;<a href=\"https:\/\/liquidmaster.pl\/en\/cleantle-bug-off-25l-preparat-do-usuwania-owadow\/\" rel=\"bookmark\">Read More \u00bb<span class=\"screen-reader-text\">Cleantle Bug Off 25L - preparation for removing insects<\/span><\/a><\/p>","protected":false},"featured_media":1848004,"comment_status":"open","ping_status":"open","template":"","meta":{"neve_meta_sidebar":"","neve_meta_container":"","neve_meta_enable_content_width":"","neve_meta_content_width":0,"neve_meta_title_alignment":"","neve_meta_author_avatar":"","neve_post_elements_order":"","neve_meta_disable_header":"","neve_meta_disable_footer":"","neve_meta_disable_title":"","_themeisle_gutenberg_block_has_review":false},"product_brand":[],"product_cat":[743,733,754],"product_tag":[280],"class_list":{"0":"post-1805251","1":"product","2":"type-product","3":"status-publish","4":"has-post-thumbnail","6":"product_cat-dekontaminacja","7":"product_cat-na-zewnatrz","8":"product_cat-usuwanie-owadow","9":"product_tag-cleantech-cleantle","11":"first","12":"outofstock","13":"taxable","14":"shipping-taxable","15":"purchasable","16":"product-type-simple"},"_links":{"self":[{"href":"https:\/\/liquidmaster.pl\/en\/wp-json\/wp\/v2\/product\/1805251","targetHints":{"allow":["GET"]}}],"collection":[{"href":"https:\/\/liquidmaster.pl\/en\/wp-json\/wp\/v2\/product"}],"about":[{"href":"https:\/\/liquidmaster.pl\/en\/wp-json\/wp\/v2\/types\/product"}],"replies":[{"embeddable":true,"href":"https:\/\/liquidmaster.pl\/en\/wp-json\/wp\/v2\/comments?post=1805251"}],"wp:featuredmedia":[{"embeddable":true,"href":"https:\/\/liquidmaster.pl\/en\/wp-json\/wp\/v2\/media\/1848004"}],"wp:attachment":[{"href":"https:\/\/liquidmaster.pl\/en\/wp-json\/wp\/v2\/media?parent=1805251"}],"wp:term":[{"taxonomy":"product_brand","embeddable":true,"href":"https:\/\/liquidmaster.pl\/en\/wp-json\/wp\/v2\/product_brand?post=1805251"},{"taxonomy":"product_cat","embeddable":true,"href":"https:\/\/liquidmaster.pl\/en\/wp-json\/wp\/v2\/product_cat?post=1805251"},{"taxonomy":"product_tag","embeddable":true,"href":"https:\/\/liquidmaster.pl\/en\/wp-json\/wp\/v2\/product_tag?post=1805251"}],"curies":[{"name":"wp","href":"https:\/\/api.w.org\/{rel}","templated":true}]}}