{"id":1805243,"date":"2025-03-28T15:20:27","date_gmt":"2025-03-28T13:20:27","guid":{"rendered":"https:\/\/liquidmaster.pl\/good-stuff-interior-cleaner-500ml-produkt-do-czyszczenia-wnetrza\/"},"modified":"2026-04-18T04:34:37","modified_gmt":"2026-04-18T02:34:37","slug":"good-stuff-interior-cleaner-500ml-produkt-do-czyszczenia-wnetrza","status":"publish","type":"product","link":"https:\/\/liquidmaster.pl\/en\/good-stuff-interior-cleaner-500ml-produkt-do-czyszczenia-wnetrza\/","title":{"rendered":"Good Stuff Interior Cleaner 500ml - a product for cleaning the interior"},"content":{"rendered":"<p>Good Stuff Interior Cleaner \u2013 a ready-to-use product for cleaning various surfaces in the car, such as the cockpit, plastics or rubber. It easily removes dirt and dust, and is completely safe for the cleaned elements. It works best using microfiber, a dedicated brush or a glove for cleaning the car interior.<\/p>\n<p>Usage:<\/p>\n<li>Spray on microfiber, brush or surfaces and wipe dry.<\/li>\n<li>Spread the product onto the surfaces.<\/li>\n<li>Wipe dry.<\/li>\n<p>Capacity: 500 ml<\/p>\n<p>\u00a0<\/p>","protected":false},"excerpt":{"rendered":"<p>Good Stuff Interior Cleaner \u2013 gotowy do u\u017cycia produkt do czyszczenia r\u00f3\u017cnych powierzchni w samochodzie takich jak kokpit, plastiki, czy gumy. Z \u0142atwo\u015bci\u0105 usuwa brud oraz kurz, a przy tym jest ca\u0142kowicie bezpieczny dla czyszczonych element\u00f3w. Najlepiej sprawdza si\u0119 z u\u017cyciem mikrofibry, dedykowanego p\u0119dzelka lub r\u0119kawicy do piel\u0119gnacji wn\u0119trza samochodu. Spos\u00f3b u\u017cycia: Spryskaj mikrofibr\u0119, p\u0119dzelek&hellip;&nbsp;<a href=\"https:\/\/liquidmaster.pl\/en\/good-stuff-interior-cleaner-500ml-produkt-do-czyszczenia-wnetrza\/\" rel=\"bookmark\">Read More \u00bb<span class=\"screen-reader-text\">Good Stuff Interior Cleaner 500ml - a product for cleaning the interior<\/span><\/a><\/p>","protected":false},"featured_media":1847998,"comment_status":"open","ping_status":"open","template":"","meta":{"neve_meta_sidebar":"","neve_meta_container":"","neve_meta_enable_content_width":"","neve_meta_content_width":0,"neve_meta_title_alignment":"","neve_meta_author_avatar":"","neve_post_elements_order":"","neve_meta_disable_header":"","neve_meta_disable_footer":"","neve_meta_disable_title":"","_themeisle_gutenberg_block_has_review":false},"product_brand":[],"product_cat":[804,795,768],"product_tag":[300],"class_list":{"0":"post-1805243","1":"product","2":"type-product","3":"status-publish","4":"has-post-thumbnail","6":"product_cat-czyszczenie-plastikow-wewnetrznych","7":"product_cat-plastiki-wewnetrzne","8":"product_cat-wnetrze-auta","9":"product_tag-good-stuff","11":"first","12":"instock","13":"taxable","14":"shipping-taxable","15":"purchasable","16":"product-type-simple"},"_links":{"self":[{"href":"https:\/\/liquidmaster.pl\/en\/wp-json\/wp\/v2\/product\/1805243","targetHints":{"allow":["GET"]}}],"collection":[{"href":"https:\/\/liquidmaster.pl\/en\/wp-json\/wp\/v2\/product"}],"about":[{"href":"https:\/\/liquidmaster.pl\/en\/wp-json\/wp\/v2\/types\/product"}],"replies":[{"embeddable":true,"href":"https:\/\/liquidmaster.pl\/en\/wp-json\/wp\/v2\/comments?post=1805243"}],"wp:featuredmedia":[{"embeddable":true,"href":"https:\/\/liquidmaster.pl\/en\/wp-json\/wp\/v2\/media\/1847998"}],"wp:attachment":[{"href":"https:\/\/liquidmaster.pl\/en\/wp-json\/wp\/v2\/media?parent=1805243"}],"wp:term":[{"taxonomy":"product_brand","embeddable":true,"href":"https:\/\/liquidmaster.pl\/en\/wp-json\/wp\/v2\/product_brand?post=1805243"},{"taxonomy":"product_cat","embeddable":true,"href":"https:\/\/liquidmaster.pl\/en\/wp-json\/wp\/v2\/product_cat?post=1805243"},{"taxonomy":"product_tag","embeddable":true,"href":"https:\/\/liquidmaster.pl\/en\/wp-json\/wp\/v2\/product_tag?post=1805243"}],"curies":[{"name":"wp","href":"https:\/\/api.w.org\/{rel}","templated":true}]}}