{"id":1805237,"date":"2025-03-28T15:20:05","date_gmt":"2025-03-28T13:20:05","guid":{"rendered":"https:\/\/liquidmaster.pl\/zvizzer-uc1000-ultrafine-cut-green-750ml-wykonczeniowa-pasta-polerska\/"},"modified":"2026-04-18T04:34:36","modified_gmt":"2026-04-18T02:34:36","slug":"zvizzer-uc1000-ultrafine-cut-green-750ml-wykonczeniowa-pasta-polerska","status":"publish","type":"product","link":"https:\/\/liquidmaster.pl\/en\/zvizzer-uc1000-ultrafine-cut-green-750ml-wykonczeniowa-pasta-polerska\/","title":{"rendered":"ZviZZer UC1000 UltraFine Cut Green 750ml - finishing polish"},"content":{"rendered":"<p>ZviZZer UC1000 UltraFine Cut - is a finishing polishing paste that also provides paint protection based on polymer molecules that bind to the paint surface, providing protection and a beautiful shine.<\/p>\n<p>Thanks to its specific composition, it will allow you to correct swirls (circular micro-scratches) present on the paint in one step, give a very noticeable shine and protect the surface.<\/p>\n<p>The paste will therefore provide the varnish with hydrophobic protection and, to some extent, make it resistant to other factors that pose a threat to the varnish.<\/p>\n<p>Capacity: 750 ml<\/p>","protected":false},"excerpt":{"rendered":"<p>ZviZZer UC1000 UltraFine Cut \u2013 to wyko\u0144czeniowa pasta polerska, kt\u00f3ra zapewnia r\u00f3wnie\u017c ochron\u0119 lakieru bazuj\u0105c\u0105 na cz\u0105steczkach polimer\u00f3w, kt\u00f3re wi\u0105\u017c\u0105 si\u0119 z powierzchni\u0105 lakieru, zapewniaj\u0105c zabezpieczenie i pi\u0119kny po\u0142ysk. Dzi\u0119ki specyficznemu sk\u0142adowi w jednym kroku pozwoli skorygowa\u0107 swirle (koliste mikrozarysowania) obecne na lakierze, nada bardzo wyra\u017any po\u0142ysk, a tak\u017ce zabezpieczy powierzchni\u0119. Pasta zapewni tym samym&hellip;&nbsp;<a href=\"https:\/\/liquidmaster.pl\/en\/zvizzer-uc1000-ultrafine-cut-green-750ml-wykonczeniowa-pasta-polerska\/\" rel=\"bookmark\">Read More \u00bb<span class=\"screen-reader-text\">ZviZZer UC1000 UltraFine Cut Green 750ml - finishing polish<\/span><\/a><\/p>","protected":false},"featured_media":1847993,"comment_status":"open","ping_status":"open","template":"","meta":{"neve_meta_sidebar":"","neve_meta_container":"","neve_meta_enable_content_width":"","neve_meta_content_width":0,"neve_meta_title_alignment":"","neve_meta_author_avatar":"","neve_post_elements_order":"","neve_meta_disable_header":"","neve_meta_disable_footer":"","neve_meta_disable_title":"","_themeisle_gutenberg_block_has_review":false},"product_brand":[],"product_cat":[792,789,748],"product_tag":[386],"class_list":{"0":"post-1805237","1":"product","2":"type-product","3":"status-publish","4":"has-post-thumbnail","6":"product_cat-pasty-finishowe","7":"product_cat-pasty-polerskie","8":"product_cat-polerowanie","9":"product_tag-zvizzer","10":"pa_promocja-promocje","12":"first","13":"instock","14":"sale","15":"taxable","16":"shipping-taxable","17":"purchasable","18":"product-type-simple"},"_links":{"self":[{"href":"https:\/\/liquidmaster.pl\/en\/wp-json\/wp\/v2\/product\/1805237","targetHints":{"allow":["GET"]}}],"collection":[{"href":"https:\/\/liquidmaster.pl\/en\/wp-json\/wp\/v2\/product"}],"about":[{"href":"https:\/\/liquidmaster.pl\/en\/wp-json\/wp\/v2\/types\/product"}],"replies":[{"embeddable":true,"href":"https:\/\/liquidmaster.pl\/en\/wp-json\/wp\/v2\/comments?post=1805237"}],"wp:featuredmedia":[{"embeddable":true,"href":"https:\/\/liquidmaster.pl\/en\/wp-json\/wp\/v2\/media\/1847993"}],"wp:attachment":[{"href":"https:\/\/liquidmaster.pl\/en\/wp-json\/wp\/v2\/media?parent=1805237"}],"wp:term":[{"taxonomy":"product_brand","embeddable":true,"href":"https:\/\/liquidmaster.pl\/en\/wp-json\/wp\/v2\/product_brand?post=1805237"},{"taxonomy":"product_cat","embeddable":true,"href":"https:\/\/liquidmaster.pl\/en\/wp-json\/wp\/v2\/product_cat?post=1805237"},{"taxonomy":"product_tag","embeddable":true,"href":"https:\/\/liquidmaster.pl\/en\/wp-json\/wp\/v2\/product_tag?post=1805237"}],"curies":[{"name":"wp","href":"https:\/\/api.w.org\/{rel}","templated":true}]}}