{"id":1805223,"date":"2025-03-28T15:18:48","date_gmt":"2025-03-28T13:18:48","guid":{"rendered":"https:\/\/liquidmaster.pl\/zvizzer-trapez-green-80mm-zielona-gabka-polerska-wykanczajaca\/"},"modified":"2026-04-18T04:34:35","modified_gmt":"2026-04-18T02:34:35","slug":"zvizzer-trapez-green-80mm-zielona-gabka-polerska-wykanczajaca","status":"publish","type":"product","link":"https:\/\/liquidmaster.pl\/en\/zvizzer-trapez-green-80mm-zielona-gabka-polerska-wykanczajaca\/","title":{"rendered":"ZviZZer Trapez Green 80mm - green finishing polishing sponge"},"content":{"rendered":"<p>Ultra-soft polishing pad with very low abrasion, designed to remove small swirls and holograms and to extract maximum gloss.<\/p>\n<p>Features of ZviZZer Trapez pads:<\/p>\n<ul>\n<li>A central hole that reduces surface tension falls on machines that generate orbital or planetary motion.<\/li>\n<li>Milled edges at an angle of 45\u00b0. It is more difficult to damage the edge of the sponge and the machine is easier to guide.<\/li>\n<li>The trapezoidal shape allows for maximum stability of the machine during orbital (DA) or planetary motion.<\/li>\n<\/ul>\n<p>Dimensions: 90 \/ 25 \/ 80 mm<\/p>","protected":false},"excerpt":{"rendered":"<p>Pad polerski ultra mi\u0119kki o\u00a0 bardzo niskiej \u015bcieralno\u015bci, przeznaczony do usuwania drobnych swirli i hologram\u00f3w oraz do wydobycia maksymalnego po\u0142ysku. Cechy charakteryzuj\u0105ce pady ZviZZer Trapez: Otw\u00f3r centralny, kt\u00f3ry zmniejsza napi\u0119cie powierzchniowe pada przy maszynach, kt\u00f3re generuj\u0105 ruch orbitalny lub planetarny. Sfrezowane kraw\u0119dzie pod k\u0105tem 45\u00b0. Trudniej uszkodzi\u0107 kraw\u0119d\u017a g\u0105bki, a tak\u017ce u\u0142atwione jest prowadzenie maszyny.&hellip;&nbsp;<a href=\"https:\/\/liquidmaster.pl\/en\/zvizzer-trapez-green-80mm-zielona-gabka-polerska-wykanczajaca\/\" rel=\"bookmark\">Read More \u00bb<span class=\"screen-reader-text\">ZviZZer Trapez Green 80mm - green finishing polishing sponge<\/span><\/a><\/p>","protected":false},"featured_media":1847984,"comment_status":"open","ping_status":"open","template":"","meta":{"neve_meta_sidebar":"","neve_meta_container":"","neve_meta_enable_content_width":"","neve_meta_content_width":0,"neve_meta_title_alignment":"","neve_meta_author_avatar":"","neve_post_elements_order":"","neve_meta_disable_header":"","neve_meta_disable_footer":"","neve_meta_disable_title":"","_themeisle_gutenberg_block_has_review":false},"product_brand":[],"product_cat":[823,822,748],"product_tag":[386],"class_list":{"0":"post-1805223","1":"product","2":"type-product","3":"status-publish","4":"has-post-thumbnail","6":"product_cat-gabki-polerskie","7":"product_cat-pady-polerskie","8":"product_cat-polerowanie","9":"product_tag-zvizzer","10":"pa_promocja-promocje","12":"first","13":"instock","14":"sale","15":"taxable","16":"shipping-taxable","17":"purchasable","18":"product-type-simple"},"_links":{"self":[{"href":"https:\/\/liquidmaster.pl\/en\/wp-json\/wp\/v2\/product\/1805223","targetHints":{"allow":["GET"]}}],"collection":[{"href":"https:\/\/liquidmaster.pl\/en\/wp-json\/wp\/v2\/product"}],"about":[{"href":"https:\/\/liquidmaster.pl\/en\/wp-json\/wp\/v2\/types\/product"}],"replies":[{"embeddable":true,"href":"https:\/\/liquidmaster.pl\/en\/wp-json\/wp\/v2\/comments?post=1805223"}],"wp:featuredmedia":[{"embeddable":true,"href":"https:\/\/liquidmaster.pl\/en\/wp-json\/wp\/v2\/media\/1847984"}],"wp:attachment":[{"href":"https:\/\/liquidmaster.pl\/en\/wp-json\/wp\/v2\/media?parent=1805223"}],"wp:term":[{"taxonomy":"product_brand","embeddable":true,"href":"https:\/\/liquidmaster.pl\/en\/wp-json\/wp\/v2\/product_brand?post=1805223"},{"taxonomy":"product_cat","embeddable":true,"href":"https:\/\/liquidmaster.pl\/en\/wp-json\/wp\/v2\/product_cat?post=1805223"},{"taxonomy":"product_tag","embeddable":true,"href":"https:\/\/liquidmaster.pl\/en\/wp-json\/wp\/v2\/product_tag?post=1805223"}],"curies":[{"name":"wp","href":"https:\/\/api.w.org\/{rel}","templated":true}]}}