{"id":1805217,"date":"2025-03-28T15:18:26","date_gmt":"2025-03-28T13:18:26","guid":{"rendered":"https:\/\/liquidmaster.pl\/zvizzer-trapez-blue-150mm-niebieska-gabka-polerska-mocno-tnaca\/"},"modified":"2026-04-21T08:15:02","modified_gmt":"2026-04-21T06:15:02","slug":"zvizzer-trapez-blue-150mm-niebieska-gabka-polerska-mocno-tnaca","status":"publish","type":"product","link":"https:\/\/liquidmaster.pl\/en\/zvizzer-trapez-blue-150mm-niebieska-gabka-polerska-mocno-tnaca\/","title":{"rendered":"ZviZZer Trapez Blue 150mm - blue polishing sponge for strong cutting"},"content":{"rendered":"<p>Cutting polishing pad with very high abrasion, intended for removing heavy scratches, dullness and paint defects.<br \/>\nIt copes perfectly with matting caused by P1500 paper. The blue sponge made of innovative foam maintains high cutting properties throughout the polishing cycle.<\/p>\n<p>Features of ZviZZer Trapez pads:<\/p>\n<ul>\n<li>A central hole that reduces surface tension falls on machines that generate orbital or planetary motion.<\/li>\n<li>Milled edges at an angle of 45\u00b0. It is more difficult to damage the edge of the sponge and the machine is easier to guide.<\/li>\n<li>The trapezoidal shape allows for maximum stability of the machine during orbital (DA) or planetary motion.<\/li>\n<\/ul>\n<p>Dimensions: 160 \/ 25 \/ 150 mm<\/p>","protected":false},"excerpt":{"rendered":"<p>Pad polerski tn\u0105cy o bardzo wysokiej \u015bcieralno\u015bci, przeznaczony do usuwania ci\u0119\u017ckich zarysowa\u0144, zmatowie\u0144 oraz defekt\u00f3w lakierniczych. Doskonale radzi sobie ze zmatowieniami po papierze P1500. Niebieska g\u0105bka zbudowana z innowacyjnej pianki\u00a0 utrzymuje wysokie w\u0142a\u015bciwo\u015bci tn\u0105ce przez ca\u0142y cykl polerowania. Cechy charakteryzuj\u0105ce pady ZviZZer Trapez: Otw\u00f3r centralny, kt\u00f3ry zmniejsza napi\u0119cie powierzchniowe pada przy maszynach, kt\u00f3re generuj\u0105 ruch&hellip;&nbsp;<a href=\"https:\/\/liquidmaster.pl\/en\/zvizzer-trapez-blue-150mm-niebieska-gabka-polerska-mocno-tnaca\/\" rel=\"bookmark\">Read More \u00bb<span class=\"screen-reader-text\">ZviZZer Trapez Blue 150mm - blue polishing sponge for strong cutting<\/span><\/a><\/p>","protected":false},"featured_media":1847982,"comment_status":"open","ping_status":"open","template":"","meta":{"neve_meta_sidebar":"","neve_meta_container":"","neve_meta_enable_content_width":"","neve_meta_content_width":0,"neve_meta_title_alignment":"","neve_meta_author_avatar":"","neve_post_elements_order":"","neve_meta_disable_header":"","neve_meta_disable_footer":"","neve_meta_disable_title":"","_themeisle_gutenberg_block_has_review":false},"product_brand":[],"product_cat":[823,822,748],"product_tag":[386],"class_list":{"0":"post-1805217","1":"product","2":"type-product","3":"status-publish","4":"has-post-thumbnail","6":"product_cat-gabki-polerskie","7":"product_cat-pady-polerskie","8":"product_cat-polerowanie","9":"product_tag-zvizzer","10":"pa_promocja-promocje","12":"first","13":"instock","14":"sale","15":"taxable","16":"shipping-taxable","17":"purchasable","18":"product-type-simple"},"_links":{"self":[{"href":"https:\/\/liquidmaster.pl\/en\/wp-json\/wp\/v2\/product\/1805217","targetHints":{"allow":["GET"]}}],"collection":[{"href":"https:\/\/liquidmaster.pl\/en\/wp-json\/wp\/v2\/product"}],"about":[{"href":"https:\/\/liquidmaster.pl\/en\/wp-json\/wp\/v2\/types\/product"}],"replies":[{"embeddable":true,"href":"https:\/\/liquidmaster.pl\/en\/wp-json\/wp\/v2\/comments?post=1805217"}],"wp:featuredmedia":[{"embeddable":true,"href":"https:\/\/liquidmaster.pl\/en\/wp-json\/wp\/v2\/media\/1847982"}],"wp:attachment":[{"href":"https:\/\/liquidmaster.pl\/en\/wp-json\/wp\/v2\/media?parent=1805217"}],"wp:term":[{"taxonomy":"product_brand","embeddable":true,"href":"https:\/\/liquidmaster.pl\/en\/wp-json\/wp\/v2\/product_brand?post=1805217"},{"taxonomy":"product_cat","embeddable":true,"href":"https:\/\/liquidmaster.pl\/en\/wp-json\/wp\/v2\/product_cat?post=1805217"},{"taxonomy":"product_tag","embeddable":true,"href":"https:\/\/liquidmaster.pl\/en\/wp-json\/wp\/v2\/product_tag?post=1805217"}],"curies":[{"name":"wp","href":"https:\/\/api.w.org\/{rel}","templated":true}]}}