{"id":1805199,"date":"2025-03-28T15:16:50","date_gmt":"2025-03-28T13:16:50","guid":{"rendered":"https:\/\/liquidmaster.pl\/zvizzer-thermo-pad-red-125mm-czerwona-gabka-polerska-finiszowa\/"},"modified":"2026-04-18T04:34:32","modified_gmt":"2026-04-18T02:34:32","slug":"zvizzer-thermo-pad-red-125mm-czerwona-gabka-polerska-finiszowa","status":"publish","type":"product","link":"https:\/\/liquidmaster.pl\/en\/zvizzer-thermo-pad-red-125mm-czerwona-gabka-polerska-finiszowa\/","title":{"rendered":"ZviZZer Thermo Pad Red 125mm - red finishing sponge"},"content":{"rendered":"<p>Innovative, soft polishing pad from the ZviZZer PROFESSIONAL THERMO POLISHING SYSTEM series intended for DA and rotary machines. Created for finishing paint and removing small scratches and holograms. Made using the revolutionary THERMO technology from a sponge that is extremely resistant to high temperatures. Polishing pads from the THERMO series are 5-6 times more durable than standard pads.<\/p>\n<p>THERMO PAD does not lose its cutting properties under the influence of heat. It maintains a high level of cutting throughout the entire working period and does not soften during polishing. Thanks to this, it removes scratches from the surface extremely quickly and effectively and perfectly finishes the paint. Works perfectly with ZviZZer FC2000 and MC3000 paste. For professional use, we recommend THERMO HR6000 or THERMO OS3000.<\/p>\n<p>Innovative THERMO PAD&#039;Z technology:<\/p>\n<ul>\n<li>Thermostable structure of the THERMO PAD&#039;Z foam used<\/li>\n<li>Very high resistance to high temperature<\/li>\n<li>Stable and long-lasting cutting process<\/li>\n<li>Very high durability<\/li>\n<\/ul>\n<p>Dimensions: 140 \/ 20 \/ 125 mm<\/p>","protected":false},"excerpt":{"rendered":"<p>Innowacyjny, mi\u0119kki pad polerski z serii ZviZZer PROFESSIONAL THERMO POLISHING SYSTEM przeznaczony na maszyny DA oraz rotacyjne. Stworzony do wyko\u0144czenia lakieru i usuwania ma\u0142ych zarysowa\u0144 i hologram\u00f3w. Wykonany w rewolucyjnej technologii THERMO z g\u0105bki niezwykle odpornej na dzia\u0142anie wysokiej temperatury. Pady polerskie z serii THERMO s\u0105 5-6 razy bardziej trwa\u0142e od standardowych pad\u00f3w. THERMO PAD&hellip;&nbsp;<a href=\"https:\/\/liquidmaster.pl\/en\/zvizzer-thermo-pad-red-125mm-czerwona-gabka-polerska-finiszowa\/\" rel=\"bookmark\">Read More \u00bb<span class=\"screen-reader-text\">ZviZZer Thermo Pad Red 125mm - red finishing sponge<\/span><\/a><\/p>","protected":false},"featured_media":1847971,"comment_status":"open","ping_status":"open","template":"","meta":{"neve_meta_sidebar":"","neve_meta_container":"","neve_meta_enable_content_width":"","neve_meta_content_width":0,"neve_meta_title_alignment":"","neve_meta_author_avatar":"","neve_post_elements_order":"","neve_meta_disable_header":"","neve_meta_disable_footer":"","neve_meta_disable_title":"","_themeisle_gutenberg_block_has_review":false},"product_brand":[],"product_cat":[823,822,748],"product_tag":[386],"class_list":{"0":"post-1805199","1":"product","2":"type-product","3":"status-publish","4":"has-post-thumbnail","6":"product_cat-gabki-polerskie","7":"product_cat-pady-polerskie","8":"product_cat-polerowanie","9":"product_tag-zvizzer","10":"pa_promocja-promocje","12":"first","13":"instock","14":"sale","15":"taxable","16":"shipping-taxable","17":"purchasable","18":"product-type-simple"},"_links":{"self":[{"href":"https:\/\/liquidmaster.pl\/en\/wp-json\/wp\/v2\/product\/1805199","targetHints":{"allow":["GET"]}}],"collection":[{"href":"https:\/\/liquidmaster.pl\/en\/wp-json\/wp\/v2\/product"}],"about":[{"href":"https:\/\/liquidmaster.pl\/en\/wp-json\/wp\/v2\/types\/product"}],"replies":[{"embeddable":true,"href":"https:\/\/liquidmaster.pl\/en\/wp-json\/wp\/v2\/comments?post=1805199"}],"wp:featuredmedia":[{"embeddable":true,"href":"https:\/\/liquidmaster.pl\/en\/wp-json\/wp\/v2\/media\/1847971"}],"wp:attachment":[{"href":"https:\/\/liquidmaster.pl\/en\/wp-json\/wp\/v2\/media?parent=1805199"}],"wp:term":[{"taxonomy":"product_brand","embeddable":true,"href":"https:\/\/liquidmaster.pl\/en\/wp-json\/wp\/v2\/product_brand?post=1805199"},{"taxonomy":"product_cat","embeddable":true,"href":"https:\/\/liquidmaster.pl\/en\/wp-json\/wp\/v2\/product_cat?post=1805199"},{"taxonomy":"product_tag","embeddable":true,"href":"https:\/\/liquidmaster.pl\/en\/wp-json\/wp\/v2\/product_tag?post=1805199"}],"curies":[{"name":"wp","href":"https:\/\/api.w.org\/{rel}","templated":true}]}}