{"id":1805175,"date":"2025-03-28T15:14:51","date_gmt":"2025-03-28T13:14:51","guid":{"rendered":"https:\/\/liquidmaster.pl\/zvizzer-thermo-pad-blue-150mm-gabka-polerska-one-step\/"},"modified":"2026-02-28T12:53:59","modified_gmt":"2026-02-28T10:53:59","slug":"zvizzer-thermo-pad-blue-150mm-gabka-polerska-one-step","status":"publish","type":"product","link":"https:\/\/liquidmaster.pl\/en\/zvizzer-thermo-pad-blue-150mm-gabka-polerska-one-step\/","title":{"rendered":"ZviZZer Thermo Pad Blue 150mm - one step polishing sponge"},"content":{"rendered":"<p>Innovative polishing pad from the ZviZZer PROFESSIONAL THERMO POLISHING SYSTEM series with medium hardness, intended for DA and rotary machines. Designed to remove moderate scratches and leaves a very good finish, it is perfect for one-step paint correction. Made using the revolutionary THERMO technology from a sponge that is extremely resistant to high temperatures. Polishing pads from the THERMO series are 5-6 times more durable than standard pads.<\/p>\n<p>THERMO PAD does not lose its cutting properties under the influence of heat. It maintains a high level of cutting throughout the entire working period and does not soften during polishing. Thanks to this, it removes scratches from the surface extremely quickly and effectively and perfectly finishes the paint. Works perfectly with MC3000 and One Polish paste. For professional use, we recommend Thermo OS3000 paste.<\/p>\n<p>Innovative THERMO PAD&#039;Z technology:<\/p>\n<ul>\n<li>Thermostable structure of the THERMO PAD&#039;Z foam used,<\/li>\n<li>Very high resistance to high temperature,<\/li>\n<li>Stable and long-lasting cutting process,<\/li>\n<li>Very high durability.<\/li>\n<\/ul>\n<p>Dimensions: 160 \/ 20 \/ 150 mm<\/p>","protected":false},"excerpt":{"rendered":"<p>Innowacyjny pad polerski z serii ZviZZer PROFESSIONAL THERMO POLISHING SYSTEM o \u015bredniej twardo\u015bci przeznaczony na maszyny DA oraz rotacyjne. Stworzony do usuwania umiarkowanych zarysowa\u0144 i pozostawia bardzo dobre wyko\u0144czenie, \u015bwietnie sprawdzi si\u0119 w korekcie lakieru typu one step. Wykonany w rewolucyjnej technologii THERMO z g\u0105bki niezwykle odpornej na dzia\u0142anie wysokiej temperatury. Pady polerskie z serii&hellip;&nbsp;<a href=\"https:\/\/liquidmaster.pl\/en\/zvizzer-thermo-pad-blue-150mm-gabka-polerska-one-step\/\" rel=\"bookmark\">Read More \u00bb<span class=\"screen-reader-text\">ZviZZer Thermo Pad Blue 150mm - one step polishing sponge<\/span><\/a><\/p>","protected":false},"featured_media":1847957,"comment_status":"open","ping_status":"open","template":"","meta":{"neve_meta_sidebar":"","neve_meta_container":"","neve_meta_enable_content_width":"","neve_meta_content_width":0,"neve_meta_title_alignment":"","neve_meta_author_avatar":"","neve_post_elements_order":"","neve_meta_disable_header":"","neve_meta_disable_footer":"","neve_meta_disable_title":"","_themeisle_gutenberg_block_has_review":false},"product_brand":[],"product_cat":[823,822,748],"product_tag":[386],"class_list":{"0":"post-1805175","1":"product","2":"type-product","3":"status-publish","4":"has-post-thumbnail","6":"product_cat-gabki-polerskie","7":"product_cat-pady-polerskie","8":"product_cat-polerowanie","9":"product_tag-zvizzer","11":"first","12":"instock","13":"taxable","14":"shipping-taxable","15":"purchasable","16":"product-type-simple"},"_links":{"self":[{"href":"https:\/\/liquidmaster.pl\/en\/wp-json\/wp\/v2\/product\/1805175","targetHints":{"allow":["GET"]}}],"collection":[{"href":"https:\/\/liquidmaster.pl\/en\/wp-json\/wp\/v2\/product"}],"about":[{"href":"https:\/\/liquidmaster.pl\/en\/wp-json\/wp\/v2\/types\/product"}],"replies":[{"embeddable":true,"href":"https:\/\/liquidmaster.pl\/en\/wp-json\/wp\/v2\/comments?post=1805175"}],"wp:featuredmedia":[{"embeddable":true,"href":"https:\/\/liquidmaster.pl\/en\/wp-json\/wp\/v2\/media\/1847957"}],"wp:attachment":[{"href":"https:\/\/liquidmaster.pl\/en\/wp-json\/wp\/v2\/media?parent=1805175"}],"wp:term":[{"taxonomy":"product_brand","embeddable":true,"href":"https:\/\/liquidmaster.pl\/en\/wp-json\/wp\/v2\/product_brand?post=1805175"},{"taxonomy":"product_cat","embeddable":true,"href":"https:\/\/liquidmaster.pl\/en\/wp-json\/wp\/v2\/product_cat?post=1805175"},{"taxonomy":"product_tag","embeddable":true,"href":"https:\/\/liquidmaster.pl\/en\/wp-json\/wp\/v2\/product_tag?post=1805175"}],"curies":[{"name":"wp","href":"https:\/\/api.w.org\/{rel}","templated":true}]}}