{"id":1805163,"date":"2025-03-28T15:14:28","date_gmt":"2025-03-28T13:14:28","guid":{"rendered":"https:\/\/liquidmaster.pl\/zvizzer-spray-coat-250ml-sealant-do-lakieru\/"},"modified":"2026-04-18T04:34:29","modified_gmt":"2026-04-18T02:34:29","slug":"zvizzer-spray-coat-250ml-sealant-do-lakieru","status":"publish","type":"product","link":"https:\/\/liquidmaster.pl\/en\/zvizzer-spray-coat-250ml-sealant-do-lakieru\/","title":{"rendered":"ZviZZer Spray Coat 250ml \u2013 paint sealant"},"content":{"rendered":"<p>ZviZZer Spray Coat 250ml - high gloss, deep color<\/p>\n<p>It is a product that permanently protects varnished surfaces in a very easy and quick way. Spray Coat gives the surface a high gloss and brings out the depth of color. It leaves a super hydrophobic effect, which greatly facilitates the drying of the varnish and a pleasant slipperiness, thanks to which the current care is much more efficient.<\/p>\n<p>The product can be used to care for surfaces protected with a ceramic coating or ZviZZer wax.\u00a0<\/p>\n<ul>\n<li>Durability: up to 6 months \/ 5000 km<\/li>\n<li>Capacity: 250ml<\/li>\n<\/ul>\n<p>\u00a0<\/p>\n<p>Usage:<\/p>\n<p>Shake before use. Spray the product directly on the previously cleaned surface, and then wipe with a dry microfiber. If you want to enhance the protective effect, you can repeat the application process after about 60 minutes and apply another layer of the product.<\/p>\n<p>\u00a0<\/p>","protected":false},"excerpt":{"rendered":"<p>ZviZZer Spray Coat 250ml \u2013 wysoki po\u0142ysk, g\u0142\u0119bia koloru Jest produktem, kt\u00f3ry w bardzo \u0142atwy i szybki spos\u00f3b trwale zabezpiecza lakierowane powierzchnie.\u00a0Spray Coat\u00a0nadaje powierzchni\u00a0wysoki po\u0142ysk\u00a0oraz wydobywa\u00a0g\u0142\u0119bi\u0119 koloru.\u00a0Pozostawia\u00a0super hydrofobowy efekt, kt\u00f3ry znacznie u\u0142atwia osuszanie lakieru oraz\u00a0przyjemn\u0105 \u015blisko\u015b\u0107,\u00a0dzi\u0119ki kt\u00f3rej bie\u017c\u0105ca piel\u0119gnacja przebiega du\u017co sprawniej. Produkt mo\u017cna stosowa\u0107 do piel\u0119gnacji powierzchni zabezpieczonej\u00a0 pow\u0142ok\u0105 ceramiczn\u0105 lub woskiem\u00a0ZviZZer.\u00a0 Trwa\u0142o\u015b\u0107:\u00a0 do&hellip;&nbsp;<a href=\"https:\/\/liquidmaster.pl\/en\/zvizzer-spray-coat-250ml-sealant-do-lakieru\/\" rel=\"bookmark\">Read More \u00bb<span class=\"screen-reader-text\">ZviZZer Spray Coat 250ml \u2013 paint sealant<\/span><\/a><\/p>","protected":false},"featured_media":1847951,"comment_status":"open","ping_status":"open","template":"","meta":{"neve_meta_sidebar":"","neve_meta_container":"","neve_meta_enable_content_width":"","neve_meta_content_width":0,"neve_meta_title_alignment":"","neve_meta_author_avatar":"","neve_post_elements_order":"","neve_meta_disable_header":"","neve_meta_disable_footer":"","neve_meta_disable_title":"","_themeisle_gutenberg_block_has_review":false},"product_brand":[],"product_cat":[733,766,767],"product_tag":[386],"class_list":{"0":"post-1805163","1":"product","2":"type-product","3":"status-publish","4":"has-post-thumbnail","6":"product_cat-na-zewnatrz","7":"product_cat-ochrona-lakieru","8":"product_cat-quick-detailery","9":"product_tag-zvizzer","10":"pa_promocja-promocje","12":"first","13":"instock","14":"sale","15":"taxable","16":"shipping-taxable","17":"purchasable","18":"product-type-simple"},"_links":{"self":[{"href":"https:\/\/liquidmaster.pl\/en\/wp-json\/wp\/v2\/product\/1805163","targetHints":{"allow":["GET"]}}],"collection":[{"href":"https:\/\/liquidmaster.pl\/en\/wp-json\/wp\/v2\/product"}],"about":[{"href":"https:\/\/liquidmaster.pl\/en\/wp-json\/wp\/v2\/types\/product"}],"replies":[{"embeddable":true,"href":"https:\/\/liquidmaster.pl\/en\/wp-json\/wp\/v2\/comments?post=1805163"}],"wp:featuredmedia":[{"embeddable":true,"href":"https:\/\/liquidmaster.pl\/en\/wp-json\/wp\/v2\/media\/1847951"}],"wp:attachment":[{"href":"https:\/\/liquidmaster.pl\/en\/wp-json\/wp\/v2\/media?parent=1805163"}],"wp:term":[{"taxonomy":"product_brand","embeddable":true,"href":"https:\/\/liquidmaster.pl\/en\/wp-json\/wp\/v2\/product_brand?post=1805163"},{"taxonomy":"product_cat","embeddable":true,"href":"https:\/\/liquidmaster.pl\/en\/wp-json\/wp\/v2\/product_cat?post=1805163"},{"taxonomy":"product_tag","embeddable":true,"href":"https:\/\/liquidmaster.pl\/en\/wp-json\/wp\/v2\/product_tag?post=1805163"}],"curies":[{"name":"wp","href":"https:\/\/api.w.org\/{rel}","templated":true}]}}