{"id":1805159,"date":"2025-03-28T15:14:04","date_gmt":"2025-03-28T13:14:04","guid":{"rendered":"https:\/\/liquidmaster.pl\/zvizzer-pc5000-pre-cut-blue-750ml-mocno-tnaca-pasta-polerska\/"},"modified":"2026-04-18T04:34:28","modified_gmt":"2026-04-18T02:34:28","slug":"zvizzer-pc5000-pre-cut-blue-750ml-mocno-tnaca-pasta-polerska","status":"publish","type":"product","link":"https:\/\/liquidmaster.pl\/en\/zvizzer-pc5000-pre-cut-blue-750ml-mocno-tnaca-pasta-polerska\/","title":{"rendered":"ZviZZer PC5000 PRE Cut Blue 750ml \u2013 strong cutting polishing paste"},"content":{"rendered":"<p>ZviZZer PC 5000 Pre Cut Deep Scratch Remover is a highly abrasive paste that allows you to quickly and effectively correct paintwork with visible micro-scratches and significant damage.<\/p>\n<p>Thanks to its composition rich in homogeneous abrasive particles, it ensures quick and high effectiveness in removing scratches and traces of grinding with P1500 grit papers.<\/p>\n<p>Unlike HC 4000 Heavy Cut Scratch Remover, this paste is intended for cutting scratches from paint and therefore does not offer an ultra-smooth finish. You will therefore need to use a medium and finishing polish.<\/p>\n<p>Thanks to its unique water-based formula, the paste does not generate much dust during operation.<\/p>\n<p>Discover the fully thought-out ZviZZer polishing system to simplify your work and avoid mistakes thanks to a common color code for pads, microfibers and polishes.<\/p>\n<p>The Zvizzer polishing system (pad and paste) has been developed to be perfectly compatible and therefore provides the best performance, whether for intensive or light correction and even finishing.<\/p>\n<p>In the case of a high-abrasive paste, it is recommended to use a blue ZviZZer cutting pad and blue microfibers for wiping to remove scratches from the paint surface.<\/p>\n<p>\u00a0<\/p>","protected":false},"excerpt":{"rendered":"<p>ZviZZer PC 5000 Pre Cut Deep Scratch Remover to pasta mocno\u015bcierna, kt\u00f3ra pozwala szybko i skutecznie dokonywa\u0107 korekty lakieru z widocznymi mikrozarysowaniami \u00a0i znacznymi uszkodzeniami. Dzi\u0119ki sk\u0142adowi bogatemu w jednorodne cz\u0105stki \u015bcierne, zapewnia szybk\u0105 i wysok\u0105 skuteczno\u015b\u0107 w usuwaniu rys i \u015blad\u00f3w szlifowania papierami o gradacji P1500. W przeciwie\u0144stwie do HC 4000 Heavy Cut Scratch&hellip;&nbsp;<a href=\"https:\/\/liquidmaster.pl\/en\/zvizzer-pc5000-pre-cut-blue-750ml-mocno-tnaca-pasta-polerska\/\" rel=\"bookmark\">Read More \u00bb<span class=\"screen-reader-text\">ZviZZer PC5000 PRE Cut Blue 750ml \u2013 strong cutting polishing paste<\/span><\/a><\/p>","protected":false},"featured_media":1847947,"comment_status":"open","ping_status":"open","template":"","meta":{"neve_meta_sidebar":"","neve_meta_container":"","neve_meta_enable_content_width":"","neve_meta_content_width":0,"neve_meta_title_alignment":"","neve_meta_author_avatar":"","neve_post_elements_order":"","neve_meta_disable_header":"","neve_meta_disable_footer":"","neve_meta_disable_title":"","_themeisle_gutenberg_block_has_review":false},"product_brand":[],"product_cat":[790,789,748],"product_tag":[386],"class_list":{"0":"post-1805159","1":"product","2":"type-product","3":"status-publish","4":"has-post-thumbnail","6":"product_cat-pasty-cuttingowe","7":"product_cat-pasty-polerskie","8":"product_cat-polerowanie","9":"product_tag-zvizzer","10":"pa_promocja-promocje","12":"first","13":"instock","14":"sale","15":"taxable","16":"shipping-taxable","17":"purchasable","18":"product-type-simple"},"_links":{"self":[{"href":"https:\/\/liquidmaster.pl\/en\/wp-json\/wp\/v2\/product\/1805159","targetHints":{"allow":["GET"]}}],"collection":[{"href":"https:\/\/liquidmaster.pl\/en\/wp-json\/wp\/v2\/product"}],"about":[{"href":"https:\/\/liquidmaster.pl\/en\/wp-json\/wp\/v2\/types\/product"}],"replies":[{"embeddable":true,"href":"https:\/\/liquidmaster.pl\/en\/wp-json\/wp\/v2\/comments?post=1805159"}],"wp:featuredmedia":[{"embeddable":true,"href":"https:\/\/liquidmaster.pl\/en\/wp-json\/wp\/v2\/media\/1847947"}],"wp:attachment":[{"href":"https:\/\/liquidmaster.pl\/en\/wp-json\/wp\/v2\/media?parent=1805159"}],"wp:term":[{"taxonomy":"product_brand","embeddable":true,"href":"https:\/\/liquidmaster.pl\/en\/wp-json\/wp\/v2\/product_brand?post=1805159"},{"taxonomy":"product_cat","embeddable":true,"href":"https:\/\/liquidmaster.pl\/en\/wp-json\/wp\/v2\/product_cat?post=1805159"},{"taxonomy":"product_tag","embeddable":true,"href":"https:\/\/liquidmaster.pl\/en\/wp-json\/wp\/v2\/product_tag?post=1805159"}],"curies":[{"name":"wp","href":"https:\/\/api.w.org\/{rel}","templated":true}]}}