{"id":1805154,"date":"2025-03-28T15:14:04","date_gmt":"2025-03-28T13:14:04","guid":{"rendered":"https:\/\/liquidmaster.pl\/zvizzer-one-step-3000-thermo-line-750ml-srednio-scierna-pasta-polerska\/"},"modified":"2026-04-18T04:34:27","modified_gmt":"2026-04-18T02:34:27","slug":"zvizzer-one-step-3000-thermo-line-750ml-srednio-scierna-pasta-polerska","status":"publish","type":"product","link":"https:\/\/liquidmaster.pl\/en\/zvizzer-one-step-3000-thermo-line-750ml-srednio-scierna-pasta-polerska\/","title":{"rendered":"ZviZZer One Step 3000 Thermo Line 750ml - medium abrasive polishing paste"},"content":{"rendered":"<p>ZviZZer THERMO OS3000 750ml \u2013 medium abrasive paste<\/p>\n<p class=\"text-justify\">ZviZZer THERMO OS3000 from the ZviZZer PROFESSIONAL THERMO POLISHING SYSTEM series is a medium-abrasive polishing paste intended for one-stage polishing of paint to a high gloss and without holograms.\u00a0<\/p>\n<p class=\"text-justify\">Suitable for removing traces of P3000 paper in one step. Homogeneous abrasive particles with a unique structure break down as they are polished, resulting in a perfect surface finish in one step. Free from silicone and solvents. OS3000 is suitable for working with all types of fresh paints, including scratch-resistant paints.<\/p>\n<p class=\"text-justify\">For machine polishing, we recommend blue, medium-hard Thermo Pad Blue or slightly harder Thermo Pad White. To start working, apply an appropriate amount of THERMO OS3000 on the polishing pad or varnish. The paste is intended for use on rotary and DA machines.<\/p>","protected":false},"excerpt":{"rendered":"<p>ZviZZer THERMO OS3000 750ml &#8211; \u015brednio \u015bcierna pasta ZviZZer THERMO OS3000 z serii ZviZZer PROFESSIONAL THERMO POLISHING SYSTEM to \u015brednio \u015bcierna pasta polerska przeznaczona do jednoetapowego polerowania lakieru na wysoki po\u0142ysk i bez hologram\u00f3w.\u00a0 Odpowiednia do usuni\u0119cia w jednym kroku \u015blad\u00f3w po papierze o gramaturze P3000. Jednorodne cz\u0105stki \u015bcierne o unikalnej strukturze w miar\u0119 polerowania&hellip;&nbsp;<a href=\"https:\/\/liquidmaster.pl\/en\/zvizzer-one-step-3000-thermo-line-750ml-srednio-scierna-pasta-polerska\/\" rel=\"bookmark\">Read More \u00bb<span class=\"screen-reader-text\">ZviZZer One Step 3000 Thermo Line 750ml - medium abrasive polishing paste<\/span><\/a><\/p>","protected":false},"featured_media":1847945,"comment_status":"open","ping_status":"open","template":"","meta":{"neve_meta_sidebar":"","neve_meta_container":"","neve_meta_enable_content_width":"","neve_meta_content_width":0,"neve_meta_title_alignment":"","neve_meta_author_avatar":"","neve_post_elements_order":"","neve_meta_disable_header":"","neve_meta_disable_footer":"","neve_meta_disable_title":"","_themeisle_gutenberg_block_has_review":false},"product_brand":[],"product_cat":[789,791,748],"product_tag":[386],"class_list":{"0":"post-1805154","1":"product","2":"type-product","3":"status-publish","4":"has-post-thumbnail","6":"product_cat-pasty-polerskie","7":"product_cat-pasty-polishowe","8":"product_cat-polerowanie","9":"product_tag-zvizzer","10":"pa_promocja-promocje","12":"first","13":"outofstock","14":"sale","15":"taxable","16":"shipping-taxable","17":"purchasable","18":"product-type-simple"},"_links":{"self":[{"href":"https:\/\/liquidmaster.pl\/en\/wp-json\/wp\/v2\/product\/1805154","targetHints":{"allow":["GET"]}}],"collection":[{"href":"https:\/\/liquidmaster.pl\/en\/wp-json\/wp\/v2\/product"}],"about":[{"href":"https:\/\/liquidmaster.pl\/en\/wp-json\/wp\/v2\/types\/product"}],"replies":[{"embeddable":true,"href":"https:\/\/liquidmaster.pl\/en\/wp-json\/wp\/v2\/comments?post=1805154"}],"wp:featuredmedia":[{"embeddable":true,"href":"https:\/\/liquidmaster.pl\/en\/wp-json\/wp\/v2\/media\/1847945"}],"wp:attachment":[{"href":"https:\/\/liquidmaster.pl\/en\/wp-json\/wp\/v2\/media?parent=1805154"}],"wp:term":[{"taxonomy":"product_brand","embeddable":true,"href":"https:\/\/liquidmaster.pl\/en\/wp-json\/wp\/v2\/product_brand?post=1805154"},{"taxonomy":"product_cat","embeddable":true,"href":"https:\/\/liquidmaster.pl\/en\/wp-json\/wp\/v2\/product_cat?post=1805154"},{"taxonomy":"product_tag","embeddable":true,"href":"https:\/\/liquidmaster.pl\/en\/wp-json\/wp\/v2\/product_tag?post=1805154"}],"curies":[{"name":"wp","href":"https:\/\/api.w.org\/{rel}","templated":true}]}}