{"id":1805149,"date":"2025-03-28T15:12:48","date_gmt":"2025-03-28T13:12:48","guid":{"rendered":"https:\/\/liquidmaster.pl\/zvizzer-one-polish-750ml-ciecie-wykonczenie-ochrona\/"},"modified":"2026-02-28T12:37:58","modified_gmt":"2026-02-28T10:37:58","slug":"zvizzer-one-polish-750ml-ciecie-wykonczenie-ochrona","status":"publish","type":"product","link":"https:\/\/liquidmaster.pl\/en\/zvizzer-one-polish-750ml-ciecie-wykonczenie-ochrona\/","title":{"rendered":"ZviZZer One Polish 750ml - Cut\/Finish\/Protection"},"content":{"rendered":"<p class=\"text-justify\">An absolutely revolutionary polishing paste, suitable for both rotary and dual action polishers (recommended use). With this product you can handle 3 operations in one step (high cutting force, high-level finish and long-lasting protection). ONE Polish paste removes scratches well thanks to the high content of abrasive particles, which, under the influence of temperature and friction, break down into smaller and smaller particles, leaving a perfect finish. Additionally, the polymers contained in the paste permanently bind to the paint surface, providing excellent protection and a beautiful shine.\u00a0<\/p>\n<p class=\"text-justify\">Due to the polymer protection contained in ONE Polish paste, we should not use it before applying ceramic coatings and PPF foil (even after degreasing the surface).<\/p>\n<p>\u00a0<\/p>","protected":false},"excerpt":{"rendered":"<p>Absolutnie rewolucyjna pasta polerska, odpowiednia zar\u00f3wno do polerek rotacyjnych, jak i dual action (rekomendowane u\u017cycie). Dzi\u0119ki temu produktowi mo\u017cesz obs\u0142u\u017cy\u0107 3 operacje w jednym kroku (wysok\u0105 si\u0142\u0119 ci\u0119cia, wyko\u0144czenie na wysokim poziomie oraz d\u0142ugotrwa\u0142\u0105 ochron\u0119). Pasta ONE Polish dobrze usuwa zarysowania dzi\u0119ki du\u017cej zawarto\u015bci cz\u0105steczek \u015bciernych, kt\u00f3re pod wp\u0142ywem temperatury i tarcia rozpadaj\u0105 si\u0119 na&hellip;&nbsp;<a href=\"https:\/\/liquidmaster.pl\/en\/zvizzer-one-polish-750ml-ciecie-wykonczenie-ochrona\/\" rel=\"bookmark\">Read More \u00bb<span class=\"screen-reader-text\">ZviZZer One Polish 750ml - Cut\/Finish\/Protection<\/span><\/a><\/p>","protected":false},"featured_media":1847942,"comment_status":"open","ping_status":"open","template":"","meta":{"neve_meta_sidebar":"","neve_meta_container":"","neve_meta_enable_content_width":"","neve_meta_content_width":0,"neve_meta_title_alignment":"","neve_meta_author_avatar":"","neve_post_elements_order":"","neve_meta_disable_header":"","neve_meta_disable_footer":"","neve_meta_disable_title":"","_themeisle_gutenberg_block_has_review":false},"product_brand":[],"product_cat":[845,789,748],"product_tag":[386],"class_list":{"0":"post-1805149","1":"product","2":"type-product","3":"status-publish","4":"has-post-thumbnail","6":"product_cat-pasty-aio","7":"product_cat-pasty-polerskie","8":"product_cat-polerowanie","9":"product_tag-zvizzer","11":"first","12":"instock","13":"taxable","14":"shipping-taxable","15":"purchasable","16":"product-type-simple"},"_links":{"self":[{"href":"https:\/\/liquidmaster.pl\/en\/wp-json\/wp\/v2\/product\/1805149","targetHints":{"allow":["GET"]}}],"collection":[{"href":"https:\/\/liquidmaster.pl\/en\/wp-json\/wp\/v2\/product"}],"about":[{"href":"https:\/\/liquidmaster.pl\/en\/wp-json\/wp\/v2\/types\/product"}],"replies":[{"embeddable":true,"href":"https:\/\/liquidmaster.pl\/en\/wp-json\/wp\/v2\/comments?post=1805149"}],"wp:featuredmedia":[{"embeddable":true,"href":"https:\/\/liquidmaster.pl\/en\/wp-json\/wp\/v2\/media\/1847942"}],"wp:attachment":[{"href":"https:\/\/liquidmaster.pl\/en\/wp-json\/wp\/v2\/media?parent=1805149"}],"wp:term":[{"taxonomy":"product_brand","embeddable":true,"href":"https:\/\/liquidmaster.pl\/en\/wp-json\/wp\/v2\/product_brand?post=1805149"},{"taxonomy":"product_cat","embeddable":true,"href":"https:\/\/liquidmaster.pl\/en\/wp-json\/wp\/v2\/product_cat?post=1805149"},{"taxonomy":"product_tag","embeddable":true,"href":"https:\/\/liquidmaster.pl\/en\/wp-json\/wp\/v2\/product_tag?post=1805149"}],"curies":[{"name":"wp","href":"https:\/\/api.w.org\/{rel}","templated":true}]}}