{"id":1805145,"date":"2025-03-28T15:12:48","date_gmt":"2025-03-28T13:12:48","guid":{"rendered":"https:\/\/liquidmaster.pl\/zvizzer-mc3000-medium-cut-orange-750ml-pasta-do-jednoetapowej-korekty-lakieru\/"},"modified":"2026-02-28T12:33:54","modified_gmt":"2026-02-28T10:33:54","slug":"zvizzer-mc3000-medium-cut-orange-750ml-pasta-do-jednoetapowej-korekty-lakieru","status":"publish","type":"product","link":"https:\/\/liquidmaster.pl\/en\/zvizzer-mc3000-medium-cut-orange-751\/","title":{"rendered":"ZviZZer MC3000 Medium Cut Orange 750ml \u2013 paste for one-step paint correction"},"content":{"rendered":"<p>ZviZZer Medium Cut One Step is a medium-abrasive polishing paste, ideal for one-step corrections (One-Step).<\/p>\n<p>The fine-grained particles it contains allow you to correct paint defects, and then, as you polish them, they are broken down into smaller particles, which allows you to obtain an almost perfect finish.<\/p>\n<p>Perfect for removing medium micro-scratches and for reducing marks left by P3000 sandpaper.<\/p>\n<p>Medium Cut One Step by ZviZZer is a polishing paste for people who expect a beautiful effect with little work.<\/p>\n<p>Thanks to its unique water-based formula, the paste does not generate much dust during operation.<\/p>\n<p>Discover the fully thought-out ZviZZer polishing system to simplify your work and avoid mistakes thanks to a common color code for pads, microfibers and polishes.<\/p>\n<p>The Zvizzer polishing system (pad and paste) has been developed to be perfectly compatible and therefore provides the best performance, whether for intensive or light correction and even finishing.<\/p>\n<p>In the case of Medium Cut One Step paste, it is recommended to use an orange pad and orange microfibers for wiping.<\/p>\n<p>\u00a0<\/p>","protected":false},"excerpt":{"rendered":"<p>ZviZZer Medium Cut One Step to \u015brednio\u015bcierna pasta polerska, idealnie sprawdza si\u0119 przy przeprowadzaniu korekt jednoetapowych (One-Step). Zawarte w niej drobnoziarniste cz\u0105stki pozwalaj\u0105 przede wszystkim korygowa\u0107 defekty lakieru, a nast\u0119pnie w miar\u0119 polerowania ulegaj\u0105 rozbiciu na kolejne &#8211; mniejsze cz\u0105stki, co umo\u017cliwia uzyskanie niemal doskona\u0142ego wyko\u0144czenia. Idealna do usuwania \u015brednich mikrozarysowa\u0144 oraz do redukcji \u015blad\u00f3w&hellip;&nbsp;<a href=\"https:\/\/liquidmaster.pl\/en\/zvizzer-mc3000-medium-cut-orange-751\/\" rel=\"bookmark\">Read More \u00bb<span class=\"screen-reader-text\">ZviZZer MC3000 Medium Cut Orange 750ml \u2013 paste for one-step paint correction<\/span><\/a><\/p>","protected":false},"featured_media":1847940,"comment_status":"open","ping_status":"open","template":"","meta":{"neve_meta_sidebar":"","neve_meta_container":"","neve_meta_enable_content_width":"","neve_meta_content_width":0,"neve_meta_title_alignment":"","neve_meta_author_avatar":"","neve_post_elements_order":"","neve_meta_disable_header":"","neve_meta_disable_footer":"","neve_meta_disable_title":"","_themeisle_gutenberg_block_has_review":false},"product_brand":[],"product_cat":[789,791,748],"product_tag":[386],"class_list":{"0":"post-1805145","1":"product","2":"type-product","3":"status-publish","4":"has-post-thumbnail","6":"product_cat-pasty-polerskie","7":"product_cat-pasty-polishowe","8":"product_cat-polerowanie","9":"product_tag-zvizzer","11":"first","12":"instock","13":"taxable","14":"shipping-taxable","15":"purchasable","16":"product-type-simple"},"_links":{"self":[{"href":"https:\/\/liquidmaster.pl\/en\/wp-json\/wp\/v2\/product\/1805145","targetHints":{"allow":["GET"]}}],"collection":[{"href":"https:\/\/liquidmaster.pl\/en\/wp-json\/wp\/v2\/product"}],"about":[{"href":"https:\/\/liquidmaster.pl\/en\/wp-json\/wp\/v2\/types\/product"}],"replies":[{"embeddable":true,"href":"https:\/\/liquidmaster.pl\/en\/wp-json\/wp\/v2\/comments?post=1805145"}],"wp:featuredmedia":[{"embeddable":true,"href":"https:\/\/liquidmaster.pl\/en\/wp-json\/wp\/v2\/media\/1847940"}],"wp:attachment":[{"href":"https:\/\/liquidmaster.pl\/en\/wp-json\/wp\/v2\/media?parent=1805145"}],"wp:term":[{"taxonomy":"product_brand","embeddable":true,"href":"https:\/\/liquidmaster.pl\/en\/wp-json\/wp\/v2\/product_brand?post=1805145"},{"taxonomy":"product_cat","embeddable":true,"href":"https:\/\/liquidmaster.pl\/en\/wp-json\/wp\/v2\/product_cat?post=1805145"},{"taxonomy":"product_tag","embeddable":true,"href":"https:\/\/liquidmaster.pl\/en\/wp-json\/wp\/v2\/product_tag?post=1805145"}],"curies":[{"name":"wp","href":"https:\/\/api.w.org\/{rel}","templated":true}]}}