{"id":1805139,"date":"2025-03-28T15:12:26","date_gmt":"2025-03-28T13:12:26","guid":{"rendered":"https:\/\/liquidmaster.pl\/zvizzer-hologram-remover-6000-thermo-line-750ml-pasta-do-usuwania-hologramow\/"},"modified":"2026-04-18T04:34:26","modified_gmt":"2026-04-18T02:34:26","slug":"zvizzer-hologram-remover-6000-thermo-line-750ml-pasta-do-usuwania-hologramow","status":"publish","type":"product","link":"https:\/\/liquidmaster.pl\/en\/zvizzer-hologram-remover-6000-thermo-line-750ml-pasta-do-usuwania-hologramow\/","title":{"rendered":"ZviZZer Hologram Remover 6000 Thermo Line 750ml \u2013 Paste for removing holograms"},"content":{"rendered":"<p class=\"text-justify\">ZviZZer THERMO HR6000 from the ZviZZer PROFESSIONAL THERMO POLISHING SYSTEM series is a polishing paste for effective hologram removal. Innovative abrasive particles of aluminum oxide, which decrease during operation, guarantee a hologram-free paint surface in 100%. HR6000 is suitable for working with all types of fresh paints, including scratch-resistant paints. Free of silicone and solvents.<\/p>\n<p class=\"text-justify\">For machine polishing, we recommend a red, soft Thermo pad red sponge or an ultra-soft thermo pad black. To start working, apply an appropriate amount of THERMO HR6000 on the polishing pad or varnish. Suitable for use on rotary and DA machines.<\/p>\n<p>\u00a0<\/p>","protected":false},"excerpt":{"rendered":"<p>ZviZZer THERMO HR6000 z serii ZviZZer PROFESSIONAL THERMO POLISHING SYSTEM to pasta polerska do skutecznego usuwania hologram\u00f3w. Innowacyjne, zmniejszaj\u0105ce si\u0119 w czasie pracy cz\u0105steczki \u015bcierne tlenku glinu gwarantuj\u0105 w 100% woln\u0105 od hologram\u00f3w powierzchni\u0119 lakieru. HR6000 jest odpowiednia do pracy ze wszystkimi typami \u015bwie\u017cych lakier\u00f3w, w tym lakier\u00f3w odpornych na zarysowania. Nie zawiera silikonu i&hellip;&nbsp;<a href=\"https:\/\/liquidmaster.pl\/en\/zvizzer-hologram-remover-6000-thermo-line-750ml-pasta-do-usuwania-hologramow\/\" rel=\"bookmark\">Read More \u00bb<span class=\"screen-reader-text\">ZviZZer Hologram Remover 6000 Thermo Line 750ml \u2013 Paste for removing holograms<\/span><\/a><\/p>","protected":false},"featured_media":1847936,"comment_status":"open","ping_status":"open","template":"","meta":{"neve_meta_sidebar":"","neve_meta_container":"","neve_meta_enable_content_width":"","neve_meta_content_width":0,"neve_meta_title_alignment":"","neve_meta_author_avatar":"","neve_post_elements_order":"","neve_meta_disable_header":"","neve_meta_disable_footer":"","neve_meta_disable_title":"","_themeisle_gutenberg_block_has_review":false},"product_brand":[],"product_cat":[790,789,748],"product_tag":[386],"class_list":{"0":"post-1805139","1":"product","2":"type-product","3":"status-publish","4":"has-post-thumbnail","6":"product_cat-pasty-cuttingowe","7":"product_cat-pasty-polerskie","8":"product_cat-polerowanie","9":"product_tag-zvizzer","10":"pa_promocja-promocje","12":"first","13":"instock","14":"sale","15":"taxable","16":"shipping-taxable","17":"purchasable","18":"product-type-simple"},"_links":{"self":[{"href":"https:\/\/liquidmaster.pl\/en\/wp-json\/wp\/v2\/product\/1805139","targetHints":{"allow":["GET"]}}],"collection":[{"href":"https:\/\/liquidmaster.pl\/en\/wp-json\/wp\/v2\/product"}],"about":[{"href":"https:\/\/liquidmaster.pl\/en\/wp-json\/wp\/v2\/types\/product"}],"replies":[{"embeddable":true,"href":"https:\/\/liquidmaster.pl\/en\/wp-json\/wp\/v2\/comments?post=1805139"}],"wp:featuredmedia":[{"embeddable":true,"href":"https:\/\/liquidmaster.pl\/en\/wp-json\/wp\/v2\/media\/1847936"}],"wp:attachment":[{"href":"https:\/\/liquidmaster.pl\/en\/wp-json\/wp\/v2\/media?parent=1805139"}],"wp:term":[{"taxonomy":"product_brand","embeddable":true,"href":"https:\/\/liquidmaster.pl\/en\/wp-json\/wp\/v2\/product_brand?post=1805139"},{"taxonomy":"product_cat","embeddable":true,"href":"https:\/\/liquidmaster.pl\/en\/wp-json\/wp\/v2\/product_cat?post=1805139"},{"taxonomy":"product_tag","embeddable":true,"href":"https:\/\/liquidmaster.pl\/en\/wp-json\/wp\/v2\/product_tag?post=1805139"}],"curies":[{"name":"wp","href":"https:\/\/api.w.org\/{rel}","templated":true}]}}