{"id":1805129,"date":"2025-03-28T15:12:04","date_gmt":"2025-03-28T13:12:04","guid":{"rendered":"https:\/\/liquidmaster.pl\/de-secreto-plyn-do-spryskiwaczy-zimowy-5l\/"},"modified":"2026-04-21T08:05:11","modified_gmt":"2026-04-21T06:05:11","slug":"de-secreto-plyn-do-spryskiwaczy-zimowy-5l","status":"publish","type":"product","link":"https:\/\/liquidmaster.pl\/en\/de-secreto-plyn-do-spryskiwaczy-zimowy-5l\/","title":{"rendered":"De Secreto Winter windshield washer fluid 5L"},"content":{"rendered":"<p>De Secreto \u2013 winter windshield washer fluid with a reliable formula<\/p>\n<p>De Secreto Winter Windshield Washer Fluid is a professional, high-quality product with an innovative formula that stands out from the competition. It performs perfectly in winter conditions. It effectively and quickly removes dirt accumulated while driving in adverse conditions, its formula prevents freezing and helps defrost windows faster. Furthermore, this product is designed not only for windshields and rear windows but also for headlights. This reliable windshield washer fluid easily overcomes frost at temperatures down to -20\u00b0C. It is safe for windows and headlights, and has an exceptionally pleasant scent.<\/p>\n<p>Winter windshield washer fluid for old and new cars<\/p>\n<p>Difficult winter conditions take their toll on all drivers. To prevent windows from freezing and maintain a clear field of vision, it&#039;s essential to equip your vehicle with a high-quality windshield washer fluid. De Secreto&#039;s product is just that, suitable for both new and older passenger car models. The 5L winter fluid is the perfect one-season solution for any driver who knows how to prepare for unfavorable weather conditions. Why choose the 5L De Secreto windshield washer fluid? Because:<\/p>\n<ul>\n<li>exceptional effectiveness \u2013 the agent quickly and effectively removes all dirt generated while driving;<\/li>\n<li>frost resistance \u2013 the liquid formula prevents windows from freezing, maintaining their transparency;<\/li>\n<li>versatile use \u2013 the De Secreto product is also suitable as a headlight washer fluid;<\/li>\n<li>vehicle safety \u2013 the formula is gentle on car windows and lights, does not cause damage or corrosion;<\/li>\n<li>pleasant scent \u2013 the unique composition allows the scent to permeate the cabin, making every winter journey a pleasure.<\/li>\n<\/ul>\n<p>Choose the proven winter windshield washer fluid \u2013 De Secreto<\/p>\n<p>Don&#039;t let winter catch you by surprise! Choose De Secreto \u2013 5L Winter Windshield Washer Fluid. Ensure perfect visibility and reliability during winter and enjoy safe driving with De Secreto!<\/p>\n<p>De Secreto Winter windshield washer fluid - high-quality, professional winter windshield washer fluid with an innovative formula. It removes dirt caused by using the car exceptionally quickly and effectively. Does not freeze down to -20\u00b0C. Safe for headlights. It has an exceptionally pleasant scent.<\/p>\n<ul>\n<li>Effective and efficient<\/li>\n<li>Freezing point -20\u00b0C<\/li>\n<li>An exceptionally pleasant scent<\/li>\n<\/ul>\n<p>Application:<br \/>\nFilling car windshield and headlight washing systems.<\/p>\n<p>Capacity: 5L<\/p>","protected":false},"excerpt":{"rendered":"<p>De Secreto \u2013 zimowy p\u0142yn do spryskiwaczy o niezawodnej formule P\u0142yn zimowy do spryskiwaczy marki De Secreto to profesjonalny, wysokiej jako\u015bci produkt z innowacyjn\u0105 formu\u0142\u0105, kt\u00f3ry wyr\u00f3\u017cnia si\u0119 na tle konkurencji. Sprawdzi si\u0119 doskonale w zimowych warunkach. Efektywnie i szybko eliminuje zabrudzenia powsta\u0142e w trakcie jazdy w niekorzystnych warunkach, jego sk\u0142ad zapobiega zamarzaniu, a tak\u017ce&hellip;&nbsp;<a href=\"https:\/\/liquidmaster.pl\/en\/de-secreto-plyn-do-spryskiwaczy-zimowy-5l\/\" rel=\"bookmark\">Read More \u00bb<span class=\"screen-reader-text\">De Secreto Winter windshield washer fluid 5L<\/span><\/a><\/p>","protected":false},"featured_media":1847069,"comment_status":"open","ping_status":"open","template":"","meta":{"neve_meta_sidebar":"","neve_meta_container":"","neve_meta_enable_content_width":"","neve_meta_content_width":0,"neve_meta_title_alignment":"","neve_meta_author_avatar":"","neve_post_elements_order":"","neve_meta_disable_header":"","neve_meta_disable_footer":"","neve_meta_disable_title":"","_themeisle_gutenberg_block_has_review":false},"product_brand":[],"product_cat":[733,899,773],"product_tag":[285],"class_list":{"0":"post-1805129","1":"product","2":"type-product","3":"status-publish","4":"has-post-thumbnail","6":"product_cat-na-zewnatrz","7":"product_cat-plyny-do-spryskiwaczy","8":"product_cat-szyby","9":"product_tag-de-secreto","11":"first","12":"instock","13":"taxable","14":"shipping-taxable","15":"purchasable","16":"product-type-simple"},"_links":{"self":[{"href":"https:\/\/liquidmaster.pl\/en\/wp-json\/wp\/v2\/product\/1805129","targetHints":{"allow":["GET"]}}],"collection":[{"href":"https:\/\/liquidmaster.pl\/en\/wp-json\/wp\/v2\/product"}],"about":[{"href":"https:\/\/liquidmaster.pl\/en\/wp-json\/wp\/v2\/types\/product"}],"replies":[{"embeddable":true,"href":"https:\/\/liquidmaster.pl\/en\/wp-json\/wp\/v2\/comments?post=1805129"}],"wp:featuredmedia":[{"embeddable":true,"href":"https:\/\/liquidmaster.pl\/en\/wp-json\/wp\/v2\/media\/1847069"}],"wp:attachment":[{"href":"https:\/\/liquidmaster.pl\/en\/wp-json\/wp\/v2\/media?parent=1805129"}],"wp:term":[{"taxonomy":"product_brand","embeddable":true,"href":"https:\/\/liquidmaster.pl\/en\/wp-json\/wp\/v2\/product_brand?post=1805129"},{"taxonomy":"product_cat","embeddable":true,"href":"https:\/\/liquidmaster.pl\/en\/wp-json\/wp\/v2\/product_cat?post=1805129"},{"taxonomy":"product_tag","embeddable":true,"href":"https:\/\/liquidmaster.pl\/en\/wp-json\/wp\/v2\/product_tag?post=1805129"}],"curies":[{"name":"wp","href":"https:\/\/api.w.org\/{rel}","templated":true}]}}