{"id":1805115,"date":"2025-03-28T15:10:29","date_gmt":"2025-03-28T13:10:29","guid":{"rendered":"https:\/\/liquidmaster.pl\/zvizzer-doodle-wool-pad-black-165mm-pad-welniany-czarny-futro-polerskie\/"},"modified":"2026-04-18T04:34:25","modified_gmt":"2026-04-18T02:34:25","slug":"zvizzer-doodle-wool-pad-black-165mm-pad-welniany-czarny-futro-polerskie","status":"publish","type":"product","link":"https:\/\/liquidmaster.pl\/en\/zvizzer-doodle-wool-pad-black-165mm-pad-welniany-czarny-futro-polerskie\/","title":{"rendered":"ZviZZer Doodle Wool-Pad Black 165mm - black wool pad, polishing fur"},"content":{"rendered":"<p>ZviZZer Doodle Wool-Pad Black \u2013 wool cutting pad for rotary polishing machines. Made of high-quality wool.<\/p>\n<p>Designed from very thick, lint-free natural wool, it should be used for demanding corrective work such as:<\/p>\n<ul>\n<li>elimination of deep micro-damages<\/li>\n<li>correction of very visible imperfections<\/li>\n<li>elimination of grinding marks<\/li>\n<\/ul>\n<p>Wool pads heat the processed surface much less, while retaining very high cutting properties.<\/p>\n<p>It is generally used with a cutting paste such as Zvizzer Heavy Cut Scratch Remover and requires the use of a pad and finishing paste in the next step to remove any holograms left by the polishing machine.<\/p>\n<p>Dimensions: 165 x 25 mm<\/p>\n<p>Bristle length: 15 mm<\/p>\n<p>Additional information:<\/p>\n<ul>\n<li>For 165 mm pads, use a 165 mm mounting plate.<\/li>\n<\/ul>","protected":false},"excerpt":{"rendered":"<p>ZviZZer Doodle Wool-Pad Black \u2013 pad we\u0142niany tn\u0105cy do maszyn polerskich rotacyjnych. Wyprodukowany z we\u0142ny wysokiej jako\u015bci. Zaprojektowany na bazie bardzo grubej, niestrz\u0119pi\u0105cej si\u0119 we\u0142ny naturalnej, nale\u017cy go stosowa\u0107 do wymagaj\u0105cych prac korekcyjnych, takich jak: eliminacja g\u0142\u0119bokich mikrouszkodze\u0144 korekta bardzo wyra\u017anych niedoskona\u0142o\u015bci eliminacja \u015blad\u00f3w szlifowania Pady we\u0142niane w du\u017co mniejszym stopniu nagrzewaj\u0105 powierzchni\u0119 obrabian\u0105, przy&hellip;&nbsp;<a href=\"https:\/\/liquidmaster.pl\/en\/zvizzer-doodle-wool-pad-black-165mm-pad-welniany-czarny-futro-polerskie\/\" rel=\"bookmark\">Read More \u00bb<span class=\"screen-reader-text\">ZviZZer Doodle Wool-Pad Black 165mm - black wool pad, polishing fur<\/span><\/a><\/p>","protected":false},"featured_media":1847923,"comment_status":"open","ping_status":"open","template":"","meta":{"neve_meta_sidebar":"","neve_meta_container":"","neve_meta_enable_content_width":"","neve_meta_content_width":0,"neve_meta_title_alignment":"","neve_meta_author_avatar":"","neve_post_elements_order":"","neve_meta_disable_header":"","neve_meta_disable_footer":"","neve_meta_disable_title":"","_themeisle_gutenberg_block_has_review":false},"product_brand":[],"product_cat":[840,822,748],"product_tag":[386],"class_list":{"0":"post-1805115","1":"product","2":"type-product","3":"status-publish","4":"has-post-thumbnail","6":"product_cat-futra-polerskie","7":"product_cat-pady-polerskie","8":"product_cat-polerowanie","9":"product_tag-zvizzer","10":"pa_promocja-promocje","12":"first","13":"instock","14":"sale","15":"taxable","16":"shipping-taxable","17":"purchasable","18":"product-type-simple"},"_links":{"self":[{"href":"https:\/\/liquidmaster.pl\/en\/wp-json\/wp\/v2\/product\/1805115","targetHints":{"allow":["GET"]}}],"collection":[{"href":"https:\/\/liquidmaster.pl\/en\/wp-json\/wp\/v2\/product"}],"about":[{"href":"https:\/\/liquidmaster.pl\/en\/wp-json\/wp\/v2\/types\/product"}],"replies":[{"embeddable":true,"href":"https:\/\/liquidmaster.pl\/en\/wp-json\/wp\/v2\/comments?post=1805115"}],"wp:featuredmedia":[{"embeddable":true,"href":"https:\/\/liquidmaster.pl\/en\/wp-json\/wp\/v2\/media\/1847923"}],"wp:attachment":[{"href":"https:\/\/liquidmaster.pl\/en\/wp-json\/wp\/v2\/media?parent=1805115"}],"wp:term":[{"taxonomy":"product_brand","embeddable":true,"href":"https:\/\/liquidmaster.pl\/en\/wp-json\/wp\/v2\/product_brand?post=1805115"},{"taxonomy":"product_cat","embeddable":true,"href":"https:\/\/liquidmaster.pl\/en\/wp-json\/wp\/v2\/product_cat?post=1805115"},{"taxonomy":"product_tag","embeddable":true,"href":"https:\/\/liquidmaster.pl\/en\/wp-json\/wp\/v2\/product_tag?post=1805115"}],"curies":[{"name":"wp","href":"https:\/\/api.w.org\/{rel}","templated":true}]}}