{"id":1805111,"date":"2025-03-28T15:10:29","date_gmt":"2025-03-28T13:10:29","guid":{"rendered":"https:\/\/liquidmaster.pl\/zvizzer-all-rounder-pad-yellow-150mm-miekki-pad-polerski\/"},"modified":"2026-04-18T04:34:24","modified_gmt":"2026-04-18T02:34:24","slug":"zvizzer-all-rounder-pad-yellow-150mm-miekki-pad-polerski","status":"publish","type":"product","link":"https:\/\/liquidmaster.pl\/en\/zvizzer-all-rounder-pad-yellow-150mm-miekki-pad-polerski\/","title":{"rendered":"ZviZZer All-Rounder Pad Yellow 150mm - soft polishing pad"},"content":{"rendered":"<p>ZviZZer All-Rounder Pad Yellow - a soft polishing pad with low abrasion, designed to remove small swirls and holograms and to bring out maximum gloss.<\/p>\n<p>The All-Rounder Yellow Pad Fine Cut polishing pad is dedicated to use with the ZviZZer FC2000 Yellow Fine Cut paste.<\/p>\n<p>ZviZZer All Rounders Pads are a revolution in the world of polishing systems!<br \/>\nThe All-Rounder Pad is adapted to work on DA and rotary machines. It has an additional, closed-cell layer of a mixture of foam and rubber, to which we owe:<\/p>\n<ul>\n<li>vibration reduction,<\/li>\n<li>reduced heating of the rain,<\/li>\n<li>blocking the access of the paste to the velcro, which translates into even greater durability,<\/li>\n<li>thanks to the special profile and increased weight, the pad with the DA machine makes even better use of centrifugal force (dual movement is more effective).<\/li>\n<\/ul>\n<p>Dimensions: 160 \/ 20 \/ 150 mm<\/p>","protected":false},"excerpt":{"rendered":"<p>ZviZZer All-Rounder Pad Yellow \u2013 pad polerski mi\u0119kki o niskiej \u015bcieralno\u015bci, przeznaczony do usuwania drobnych swirli i hologram\u00f3w oraz do wydobycia maksymalnego po\u0142ysku. Pad polerski All-Rounder Yellow Pad Fine Cut dedykowany jest do u\u017cytku z past\u0105\u00a0 ZviZZer FC2000 Yellow Fine Cut ZviZZer All Rounders Pads to rewolucja w \u015bwiecie system\u00f3w polerskich! All-Rounder Pad dostosowany jest&hellip;&nbsp;<a href=\"https:\/\/liquidmaster.pl\/en\/zvizzer-all-rounder-pad-yellow-150mm-miekki-pad-polerski\/\" rel=\"bookmark\">Read More \u00bb<span class=\"screen-reader-text\">ZviZZer All-Rounder Pad Yellow 150mm - soft polishing pad<\/span><\/a><\/p>","protected":false},"featured_media":1847919,"comment_status":"open","ping_status":"open","template":"","meta":{"neve_meta_sidebar":"","neve_meta_container":"","neve_meta_enable_content_width":"","neve_meta_content_width":0,"neve_meta_title_alignment":"","neve_meta_author_avatar":"","neve_post_elements_order":"","neve_meta_disable_header":"","neve_meta_disable_footer":"","neve_meta_disable_title":"","_themeisle_gutenberg_block_has_review":false},"product_brand":[],"product_cat":[823,822,748],"product_tag":[386],"class_list":{"0":"post-1805111","1":"product","2":"type-product","3":"status-publish","4":"has-post-thumbnail","6":"product_cat-gabki-polerskie","7":"product_cat-pady-polerskie","8":"product_cat-polerowanie","9":"product_tag-zvizzer","10":"pa_promocja-promocje","12":"first","13":"instock","14":"sale","15":"taxable","16":"shipping-taxable","17":"purchasable","18":"product-type-simple"},"_links":{"self":[{"href":"https:\/\/liquidmaster.pl\/en\/wp-json\/wp\/v2\/product\/1805111","targetHints":{"allow":["GET"]}}],"collection":[{"href":"https:\/\/liquidmaster.pl\/en\/wp-json\/wp\/v2\/product"}],"about":[{"href":"https:\/\/liquidmaster.pl\/en\/wp-json\/wp\/v2\/types\/product"}],"replies":[{"embeddable":true,"href":"https:\/\/liquidmaster.pl\/en\/wp-json\/wp\/v2\/comments?post=1805111"}],"wp:featuredmedia":[{"embeddable":true,"href":"https:\/\/liquidmaster.pl\/en\/wp-json\/wp\/v2\/media\/1847919"}],"wp:attachment":[{"href":"https:\/\/liquidmaster.pl\/en\/wp-json\/wp\/v2\/media?parent=1805111"}],"wp:term":[{"taxonomy":"product_brand","embeddable":true,"href":"https:\/\/liquidmaster.pl\/en\/wp-json\/wp\/v2\/product_brand?post=1805111"},{"taxonomy":"product_cat","embeddable":true,"href":"https:\/\/liquidmaster.pl\/en\/wp-json\/wp\/v2\/product_cat?post=1805111"},{"taxonomy":"product_tag","embeddable":true,"href":"https:\/\/liquidmaster.pl\/en\/wp-json\/wp\/v2\/product_tag?post=1805111"}],"curies":[{"name":"wp","href":"https:\/\/api.w.org\/{rel}","templated":true}]}}