{"id":1805105,"date":"2025-03-28T15:10:04","date_gmt":"2025-03-28T13:10:04","guid":{"rendered":"https:\/\/liquidmaster.pl\/zvizzer-all-rounder-pad-red-80mm-mocno-tnacy-pad-polerski\/"},"modified":"2026-02-28T08:47:57","modified_gmt":"2026-02-28T06:47:57","slug":"zvizzer-all-rounder-pad-red-80mm-mocno-tnacy-pad-polerski","status":"publish","type":"product","link":"https:\/\/liquidmaster.pl\/en\/zvizzer-all-rounder-pad-red-80mm-mocno-tnacy-pad-polerski\/","title":{"rendered":"ZviZZer All-Rounder Pad Red 80mm - hard cutting polishing pad"},"content":{"rendered":"<p>ZviZZer All-Rounder Pad Red - cutting pad with high abrasion, designed to remove heavy scratches, matting and paint defects. The red sponge made of innovative foam maintains high cutting properties throughout the entire polishing cycle.<\/p>\n<p>The All-Rounder Red Pad Heavy Cut polishing pad is dedicated to use with ZviZZer HC4000 Red Heavy Cut paste<\/p>\n<p>ZviZZer All Rounders Pads are a revolution in the world of polishing systems!<br \/>\nThe All-Rounder Pad is adapted to work on DA and rotary machines. It has an additional, closed-cell layer of a mixture of foam and rubber, to which we owe:<\/p>\n<ul>\n<li>vibration reduction,<\/li>\n<li>reduced heating of the rain,<\/li>\n<li>blocking the access of the paste to the velcro, which translates into even greater durability,<\/li>\n<li>thanks to the special profile and increased weight, the pad with the DA machine makes even better use of centrifugal force (dual movement is more effective).<\/li>\n<\/ul>\n<p>Dimensions: 90\/20\/80mm<\/p>","protected":false},"excerpt":{"rendered":"<p>ZviZZer All-Rounder Pad Red \u2013 pad polerski tn\u0105cy o wysokiej \u015bcieralno\u015bci, przeznaczony do usuwania ci\u0119\u017ckich zarysowa\u0144, zmatowie\u0144 oraz defekt\u00f3w lakierniczych. Czerwona g\u0105bka zbudowana z innowacyjnej pianki utrzymuje wysokie w\u0142a\u015bciwo\u015bci tn\u0105ce przez ca\u0142y cykl polerowania. Pad polerski All-Rounder Red Pad Heavy Cut dedykowany jest do u\u017cytku z past\u0105 ZviZZer HC4000 Red Heavy Cut ZviZZer All Rounders&hellip;&nbsp;<a href=\"https:\/\/liquidmaster.pl\/en\/zvizzer-all-rounder-pad-red-80mm-mocno-tnacy-pad-polerski\/\" rel=\"bookmark\">Read More \u00bb<span class=\"screen-reader-text\">ZviZZer All-Rounder Pad Red 80mm - hard cutting polishing pad<\/span><\/a><\/p>","protected":false},"featured_media":1847915,"comment_status":"open","ping_status":"open","template":"","meta":{"neve_meta_sidebar":"","neve_meta_container":"","neve_meta_enable_content_width":"","neve_meta_content_width":0,"neve_meta_title_alignment":"","neve_meta_author_avatar":"","neve_post_elements_order":"","neve_meta_disable_header":"","neve_meta_disable_footer":"","neve_meta_disable_title":"","_themeisle_gutenberg_block_has_review":false},"product_brand":[],"product_cat":[823,822,748],"product_tag":[386],"class_list":{"0":"post-1805105","1":"product","2":"type-product","3":"status-publish","4":"has-post-thumbnail","6":"product_cat-gabki-polerskie","7":"product_cat-pady-polerskie","8":"product_cat-polerowanie","9":"product_tag-zvizzer","11":"first","12":"instock","13":"taxable","14":"shipping-taxable","15":"purchasable","16":"product-type-simple"},"_links":{"self":[{"href":"https:\/\/liquidmaster.pl\/en\/wp-json\/wp\/v2\/product\/1805105","targetHints":{"allow":["GET"]}}],"collection":[{"href":"https:\/\/liquidmaster.pl\/en\/wp-json\/wp\/v2\/product"}],"about":[{"href":"https:\/\/liquidmaster.pl\/en\/wp-json\/wp\/v2\/types\/product"}],"replies":[{"embeddable":true,"href":"https:\/\/liquidmaster.pl\/en\/wp-json\/wp\/v2\/comments?post=1805105"}],"wp:featuredmedia":[{"embeddable":true,"href":"https:\/\/liquidmaster.pl\/en\/wp-json\/wp\/v2\/media\/1847915"}],"wp:attachment":[{"href":"https:\/\/liquidmaster.pl\/en\/wp-json\/wp\/v2\/media?parent=1805105"}],"wp:term":[{"taxonomy":"product_brand","embeddable":true,"href":"https:\/\/liquidmaster.pl\/en\/wp-json\/wp\/v2\/product_brand?post=1805105"},{"taxonomy":"product_cat","embeddable":true,"href":"https:\/\/liquidmaster.pl\/en\/wp-json\/wp\/v2\/product_cat?post=1805105"},{"taxonomy":"product_tag","embeddable":true,"href":"https:\/\/liquidmaster.pl\/en\/wp-json\/wp\/v2\/product_tag?post=1805105"}],"curies":[{"name":"wp","href":"https:\/\/api.w.org\/{rel}","templated":true}]}}