{"id":1805071,"date":"2025-03-28T15:06:55","date_gmt":"2025-03-28T13:06:55","guid":{"rendered":"https:\/\/liquidmaster.pl\/honey-combination-gabka-biala-seria-u-mocno-tnacy-pad-polerski-bialy-75-90-25mm\/"},"modified":"2026-04-18T04:34:20","modified_gmt":"2026-04-18T02:34:20","slug":"honey-combination-gabka-biala-seria-u-mocno-tnacy-pad-polerski-bialy-75-90-25mm","status":"publish","type":"product","link":"https:\/\/liquidmaster.pl\/en\/honey-combination-gabka-biala-seria-u-mocno-tnacy-pad-polerski-bialy-759025mm\/","title":{"rendered":"Honey Combination Sponge White Series U - High Cutting Polishing Pad White 75\/90\/25mm"},"content":{"rendered":"<p>The HONEY U series of sponges is made of selected foams intended for the detailing and painting industries. Made of open-cell foam (OCF TECHNOLOGY), which, thanks to its specificity, increases the polishing force and at the same time stabilizes the temperature, allowing cooling during work. The correct height of the sponge (30 mm) and the side profile thanks to the appropriate cut allow for greater safety of work in hard-to-reach places.<\/p>\n<p>\u00a0<\/p>\n<p>\nAvailable hardnesses:<\/p>\n<p>\u00a0<\/p>\n<ul>\n<li>White \u2013 very hard\u00a0<\/li>\n<li>Orange \u2013 hard<\/li>\n<li>Green \u2013 medium hard<\/li>\n<li>Gray \u2013 medium soft<\/li>\n<\/ul>\n<p>\nOCF technology and its advantages:<\/p>\n<p>\u00a0<\/p>\n<ul>\n<li>\u00a0performance and durability<\/li>\n<li>\u00a0operation at higher speeds without burning effect<\/li>\n<li>\u00a0maintaining a stable and safe temperature<\/li>\n<li>\u00a0air flow between the surface and the sponge\u00a0<\/li>\n<li>\u00a0reduces the load on polishing machines<\/li>\n<\/ul>\n<p>\nDiameter: 34mm<br \/>\nHeight: 30mm<br \/>\nFastening: Velcro<\/p>","protected":false},"excerpt":{"rendered":"<p>Seria g\u0105bek HONEY U, produkowana jest z wyselekcjonowanych pian przeznaczonych dla przemys\u0142u detailingowego i lakierniczego, Zbudowane z otwartokom\u00f3rkowej piany (TECHNOLOGY O.C.F.), kt\u00f3ra dzi\u0119ki swojej specyfice zwi\u0119ksza si\u0142\u0119 polerowania a jednocze\u015bnie stabilizuje temperatur\u0119 umo\u017cliwiaj\u0105c ch\u0142odzenie podczas wykonywanych prac. W\u0142a\u015bciwa wysoko\u015b\u0107 g\u0105bki (30mm) i boczny profil dzi\u0119ki odpowiedniemu \u015bci\u0119ciu pozwala na wi\u0119ksze bezpiecze\u0144stwo pracy w ci\u0119\u017cko dost\u0119pnych&hellip;&nbsp;<a href=\"https:\/\/liquidmaster.pl\/en\/honey-combination-gabka-biala-seria-u-mocno-tnacy-pad-polerski-bialy-759025mm\/\" rel=\"bookmark\">Read More \u00bb<span class=\"screen-reader-text\">Honey Combination Sponge White Series U - High Cutting Polishing Pad White 75\/90\/25mm<\/span><\/a><\/p>","protected":false},"featured_media":1847900,"comment_status":"open","ping_status":"open","template":"","meta":{"neve_meta_sidebar":"","neve_meta_container":"","neve_meta_enable_content_width":"","neve_meta_content_width":0,"neve_meta_title_alignment":"","neve_meta_author_avatar":"","neve_post_elements_order":"","neve_meta_disable_header":"","neve_meta_disable_footer":"","neve_meta_disable_title":"","_themeisle_gutenberg_block_has_review":false},"product_brand":[],"product_cat":[823,822,748],"product_tag":[304],"class_list":{"0":"post-1805071","1":"product","2":"type-product","3":"status-publish","4":"has-post-thumbnail","6":"product_cat-gabki-polerskie","7":"product_cat-pady-polerskie","8":"product_cat-polerowanie","9":"product_tag-honey","11":"first","12":"instock","13":"taxable","14":"shipping-taxable","15":"purchasable","16":"product-type-simple"},"_links":{"self":[{"href":"https:\/\/liquidmaster.pl\/en\/wp-json\/wp\/v2\/product\/1805071","targetHints":{"allow":["GET"]}}],"collection":[{"href":"https:\/\/liquidmaster.pl\/en\/wp-json\/wp\/v2\/product"}],"about":[{"href":"https:\/\/liquidmaster.pl\/en\/wp-json\/wp\/v2\/types\/product"}],"replies":[{"embeddable":true,"href":"https:\/\/liquidmaster.pl\/en\/wp-json\/wp\/v2\/comments?post=1805071"}],"wp:featuredmedia":[{"embeddable":true,"href":"https:\/\/liquidmaster.pl\/en\/wp-json\/wp\/v2\/media\/1847900"}],"wp:attachment":[{"href":"https:\/\/liquidmaster.pl\/en\/wp-json\/wp\/v2\/media?parent=1805071"}],"wp:term":[{"taxonomy":"product_brand","embeddable":true,"href":"https:\/\/liquidmaster.pl\/en\/wp-json\/wp\/v2\/product_brand?post=1805071"},{"taxonomy":"product_cat","embeddable":true,"href":"https:\/\/liquidmaster.pl\/en\/wp-json\/wp\/v2\/product_cat?post=1805071"},{"taxonomy":"product_tag","embeddable":true,"href":"https:\/\/liquidmaster.pl\/en\/wp-json\/wp\/v2\/product_tag?post=1805071"}],"curies":[{"name":"wp","href":"https:\/\/api.w.org\/{rel}","templated":true}]}}