{"id":1805057,"date":"2025-03-28T15:06:25","date_gmt":"2025-03-28T13:06:25","guid":{"rendered":"https:\/\/liquidmaster.pl\/carpro-dabdab-super-miekka-rekawica-do-mycia\/"},"modified":"2026-04-20T08:04:42","modified_gmt":"2026-04-20T06:04:42","slug":"carpro-dabdab-super-miekka-rekawica-do-mycia","status":"publish","type":"product","link":"https:\/\/liquidmaster.pl\/en\/carpro-dabdab-super-miekka-rekawica-do-mycia\/","title":{"rendered":"CarPro DabDab - super soft washing mitt"},"content":{"rendered":"<p>CarPro DabDab \u2013 is a super soft washing glove made of a special mixture of long and short fibers to safely remove dirt from protected and unprotected vehicles.\u00a0<\/p>\n<p>It has a stiffer core that follows the contours of the body to maximize contact area and improve dirt removal properties. The double-sided design allows more water and shampoo to be transferred from the bucket to the vehicle, providing more cleaning power and a safer wash. Simply wash part of the panel and then flip the DabDab over and move on or continue working on the same section. DabDab significantly increases washing efficiency.<\/p>\n<p>Dimensions: 21 x 18 cm<\/p>","protected":false},"excerpt":{"rendered":"<p>CarPro DabDab \u2013 to super mi\u0119kka r\u0119kawica do mycia wykonana ze specjalnej mieszaniny d\u0142ugich i kr\u00f3tkich w\u0142\u00f3kien, aby bezpiecznie usun\u0105\u0107 zabrudzenia z zabezpieczonych i niezabezpieczonych pojazd\u00f3w.\u00a0 Posiada sztywniejszy rdze\u0144, kt\u00f3ry dopasowuje si\u0119 do kontur\u00f3w nadwozia, aby zmaksymalizowa\u0107 powierzchni\u0119 styku i poprawi\u0107 w\u0142a\u015bciwo\u015bci usuwania brudu. Dwustronna konstrukcja umo\u017cliwia przenoszenie wi\u0119kszej ilo\u015bci wody i szamponu z wiadra&hellip;&nbsp;<a href=\"https:\/\/liquidmaster.pl\/en\/carpro-dabdab-super-miekka-rekawica-do-mycia\/\" rel=\"bookmark\">Read More \u00bb<span class=\"screen-reader-text\">CarPro DabDab - super soft washing mitt<\/span><\/a><\/p>","protected":false},"featured_media":1847017,"comment_status":"open","ping_status":"open","template":"","meta":{"neve_meta_sidebar":"","neve_meta_container":"","neve_meta_enable_content_width":"","neve_meta_content_width":0,"neve_meta_title_alignment":"","neve_meta_author_avatar":"","neve_post_elements_order":"","neve_meta_disable_header":"","neve_meta_disable_footer":"","neve_meta_disable_title":"","_themeisle_gutenberg_block_has_review":false},"product_brand":[],"product_cat":[734,733,764],"product_tag":[275],"class_list":{"0":"post-1805057","1":"product","2":"type-product","3":"status-publish","4":"has-post-thumbnail","6":"product_cat-mycie-i-osuszanie","7":"product_cat-na-zewnatrz","8":"product_cat-rekawice-i-gabki","9":"product_tag-carpro","11":"first","12":"instock","13":"taxable","14":"shipping-taxable","15":"purchasable","16":"product-type-simple"},"_links":{"self":[{"href":"https:\/\/liquidmaster.pl\/en\/wp-json\/wp\/v2\/product\/1805057","targetHints":{"allow":["GET"]}}],"collection":[{"href":"https:\/\/liquidmaster.pl\/en\/wp-json\/wp\/v2\/product"}],"about":[{"href":"https:\/\/liquidmaster.pl\/en\/wp-json\/wp\/v2\/types\/product"}],"replies":[{"embeddable":true,"href":"https:\/\/liquidmaster.pl\/en\/wp-json\/wp\/v2\/comments?post=1805057"}],"wp:featuredmedia":[{"embeddable":true,"href":"https:\/\/liquidmaster.pl\/en\/wp-json\/wp\/v2\/media\/1847017"}],"wp:attachment":[{"href":"https:\/\/liquidmaster.pl\/en\/wp-json\/wp\/v2\/media?parent=1805057"}],"wp:term":[{"taxonomy":"product_brand","embeddable":true,"href":"https:\/\/liquidmaster.pl\/en\/wp-json\/wp\/v2\/product_brand?post=1805057"},{"taxonomy":"product_cat","embeddable":true,"href":"https:\/\/liquidmaster.pl\/en\/wp-json\/wp\/v2\/product_cat?post=1805057"},{"taxonomy":"product_tag","embeddable":true,"href":"https:\/\/liquidmaster.pl\/en\/wp-json\/wp\/v2\/product_tag?post=1805057"}],"curies":[{"name":"wp","href":"https:\/\/api.w.org\/{rel}","templated":true}]}}