{"id":1805043,"date":"2025-03-28T15:04:50","date_gmt":"2025-03-28T13:04:50","guid":{"rendered":"https:\/\/liquidmaster.pl\/honey-combination-gabka-polerska-r-da-125-140-25-rzep\/"},"modified":"2026-04-18T04:34:15","modified_gmt":"2026-04-18T02:34:15","slug":"honey-combination-gabka-polerska-r-da-125-140-25-rzep","status":"publish","type":"product","link":"https:\/\/liquidmaster.pl\/en\/honey-combination-gabka-polerska-r-da-12514025-rzep\/","title":{"rendered":"Honey Combination Polishing sponge R-DA 125\/140\/25 Velcro"},"content":{"rendered":"<p class=\"cs95E872D0\">HONEY R-DA are polishing sponges designed for Dual Action polishing machines. <\/p>\n<p class=\"cs95E872D0\">Their dimensions and shape ensure high comfort of use, allowing for efficient work while maintaining precision on curved and flat surfaces. The central hole allows for correct, central positioning of the sponge on the mounting plate and ensures cooling. The sponges are made of the highest quality foam and strong Velcro. They withstand high speed operation and are characterized by high durability.<\/p>\n<p class=\"cs95E872D0\">\u00a0<\/p>\n<p class=\"cs95E872D0\">Diameter: 140mm<\/p>\n<p class=\"cs95E872D0\">Height: 25mm<\/p>\n<p class=\"cs95E872D0\">Fastening: Velcro<\/p>","protected":false},"excerpt":{"rendered":"<p>HONEY R-DA to g\u0105bki polerskie stworzone z my\u015bl\u0105 o maszynach polerskich typu Dual Action. Ich wymiary i kszta\u0142t zapewniaj\u0105 wysoki komfort u\u017cytkowania pozwalaj\u0105cy na sprawn\u0105 prac\u0119 z zachowaniem precyzyji na zakrzywionych jak i p\u0142askich powierzchniach. \u015arodkowy otw\u00f3r umo\u017cliwia poprawne, centryczne umiejscowienie g\u0105bki na talerzu mocuj\u0105cym i zapewnia ch\u0142odzenie. G\u0105bki wykonane s\u0105 z najwy\u017cszej jako\u015bci piany&hellip;&nbsp;<a href=\"https:\/\/liquidmaster.pl\/en\/honey-combination-gabka-polerska-r-da-12514025-rzep\/\" rel=\"bookmark\">Read More \u00bb<span class=\"screen-reader-text\">Honey Combination Polishing sponge R-DA 125\/140\/25 Velcro<\/span><\/a><\/p>","protected":false},"featured_media":1847885,"comment_status":"open","ping_status":"open","template":"","meta":{"neve_meta_sidebar":"","neve_meta_container":"","neve_meta_enable_content_width":"","neve_meta_content_width":0,"neve_meta_title_alignment":"","neve_meta_author_avatar":"","neve_post_elements_order":"","neve_meta_disable_header":"","neve_meta_disable_footer":"","neve_meta_disable_title":"","_themeisle_gutenberg_block_has_review":false},"product_brand":[],"product_cat":[823,822,748],"product_tag":[304],"class_list":{"0":"post-1805043","1":"product","2":"type-product","3":"status-publish","4":"has-post-thumbnail","6":"product_cat-gabki-polerskie","7":"product_cat-pady-polerskie","8":"product_cat-polerowanie","9":"product_tag-honey","11":"first","12":"instock","13":"taxable","14":"shipping-taxable","15":"purchasable","16":"product-type-simple"},"_links":{"self":[{"href":"https:\/\/liquidmaster.pl\/en\/wp-json\/wp\/v2\/product\/1805043","targetHints":{"allow":["GET"]}}],"collection":[{"href":"https:\/\/liquidmaster.pl\/en\/wp-json\/wp\/v2\/product"}],"about":[{"href":"https:\/\/liquidmaster.pl\/en\/wp-json\/wp\/v2\/types\/product"}],"replies":[{"embeddable":true,"href":"https:\/\/liquidmaster.pl\/en\/wp-json\/wp\/v2\/comments?post=1805043"}],"wp:featuredmedia":[{"embeddable":true,"href":"https:\/\/liquidmaster.pl\/en\/wp-json\/wp\/v2\/media\/1847885"}],"wp:attachment":[{"href":"https:\/\/liquidmaster.pl\/en\/wp-json\/wp\/v2\/media?parent=1805043"}],"wp:term":[{"taxonomy":"product_brand","embeddable":true,"href":"https:\/\/liquidmaster.pl\/en\/wp-json\/wp\/v2\/product_brand?post=1805043"},{"taxonomy":"product_cat","embeddable":true,"href":"https:\/\/liquidmaster.pl\/en\/wp-json\/wp\/v2\/product_cat?post=1805043"},{"taxonomy":"product_tag","embeddable":true,"href":"https:\/\/liquidmaster.pl\/en\/wp-json\/wp\/v2\/product_tag?post=1805043"}],"curies":[{"name":"wp","href":"https:\/\/api.w.org\/{rel}","templated":true}]}}