{"id":1805033,"date":"2025-03-28T15:04:28","date_gmt":"2025-03-28T13:04:28","guid":{"rendered":"https:\/\/liquidmaster.pl\/honey-combination-cone-mini-gabka-polerska-niebieska-m14-50x30\/"},"modified":"2026-04-21T08:14:35","modified_gmt":"2026-04-21T06:14:35","slug":"honey-combination-cone-mini-gabka-polerska-niebieska-m14-50x30","status":"publish","type":"product","link":"https:\/\/liquidmaster.pl\/en\/honey-combination-cone-mini-gabka-polerska-niebieska-m14-50x30\/","title":{"rendered":"Honey Combination Cone Mini Polishing Pad Blue (M14) 50X30"},"content":{"rendered":"<p>A cone for polishing hard-to-reach places (e.g. door recesses, rims, exhausts) is a tool that is always useful when renovating paint. Now you have the opportunity to make your work easier, faster and achieve a better end result.<\/p>\n<p>Fits any rotary machine with a standard M14 mounting.<\/p>\n<p>The presented cone is a durable product that you can easily clean after finishing work and use it during subsequent polishing works.<\/p>\n<p>Size: 50mm<\/p>\n<p>blue \u2013 hard<\/p>","protected":false},"excerpt":{"rendered":"<p>Sto\u017cek do polerowania trudno dost\u0119pnych miejsc (np. wn\u0119k drzwi, felg, wydech\u00f3w) to narz\u0119dzie, kt\u00f3re zawsze si\u0119 przydaje podczas renowacji lakieru. Teraz masz mo\u017cliwo\u015b\u0107 u\u0142atwienia swojej pracy, przy\u015bpieszenia jej oraz uzyskania lepszego efektu ko\u0144cowego. Pasuje do ka\u017cdej maszyny rotacyjnej o standardowym mocowaniu M14. Prezentowany sto\u017cek jest wytrzyma\u0142ym produktem, kt\u00f3ry po zako\u0144czonej pracy mo\u017cesz bez obaw wyczy\u015bci\u0107,&hellip;&nbsp;<a href=\"https:\/\/liquidmaster.pl\/en\/honey-combination-cone-mini-gabka-polerska-niebieska-m14-50x30\/\" rel=\"bookmark\">Read More \u00bb<span class=\"screen-reader-text\">Honey Combination Cone Mini Polishing Pad Blue (M14) 50X30<\/span><\/a><\/p>","protected":false},"featured_media":1847880,"comment_status":"open","ping_status":"open","template":"","meta":{"neve_meta_sidebar":"","neve_meta_container":"","neve_meta_enable_content_width":"","neve_meta_content_width":0,"neve_meta_title_alignment":"","neve_meta_author_avatar":"","neve_post_elements_order":"","neve_meta_disable_header":"","neve_meta_disable_footer":"","neve_meta_disable_title":"","_themeisle_gutenberg_block_has_review":false},"product_brand":[],"product_cat":[823,822,748],"product_tag":[304],"class_list":{"0":"post-1805033","1":"product","2":"type-product","3":"status-publish","4":"has-post-thumbnail","6":"product_cat-gabki-polerskie","7":"product_cat-pady-polerskie","8":"product_cat-polerowanie","9":"product_tag-honey","11":"first","12":"instock","13":"taxable","14":"shipping-taxable","15":"purchasable","16":"product-type-simple"},"_links":{"self":[{"href":"https:\/\/liquidmaster.pl\/en\/wp-json\/wp\/v2\/product\/1805033","targetHints":{"allow":["GET"]}}],"collection":[{"href":"https:\/\/liquidmaster.pl\/en\/wp-json\/wp\/v2\/product"}],"about":[{"href":"https:\/\/liquidmaster.pl\/en\/wp-json\/wp\/v2\/types\/product"}],"replies":[{"embeddable":true,"href":"https:\/\/liquidmaster.pl\/en\/wp-json\/wp\/v2\/comments?post=1805033"}],"wp:featuredmedia":[{"embeddable":true,"href":"https:\/\/liquidmaster.pl\/en\/wp-json\/wp\/v2\/media\/1847880"}],"wp:attachment":[{"href":"https:\/\/liquidmaster.pl\/en\/wp-json\/wp\/v2\/media?parent=1805033"}],"wp:term":[{"taxonomy":"product_brand","embeddable":true,"href":"https:\/\/liquidmaster.pl\/en\/wp-json\/wp\/v2\/product_brand?post=1805033"},{"taxonomy":"product_cat","embeddable":true,"href":"https:\/\/liquidmaster.pl\/en\/wp-json\/wp\/v2\/product_cat?post=1805033"},{"taxonomy":"product_tag","embeddable":true,"href":"https:\/\/liquidmaster.pl\/en\/wp-json\/wp\/v2\/product_tag?post=1805033"}],"curies":[{"name":"wp","href":"https:\/\/api.w.org\/{rel}","templated":true}]}}