{"id":1805023,"date":"2025-03-28T15:04:04","date_gmt":"2025-03-28T13:04:04","guid":{"rendered":"https:\/\/liquidmaster.pl\/shiny-garage-ceramic-foam-500ml-piana-aktywna-z-sio2\/"},"modified":"2026-04-18T04:26:19","modified_gmt":"2026-04-18T02:26:19","slug":"shiny-garage-ceramic-foam-500ml-piana-aktywna-z-sio2","status":"publish","type":"product","link":"https:\/\/liquidmaster.pl\/en\/shiny-garage-ceramic-foam-500ml-piana-aktywna-z-sio2\/","title":{"rendered":"Shiny Garage Ceramic Foam 500ml - active foam with SiO2"},"content":{"rendered":"<p>Shiny Garage Ceramic Foam \u2013 ceramic protection<\/p>\n<p>Using Ceramic Foam, we will protect all painted, glass and plastic surfaces. Ceramic Foam application is very simple. All you need is a manual or automatic foam applicator to spray. Then rinse the car thoroughly with water and that&#039;s it!<\/p>\n<p>Usage:<\/p>\n<ul>\n<li>apply to clean and cool varnish<\/li>\n<li>during the first application, dilute 100 ml of foam in 500 ml of water, for ongoing care and maintenance 25-50 ml per 500 ml of water<\/li>\n<li>rinse thoroughly with water and dry with a towel\u00a0<\/li>\n<li>do not allow the product to dry<\/li>\n<\/ul>\n<p>Capacity: 500 ml<\/p>","protected":false},"excerpt":{"rendered":"<p>Shiny Garage Ceramic Foam &#8211; ceramiczne zabezpieczenie Za pomoc\u0105\u00a0Ceramic Foam\u00a0zabezpieczymy wszelkie powierzchnie lakierowane, szklane i plastikowe. Aplikacja\u00a0Ceramic Foam\u00a0jest bardzo prosta. Wystarczy pianownica r\u0119czna b\u0105d\u017a automatyczna, dzi\u0119ki kt\u00f3rej wykonamy oprysk. Nast\u0119pie nale\u017cy dok\u0142adnie sp\u0142uka\u0107 samoch\u00f3d wod\u0105 i gotowe! Spos\u00f3b u\u017cycia: aplikuj na czysty i ch\u0142odny lakier podczas pierwszej aplikacji rozcie\u0144cz 100 ml piany w 500 ml&hellip;&nbsp;<a href=\"https:\/\/liquidmaster.pl\/en\/shiny-garage-ceramic-foam-500ml-piana-aktywna-z-sio2\/\" rel=\"bookmark\">Read More \u00bb<span class=\"screen-reader-text\">Shiny Garage Ceramic Foam 500ml - active foam with SiO2<\/span><\/a><\/p>","protected":false},"featured_media":1847004,"comment_status":"open","ping_status":"open","template":"","meta":{"neve_meta_sidebar":"","neve_meta_container":"","neve_meta_enable_content_width":"","neve_meta_content_width":0,"neve_meta_title_alignment":"","neve_meta_author_avatar":"","neve_post_elements_order":"","neve_meta_disable_header":"","neve_meta_disable_footer":"","neve_meta_disable_title":"","_themeisle_gutenberg_block_has_review":false},"product_brand":[],"product_cat":[734,733,753],"product_tag":[360],"class_list":{"0":"post-1805023","1":"product","2":"type-product","3":"status-publish","4":"has-post-thumbnail","6":"product_cat-mycie-i-osuszanie","7":"product_cat-na-zewnatrz","8":"product_cat-piany-aktywne-i-pianownice","9":"product_tag-shiny-garage","11":"first","12":"outofstock","13":"taxable","14":"shipping-taxable","15":"purchasable","16":"product-type-simple"},"_links":{"self":[{"href":"https:\/\/liquidmaster.pl\/en\/wp-json\/wp\/v2\/product\/1805023","targetHints":{"allow":["GET"]}}],"collection":[{"href":"https:\/\/liquidmaster.pl\/en\/wp-json\/wp\/v2\/product"}],"about":[{"href":"https:\/\/liquidmaster.pl\/en\/wp-json\/wp\/v2\/types\/product"}],"replies":[{"embeddable":true,"href":"https:\/\/liquidmaster.pl\/en\/wp-json\/wp\/v2\/comments?post=1805023"}],"wp:featuredmedia":[{"embeddable":true,"href":"https:\/\/liquidmaster.pl\/en\/wp-json\/wp\/v2\/media\/1847004"}],"wp:attachment":[{"href":"https:\/\/liquidmaster.pl\/en\/wp-json\/wp\/v2\/media?parent=1805023"}],"wp:term":[{"taxonomy":"product_brand","embeddable":true,"href":"https:\/\/liquidmaster.pl\/en\/wp-json\/wp\/v2\/product_brand?post=1805023"},{"taxonomy":"product_cat","embeddable":true,"href":"https:\/\/liquidmaster.pl\/en\/wp-json\/wp\/v2\/product_cat?post=1805023"},{"taxonomy":"product_tag","embeddable":true,"href":"https:\/\/liquidmaster.pl\/en\/wp-json\/wp\/v2\/product_tag?post=1805023"}],"curies":[{"name":"wp","href":"https:\/\/api.w.org\/{rel}","templated":true}]}}