{"id":1805019,"date":"2025-03-28T15:02:52","date_gmt":"2025-03-28T13:02:52","guid":{"rendered":"https:\/\/liquidmaster.pl\/evoxa-fukava-vacuum-gun-pneumatyczny-pistolet-czyszczacy-do-odkurzania\/"},"modified":"2026-04-18T04:34:11","modified_gmt":"2026-04-18T02:34:11","slug":"evoxa-fukava-vacuum-gun-pneumatyczny-pistolet-czyszczacy-do-odkurzania","status":"publish","type":"product","link":"https:\/\/liquidmaster.pl\/en\/evoxa-fukava-vacuum-gun-pneumatyczny-pistolet-czyszczacy-do-odkurzania\/","title":{"rendered":"Evoxa Fukava Vacuum Gun \u2013 pneumatic cleaning gun for vacuuming"},"content":{"rendered":"<p>Evoxa Fukava Vacuum Gun - the heart of all three models is an efficient turbine, equipped with branded bearings with specially selected parameters to enable operation at low pressures and air flows<\/p>\n<ul>\n<li>the model with a tank has a chemical valve that can be moved up and down, which is a better solution than ball valves. It is integrated with the aesthetic metal cap of the container<\/li>\n<li>The chemical container has an ergonomic notch that is easy to grip when filling<\/li>\n<li>models with and without a tank have a movable ball quick coupling that facilitates maneuvering during work<\/li>\n<\/ul>\n<p>High-performance turbine with a wide operating range. Japanese bearings with low resistance, sealed without contact with the balls.<\/p>\n<ul>\n<li>operating range: 3-9.5 bar<\/li>\n<li>revolutions: 3000 \u2013 9600 RPM<\/li>\n<li>air consumption: 150-350 l\/min<\/li>\n<\/ul>\n<p>At 7 bar pressure:<\/p>\n<ul>\n<li>approx. 7400 RPM<\/li>\n<li>air consumption: 290 l\/min<\/li>\n<\/ul>\n<p>Tank: 1000 ml<\/p>\n<p>Weight: 0.65 kg\u00a0\u00a0<\/p>\n<p>Recommended hose min. 8 mm internal diameter, preferably 10 mm<\/p>\n<p>Recommended oil and water filter at the compressor outlet with a filtration degree of 5-10 micron.<\/p>","protected":false},"excerpt":{"rendered":"<p>Evoxa Fukava Vacuum Gun &#8211; sercem wszystkich trzech modeli jest wydajna turbina, wyposa\u017cona w markowe \u0142o\u017cyska o specjalnie dobranych parametrach aby mo\u017cna by\u0142o pracowa\u0107 od niskich ci\u015bnie\u0144 i przep\u0142yw\u00f3w powietrza model ze zbiornikiem ma zaw\u00f3r chemii przesuwany g\u00f3ra-d\u00f3\u0142 co jest lepszym rozwi\u0105zaniem od zawor\u00f3w kulowych. Jest on zintegrowany z estetyczn\u0105 metalow\u0105 nakr\u0119tk\u0105 pojemnika pojemnik na&hellip;&nbsp;<a href=\"https:\/\/liquidmaster.pl\/en\/evoxa-fukava-vacuum-gun-pneumatyczny-pistolet-czyszczacy-do-odkurzania\/\" rel=\"bookmark\">Read More \u00bb<span class=\"screen-reader-text\">Evoxa Fukava Vacuum Gun \u2013 pneumatic cleaning gun for vacuuming<\/span><\/a><\/p>","protected":false},"featured_media":1847874,"comment_status":"open","ping_status":"open","template":"","meta":{"neve_meta_sidebar":"","neve_meta_container":"","neve_meta_enable_content_width":"","neve_meta_content_width":0,"neve_meta_title_alignment":"","neve_meta_author_avatar":"","neve_post_elements_order":"","neve_meta_disable_header":"","neve_meta_disable_footer":"","neve_meta_disable_title":"","_themeisle_gutenberg_block_has_review":false},"product_brand":[],"product_cat":[757,942,846],"product_tag":[290],"class_list":{"0":"post-1805019","1":"product","2":"type-product","3":"status-publish","4":"has-post-thumbnail","6":"product_cat-akcesoria","7":"product_cat-pneumatyczne-pistolety-czyszczace","8":"product_cat-reszta","9":"product_tag-evoxa","11":"first","12":"instock","13":"taxable","14":"shipping-taxable","15":"purchasable","16":"product-type-simple"},"_links":{"self":[{"href":"https:\/\/liquidmaster.pl\/en\/wp-json\/wp\/v2\/product\/1805019","targetHints":{"allow":["GET"]}}],"collection":[{"href":"https:\/\/liquidmaster.pl\/en\/wp-json\/wp\/v2\/product"}],"about":[{"href":"https:\/\/liquidmaster.pl\/en\/wp-json\/wp\/v2\/types\/product"}],"replies":[{"embeddable":true,"href":"https:\/\/liquidmaster.pl\/en\/wp-json\/wp\/v2\/comments?post=1805019"}],"wp:featuredmedia":[{"embeddable":true,"href":"https:\/\/liquidmaster.pl\/en\/wp-json\/wp\/v2\/media\/1847874"}],"wp:attachment":[{"href":"https:\/\/liquidmaster.pl\/en\/wp-json\/wp\/v2\/media?parent=1805019"}],"wp:term":[{"taxonomy":"product_brand","embeddable":true,"href":"https:\/\/liquidmaster.pl\/en\/wp-json\/wp\/v2\/product_brand?post=1805019"},{"taxonomy":"product_cat","embeddable":true,"href":"https:\/\/liquidmaster.pl\/en\/wp-json\/wp\/v2\/product_cat?post=1805019"},{"taxonomy":"product_tag","embeddable":true,"href":"https:\/\/liquidmaster.pl\/en\/wp-json\/wp\/v2\/product_tag?post=1805019"}],"curies":[{"name":"wp","href":"https:\/\/api.w.org\/{rel}","templated":true}]}}