{"id":1805013,"date":"2025-03-28T15:02:41","date_gmt":"2025-03-28T13:02:41","guid":{"rendered":"https:\/\/liquidmaster.pl\/deturner-interior-set-zestaw-do-czyszczenia-i-impregrnacji-wnetrza-auta\/"},"modified":"2026-04-18T04:26:18","modified_gmt":"2026-04-18T02:26:18","slug":"deturner-interior-set-zestaw-do-czyszczenia-i-impregrnacji-wnetrza-auta","status":"publish","type":"product","link":"https:\/\/liquidmaster.pl\/en\/deturner-interior-set-zestaw-do-czyszczenia-i-impregrnacji-wnetrza-auta\/","title":{"rendered":"Deturner Interior Set - a set for cleaning and impregnating the interior of the car"},"content":{"rendered":"<p>Deturner Interior Set \u2013 a set for cleaning and impregnating the car interior with accessories.<\/p>\n<p>Set contains:<\/p>\n<ul>\n<li>Ready Interior Cleaner 250 ml<\/li>\n<li>Interior Dressing 250 ml<\/li>\n<li>Brush White 21 mm<\/li>\n<li>Applicator<\/li>\n<li>Microfiber<\/li>\n<\/ul>\n<p>Ready Interior Cleaner<\/p>\n<p>A ready-made and efficient product for cleaning interior elements such as plastic, vinyl, upholstery and even leather. It has antibacterial properties. Its neutral pH and lack of harmful substances make it safe for all surfaces. It will remove dirt, dust, grease and remnants of impregnating preparations with one sweep of the microfiber. You can use a brush or brush to remove stubborn dirt. Prepares surfaces for dressing application. It has a pleasant, delicate scent that is not suffocating.<\/p>\n<p>Interior Dressing<\/p>\n<p>Nourishes all surfaces inside the car such as plastic, vinyl and rubber. Its main task is to enhance the color and preserve plastic elements. It does not contain solvents and the formula is based on natural ingredients, thanks to which all surfaces regain their former moisture and color, leaving a satin effect. Thanks to UV filters, it creates a protective and antistatic layer, reducing the adhesion of dirt. Leaves a pleasant scent inside.<\/p>","protected":false},"excerpt":{"rendered":"<p>Deturner Interior Set \u2013 zestaw do czyszczenia i impregnacji wn\u0119trza samochodu wraz z akcesoriami. Zestaw zawiera: Ready Interior Cleaner 250 ml Interior Dressing 250 ml Brush White 21 mm Aplikator Mikrofibra Ready Interior Cleaner Gotowy i wydajny produkt do czyszczenia element\u00f3w wn\u0119trza takich jak: plastik, winyl, tapicerka, a nawet sk\u00f3ry. Posiada w\u0142a\u015bciwo\u015bci antybakteryjne. Jego neutralne&hellip;&nbsp;<a href=\"https:\/\/liquidmaster.pl\/en\/deturner-interior-set-zestaw-do-czyszczenia-i-impregrnacji-wnetrza-auta\/\" rel=\"bookmark\">Read More \u00bb<span class=\"screen-reader-text\">Deturner Interior Set - a set for cleaning and impregnating the interior of the car<\/span><\/a><\/p>","protected":false},"featured_media":1846990,"comment_status":"open","ping_status":"open","template":"","meta":{"neve_meta_sidebar":"","neve_meta_container":"","neve_meta_enable_content_width":"","neve_meta_content_width":0,"neve_meta_title_alignment":"","neve_meta_author_avatar":"","neve_post_elements_order":"","neve_meta_disable_header":"","neve_meta_disable_footer":"","neve_meta_disable_title":"","_themeisle_gutenberg_block_has_review":false},"product_brand":[],"product_cat":[804,795,768],"product_tag":[287],"class_list":{"0":"post-1805013","1":"product","2":"type-product","3":"status-publish","4":"has-post-thumbnail","6":"product_cat-czyszczenie-plastikow-wewnetrznych","7":"product_cat-plastiki-wewnetrzne","8":"product_cat-wnetrze-auta","9":"product_tag-deturner","10":"pa_promocja-promocje","12":"first","13":"instock","14":"taxable","15":"shipping-taxable","16":"purchasable","17":"product-type-simple"},"_links":{"self":[{"href":"https:\/\/liquidmaster.pl\/en\/wp-json\/wp\/v2\/product\/1805013","targetHints":{"allow":["GET"]}}],"collection":[{"href":"https:\/\/liquidmaster.pl\/en\/wp-json\/wp\/v2\/product"}],"about":[{"href":"https:\/\/liquidmaster.pl\/en\/wp-json\/wp\/v2\/types\/product"}],"replies":[{"embeddable":true,"href":"https:\/\/liquidmaster.pl\/en\/wp-json\/wp\/v2\/comments?post=1805013"}],"wp:featuredmedia":[{"embeddable":true,"href":"https:\/\/liquidmaster.pl\/en\/wp-json\/wp\/v2\/media\/1846990"}],"wp:attachment":[{"href":"https:\/\/liquidmaster.pl\/en\/wp-json\/wp\/v2\/media?parent=1805013"}],"wp:term":[{"taxonomy":"product_brand","embeddable":true,"href":"https:\/\/liquidmaster.pl\/en\/wp-json\/wp\/v2\/product_brand?post=1805013"},{"taxonomy":"product_cat","embeddable":true,"href":"https:\/\/liquidmaster.pl\/en\/wp-json\/wp\/v2\/product_cat?post=1805013"},{"taxonomy":"product_tag","embeddable":true,"href":"https:\/\/liquidmaster.pl\/en\/wp-json\/wp\/v2\/product_tag?post=1805013"}],"curies":[{"name":"wp","href":"https:\/\/api.w.org\/{rel}","templated":true}]}}