{"id":1804985,"date":"2025-03-28T15:00:30","date_gmt":"2025-03-28T13:00:30","guid":{"rendered":"https:\/\/liquidmaster.pl\/gyeon-q2m-silkdryer-evo-70x90cm-bardzo-chlonny-recznik-do-osuszania-lakieru\/"},"modified":"2026-04-21T07:19:09","modified_gmt":"2026-04-21T05:19:09","slug":"gyeon-q2m-silkdryer-evo-70x90cm-bardzo-chlonny-recznik-do-osuszania-lakieru","status":"publish","type":"product","link":"https:\/\/liquidmaster.pl\/en\/gyeon-q2m-silkdryer-evo-70x90cm-bardzo-chlonny-recznik-do-osuszania-lakieru\/","title":{"rendered":"Gyeon Q2M Silkdryer EVO 70x90cm - a very absorbent towel for drying varnish"},"content":{"rendered":"<p>Gyeon Q2M Silkdryer EVO \u2013 the most innovative drying towel from 2015, Gyeon was the first to offer this drying technology in the world. Its unique synthetic fibers absorb huge amounts of water. Its important feature is that it glides super smoothly over the paint, ensuring a streak-free and scratch-free process, even on the most delicate finishes. Q\u00b2M Silk Dryer works equally well on both coated and unprotected cars.<\/p>\n<p>Care advice: Machine wash, max 30\u00b0C. Do not tumble dry. Do not iron. Do not bleach.<\/p>","protected":false},"excerpt":{"rendered":"<p>Gyeon Q2M Silkdryer EVO \u2013 to najbardziej innowacyjny r\u0119cznik do osuszania z 2015, Gyeon by\u0142 pierwszym, kto zaoferowa\u0142 t\u0119 technologi\u0119 osuszania na \u015bwiecie. Jego unikalne syntetyczne w\u0142\u00f3kna wch\u0142aniaj\u0105 ogromne ilo\u015bci wody. Jego wa\u017cn\u0105 cech\u0105 jest super g\u0142adkie prze\u015blizgiwanie si\u0119 po lakierze, zapewniaj\u0105ce wolny od smug i rys proces, nawet na najbardziej delikatnych wyko\u0144czeniach. Q\u00b2M Silk&hellip;&nbsp;<a href=\"https:\/\/liquidmaster.pl\/en\/gyeon-q2m-silkdryer-evo-70x90cm-bardzo-chlonny-recznik-do-osuszania-lakieru\/\" rel=\"bookmark\">Read More \u00bb<span class=\"screen-reader-text\">Gyeon Q2M Silkdryer EVO 70x90cm - a very absorbent towel for drying varnish<\/span><\/a><\/p>","protected":false},"featured_media":1847857,"comment_status":"open","ping_status":"open","template":"","meta":{"neve_meta_sidebar":"","neve_meta_container":"","neve_meta_enable_content_width":"","neve_meta_content_width":0,"neve_meta_title_alignment":"","neve_meta_author_avatar":"","neve_post_elements_order":"","neve_meta_disable_header":"","neve_meta_disable_footer":"","neve_meta_disable_title":"","_themeisle_gutenberg_block_has_review":false},"product_brand":[],"product_cat":[757,758,734,733,781],"product_tag":[302],"class_list":{"0":"post-1804985","1":"product","2":"type-product","3":"status-publish","4":"has-post-thumbnail","6":"product_cat-akcesoria","7":"product_cat-mikrofibry-i-reczniki","8":"product_cat-mycie-i-osuszanie","9":"product_cat-na-zewnatrz","10":"product_cat-reczniki-do-osuszania","11":"product_tag-gyeon","13":"first","14":"instock","15":"taxable","16":"shipping-taxable","17":"purchasable","18":"product-type-simple"},"_links":{"self":[{"href":"https:\/\/liquidmaster.pl\/en\/wp-json\/wp\/v2\/product\/1804985","targetHints":{"allow":["GET"]}}],"collection":[{"href":"https:\/\/liquidmaster.pl\/en\/wp-json\/wp\/v2\/product"}],"about":[{"href":"https:\/\/liquidmaster.pl\/en\/wp-json\/wp\/v2\/types\/product"}],"replies":[{"embeddable":true,"href":"https:\/\/liquidmaster.pl\/en\/wp-json\/wp\/v2\/comments?post=1804985"}],"wp:featuredmedia":[{"embeddable":true,"href":"https:\/\/liquidmaster.pl\/en\/wp-json\/wp\/v2\/media\/1847857"}],"wp:attachment":[{"href":"https:\/\/liquidmaster.pl\/en\/wp-json\/wp\/v2\/media?parent=1804985"}],"wp:term":[{"taxonomy":"product_brand","embeddable":true,"href":"https:\/\/liquidmaster.pl\/en\/wp-json\/wp\/v2\/product_brand?post=1804985"},{"taxonomy":"product_cat","embeddable":true,"href":"https:\/\/liquidmaster.pl\/en\/wp-json\/wp\/v2\/product_cat?post=1804985"},{"taxonomy":"product_tag","embeddable":true,"href":"https:\/\/liquidmaster.pl\/en\/wp-json\/wp\/v2\/product_tag?post=1804985"}],"curies":[{"name":"wp","href":"https:\/\/api.w.org\/{rel}","templated":true}]}}