{"id":1804977,"date":"2025-03-28T15:00:05","date_gmt":"2025-03-28T13:00:05","guid":{"rendered":"https:\/\/liquidmaster.pl\/gyeon-q2m-leatherwipe-evo-mikrofibra-do-kazdego-rodzaju-tapicerki-skorzanej-40x40cm-2-pak\/"},"modified":"2026-04-18T04:34:04","modified_gmt":"2026-04-18T02:34:04","slug":"gyeon-q2m-leatherwipe-evo-mikrofibra-do-kazdego-rodzaju-tapicerki-skorzanej-40x40cm-2-pak","status":"publish","type":"product","link":"https:\/\/liquidmaster.pl\/en\/gyeon-q2m-leatherwipe-evo-mikrofibra-do-kazdego-rodzaju-tapicerki-skorzanej-40x40cm-2-pak\/","title":{"rendered":"Gyeon Q2M LeatherWipe EVO - microfiber for all types of leather upholstery 40x40cm 2-pack"},"content":{"rendered":"<p>Gyeon Q2M LeatherWipe EVO \u2013 short fibers, no edges. Q\u00b2M LeatherWipe EVO is delicate and absorbent. Perfect for removing dirt and cleaning agent residues from all types of leather upholstery.<\/p>\n<p>It is also very effective on Alcantara. Precise, safe and edgeless finish thanks to ultrasonic cutting.<\/p>\n<p>Size: 40 x 40 cm<\/p>","protected":false},"excerpt":{"rendered":"<p>Gyeon Q2M LeatherWipe EVO \u2013 kr\u00f3tkie w\u0142\u00f3kna, brak kraw\u0119dzi. Q\u00b2M LeatherWipe EVO jest delikatna a przy tym ch\u0142onna. Idealna do usuwania brudu i pozosta\u0142o\u015bci \u015brodk\u00f3w czyszcz\u0105cych z ka\u017cdego rodzaju sk\u00f3rzanej tapicerki. Jest r\u00f3wnie\u017c bardzo efektywna w przypadku alcantary. Precyzyjne, bezpieczne i bezkraw\u0119dziowe wyko\u0144czenie dzi\u0119ki ci\u0119ciu ultrad\u017awi\u0119kowemu. Rozmiar: 40 x 40 cm<\/p>","protected":false},"featured_media":1847853,"comment_status":"open","ping_status":"open","template":"","meta":{"neve_meta_sidebar":"","neve_meta_container":"","neve_meta_enable_content_width":"","neve_meta_content_width":0,"neve_meta_title_alignment":"","neve_meta_author_avatar":"","neve_post_elements_order":"","neve_meta_disable_header":"","neve_meta_disable_footer":"","neve_meta_disable_title":"","_themeisle_gutenberg_block_has_review":false},"product_brand":[],"product_cat":[834,816,768],"product_tag":[302],"class_list":{"0":"post-1804977","1":"product","2":"type-product","3":"status-publish","4":"has-post-thumbnail","6":"product_cat-czyszczenie-skory","7":"product_cat-tapicerka-skorzana","8":"product_cat-wnetrze-auta","9":"product_tag-gyeon","11":"first","12":"instock","13":"taxable","14":"shipping-taxable","15":"purchasable","16":"product-type-simple"},"_links":{"self":[{"href":"https:\/\/liquidmaster.pl\/en\/wp-json\/wp\/v2\/product\/1804977","targetHints":{"allow":["GET"]}}],"collection":[{"href":"https:\/\/liquidmaster.pl\/en\/wp-json\/wp\/v2\/product"}],"about":[{"href":"https:\/\/liquidmaster.pl\/en\/wp-json\/wp\/v2\/types\/product"}],"replies":[{"embeddable":true,"href":"https:\/\/liquidmaster.pl\/en\/wp-json\/wp\/v2\/comments?post=1804977"}],"wp:featuredmedia":[{"embeddable":true,"href":"https:\/\/liquidmaster.pl\/en\/wp-json\/wp\/v2\/media\/1847853"}],"wp:attachment":[{"href":"https:\/\/liquidmaster.pl\/en\/wp-json\/wp\/v2\/media?parent=1804977"}],"wp:term":[{"taxonomy":"product_brand","embeddable":true,"href":"https:\/\/liquidmaster.pl\/en\/wp-json\/wp\/v2\/product_brand?post=1804977"},{"taxonomy":"product_cat","embeddable":true,"href":"https:\/\/liquidmaster.pl\/en\/wp-json\/wp\/v2\/product_cat?post=1804977"},{"taxonomy":"product_tag","embeddable":true,"href":"https:\/\/liquidmaster.pl\/en\/wp-json\/wp\/v2\/product_tag?post=1804977"}],"curies":[{"name":"wp","href":"https:\/\/api.w.org\/{rel}","templated":true}]}}