{"id":1804975,"date":"2025-03-28T15:00:05","date_gmt":"2025-03-28T13:00:05","guid":{"rendered":"https:\/\/liquidmaster.pl\/gyeon-q2m-interiorwipe-evo-40x40-2-pak-bezkrawedziowa-mikrofibra-do-wnetrza\/"},"modified":"2026-04-18T04:34:04","modified_gmt":"2026-04-18T02:34:04","slug":"gyeon-q2m-interiorwipe-evo-40x40-2-pak-bezkrawedziowa-mikrofibra-do-wnetrza","status":"publish","type":"product","link":"https:\/\/liquidmaster.pl\/en\/gyeon-q2m-interiorwipe-evo-40x40-2-pak-bezkrawedziowa-mikrofibra-do-wnetrza\/","title":{"rendered":"Gyeon Q2M InteriorWipe EVO 40\u00d740 2-pack - edgeless microfiber for the interior"},"content":{"rendered":"<p>Gyeon Q2M InteriorWipe EVO \u2013 the perfect choice for cleaning all types of materials inside the car. The plush, double-sided towel is absorbent and effectively removes all types of dust, dirt and cleaning agent residues. Thanks to modern ultrasonic cutting, the edges are even more delicate than before.<\/p>\n<p>Size: 40 x 40 cm<\/p>","protected":false},"excerpt":{"rendered":"<p>Gyeon Q2M InteriorWipe EVO \u2013 to idealny wyb\u00f3r do czyszczenia wszystkich rodzaj\u00f3w materia\u0142\u00f3w wewn\u0105trz auta. Pluszowy, dwustronny r\u0119cznik jest ch\u0142onny i skutecznie usuwa wszelkiego rodzaju kurz, brud czy pozosta\u0142o\u015bci \u015brodk\u00f3w czyszcz\u0105cych. Dzi\u0119ki nowoczesnemu ci\u0119ciu ultrad\u017awi\u0119kowemu kraw\u0119dzie s\u0105 jeszcze delikatniejsze ni\u017c wcze\u015bniej. Rozmiar: 40 x 40 cm<\/p>","protected":false},"featured_media":1847852,"comment_status":"open","ping_status":"open","template":"","meta":{"neve_meta_sidebar":"","neve_meta_container":"","neve_meta_enable_content_width":"","neve_meta_content_width":0,"neve_meta_title_alignment":"","neve_meta_author_avatar":"","neve_post_elements_order":"","neve_meta_disable_header":"","neve_meta_disable_footer":"","neve_meta_disable_title":"","_themeisle_gutenberg_block_has_review":false},"product_brand":[],"product_cat":[853,799,768],"product_tag":[302],"class_list":{"0":"post-1804975","1":"product","2":"type-product","3":"status-publish","4":"has-post-thumbnail","6":"product_cat-mikrofibry-do-wnetrza","7":"product_cat-narzedzia-i-akcesoria","8":"product_cat-wnetrze-auta","9":"product_tag-gyeon","11":"first","12":"instock","13":"taxable","14":"shipping-taxable","15":"purchasable","16":"product-type-simple"},"_links":{"self":[{"href":"https:\/\/liquidmaster.pl\/en\/wp-json\/wp\/v2\/product\/1804975","targetHints":{"allow":["GET"]}}],"collection":[{"href":"https:\/\/liquidmaster.pl\/en\/wp-json\/wp\/v2\/product"}],"about":[{"href":"https:\/\/liquidmaster.pl\/en\/wp-json\/wp\/v2\/types\/product"}],"replies":[{"embeddable":true,"href":"https:\/\/liquidmaster.pl\/en\/wp-json\/wp\/v2\/comments?post=1804975"}],"wp:featuredmedia":[{"embeddable":true,"href":"https:\/\/liquidmaster.pl\/en\/wp-json\/wp\/v2\/media\/1847852"}],"wp:attachment":[{"href":"https:\/\/liquidmaster.pl\/en\/wp-json\/wp\/v2\/media?parent=1804975"}],"wp:term":[{"taxonomy":"product_brand","embeddable":true,"href":"https:\/\/liquidmaster.pl\/en\/wp-json\/wp\/v2\/product_brand?post=1804975"},{"taxonomy":"product_cat","embeddable":true,"href":"https:\/\/liquidmaster.pl\/en\/wp-json\/wp\/v2\/product_cat?post=1804975"},{"taxonomy":"product_tag","embeddable":true,"href":"https:\/\/liquidmaster.pl\/en\/wp-json\/wp\/v2\/product_tag?post=1804975"}],"curies":[{"name":"wp","href":"https:\/\/api.w.org\/{rel}","templated":true}]}}