{"id":1804971,"date":"2025-03-28T15:00:05","date_gmt":"2025-03-28T13:00:05","guid":{"rendered":"https:\/\/liquidmaster.pl\/gyeon-q2m-interiorpack-evo-zestaw-mikrofibr-do-wnetrza-4-pak\/"},"modified":"2026-04-18T04:34:03","modified_gmt":"2026-04-18T02:34:03","slug":"gyeon-q2m-interiorpack-evo-zestaw-mikrofibr-do-wnetrza-4-pak","status":"publish","type":"product","link":"https:\/\/liquidmaster.pl\/en\/gyeon-q2m-interiorpack-evo-zestaw-mikrofibr-do-wnetrza-4-pak\/","title":{"rendered":"Gyeon Q2M InteriorPack EVO - a set of microfibers for the interior 4-pack"},"content":{"rendered":"<p>Gyeon Q2M InteriorPack EVO \u2013 short fibers, no edges. Q\u00b2M LeatherWipe EVO is delicate and absorbent. Perfect for removing dirt and cleaning agent residues from all types of leather upholstery.<\/p>\n<p>It is also very effective on Alcantara. Ultrasonic cutting ensures a precise, safe and edgeless finish. Q\u00b2M InteriorWipe EVO is the perfect choice<br \/>\nfor cleaning all types of finishes. The plush, double-sided towel is absorbent and effectively removes all types of dust, dirt and cleaning agent residues. Thanks<br \/>\nThanks to modern ultrasonic cutting, the edges are even more delicate than before. Q\u00b2M GlassWipe EVO is the most effective way to remove streaks and water stains from windows. Thanks<br \/>\n390 g\/m\u00b2 absorbs dirt along with the glass cleaning liquid used, leaving only clean glass behind.<\/p>\n<p>Contents of the package:<\/p>\n<ul>\n<li>1 x Q\u00b2M LeatherWipe EVO<\/li>\n<li>2 x Q\u00b2M InteriorWipe EVO<\/li>\n<li>1 x Q\u00b2M GlassWipe EVO<\/li>\n<\/ul>\n<p>Dimensions: 40 x 40 cm<\/p>","protected":false},"excerpt":{"rendered":"<p>Gyeon Q2M InteriorPack EVO \u2013 kr\u00f3tkie w\u0142\u00f3kna, brak kraw\u0119dzi. Q\u00b2M LeatherWipe EVO jest delikatna a przy tym ch\u0142onna. Idealna do usuwania brudu i pozosta\u0142o\u015bci \u015brodk\u00f3w czyszcz\u0105cych z ka\u017cdego rodzaju sk\u00f3rzanej tapicerki. Jest r\u00f3wnie\u017c bardzo efektywna w przypadku alcantary. Ci\u0119cie ultrad\u017awi\u0119kowe zapewnia precyzyjne, bezpieczne I bezkraw\u0119dziowe wyko\u0144czenie. Q\u00b2M InteriorWipe EVO to idealny wyb\u00f3r do czyszczenia wszystkich&hellip;&nbsp;<a href=\"https:\/\/liquidmaster.pl\/en\/gyeon-q2m-interiorpack-evo-zestaw-mikrofibr-do-wnetrza-4-pak\/\" rel=\"bookmark\">Read More \u00bb<span class=\"screen-reader-text\">Gyeon Q2M InteriorPack EVO - a set of microfibers for the interior 4-pack<\/span><\/a><\/p>","protected":false},"featured_media":1847851,"comment_status":"open","ping_status":"open","template":"","meta":{"neve_meta_sidebar":"","neve_meta_container":"","neve_meta_enable_content_width":"","neve_meta_content_width":0,"neve_meta_title_alignment":"","neve_meta_author_avatar":"","neve_post_elements_order":"","neve_meta_disable_header":"","neve_meta_disable_footer":"","neve_meta_disable_title":"","_themeisle_gutenberg_block_has_review":false},"product_brand":[],"product_cat":[853,799,768],"product_tag":[302],"class_list":{"0":"post-1804971","1":"product","2":"type-product","3":"status-publish","4":"has-post-thumbnail","6":"product_cat-mikrofibry-do-wnetrza","7":"product_cat-narzedzia-i-akcesoria","8":"product_cat-wnetrze-auta","9":"product_tag-gyeon","11":"first","12":"instock","13":"taxable","14":"shipping-taxable","15":"purchasable","16":"product-type-simple"},"_links":{"self":[{"href":"https:\/\/liquidmaster.pl\/en\/wp-json\/wp\/v2\/product\/1804971","targetHints":{"allow":["GET"]}}],"collection":[{"href":"https:\/\/liquidmaster.pl\/en\/wp-json\/wp\/v2\/product"}],"about":[{"href":"https:\/\/liquidmaster.pl\/en\/wp-json\/wp\/v2\/types\/product"}],"replies":[{"embeddable":true,"href":"https:\/\/liquidmaster.pl\/en\/wp-json\/wp\/v2\/comments?post=1804971"}],"wp:featuredmedia":[{"embeddable":true,"href":"https:\/\/liquidmaster.pl\/en\/wp-json\/wp\/v2\/media\/1847851"}],"wp:attachment":[{"href":"https:\/\/liquidmaster.pl\/en\/wp-json\/wp\/v2\/media?parent=1804971"}],"wp:term":[{"taxonomy":"product_brand","embeddable":true,"href":"https:\/\/liquidmaster.pl\/en\/wp-json\/wp\/v2\/product_brand?post=1804971"},{"taxonomy":"product_cat","embeddable":true,"href":"https:\/\/liquidmaster.pl\/en\/wp-json\/wp\/v2\/product_cat?post=1804971"},{"taxonomy":"product_tag","embeddable":true,"href":"https:\/\/liquidmaster.pl\/en\/wp-json\/wp\/v2\/product_tag?post=1804971"}],"curies":[{"name":"wp","href":"https:\/\/api.w.org\/{rel}","templated":true}]}}