{"id":1804931,"date":"2025-03-28T14:56:29","date_gmt":"2025-03-28T12:56:29","guid":{"rendered":"https:\/\/liquidmaster.pl\/sonax-profiline-water-spot-remover-1l-preparat-do-usuwania-sladow-po-twardej-wodzie\/"},"modified":"2026-04-21T08:14:13","modified_gmt":"2026-04-21T06:14:13","slug":"sonax-profiline-water-spot-remover-1l-preparat-do-usuwania-sladow-po-twardej-wodzie","status":"publish","type":"product","link":"https:\/\/liquidmaster.pl\/en\/sonax-profiline-water-spot-remover-1l-preparat-do-usuwania-sladow-po-twardej-wodzie\/","title":{"rendered":"SONAX Profiline Water Spot Remover 1L - Preparation for removing traces of hard water"},"content":{"rendered":"<p>A preparation for removing deposits resulting from water evaporation from all external vehicle elements, including foils and matte varnishes. Does not contain hydrofluoric acid.<\/p>\n<p>Please wash and dry the vehicle before use. Depending on the degree of dirt, spray directly on the element to be cleaned, leave for a while and then wipe with a microfiber cloth. In case of slight dirt, apply to a cloth and then wipe the varnish.<\/p>","protected":false},"excerpt":{"rendered":"<p>Preparat do usuwania osad\u00f3w powsta\u0142ych w wyniku odparowania wody ze wszystkich zewn\u0119trznych element\u00f3w pojazdu, w tym z folii i lakier\u00f3w matowych. Nie zawiera kwasu fluorowodorowego. Przed u\u017cyciem nale\u017cy umy\u0107 i osuszy\u0107 pojazd. W zale\u017cno\u015bci od stopnia zabrudzenia rozpyli\u0107 bezpo\u015brednio na czyszczony element, pozostawi\u0107 chwil\u0119 do dzia\u0142ania a nast\u0119pnie wytrze\u0107 \u015bciereczk\u0105 z mikrofibry . W przypadku&hellip;&nbsp;<a href=\"https:\/\/liquidmaster.pl\/en\/sonax-profiline-water-spot-remover-1l-preparat-do-usuwania-sladow-po-twardej-wodzie\/\" rel=\"bookmark\">Read More \u00bb<span class=\"screen-reader-text\">SONAX Profiline Water Spot Remover 1L - Preparation for removing traces of hard water<\/span><\/a><\/p>","protected":false},"featured_media":1847830,"comment_status":"open","ping_status":"open","template":"","meta":{"neve_meta_sidebar":"","neve_meta_container":"","neve_meta_enable_content_width":"","neve_meta_content_width":0,"neve_meta_title_alignment":"","neve_meta_author_avatar":"","neve_post_elements_order":"","neve_meta_disable_header":"","neve_meta_disable_footer":"","neve_meta_disable_title":"","_themeisle_gutenberg_block_has_review":false},"product_brand":[],"product_cat":[743,733,852],"product_tag":[363],"class_list":{"0":"post-1804931","1":"product","2":"type-product","3":"status-publish","4":"has-post-thumbnail","6":"product_cat-dekontaminacja","7":"product_cat-na-zewnatrz","8":"product_cat-usuwanie-waterspotow","9":"product_tag-sonax","11":"first","12":"instock","13":"taxable","14":"shipping-taxable","15":"purchasable","16":"product-type-simple"},"_links":{"self":[{"href":"https:\/\/liquidmaster.pl\/en\/wp-json\/wp\/v2\/product\/1804931","targetHints":{"allow":["GET"]}}],"collection":[{"href":"https:\/\/liquidmaster.pl\/en\/wp-json\/wp\/v2\/product"}],"about":[{"href":"https:\/\/liquidmaster.pl\/en\/wp-json\/wp\/v2\/types\/product"}],"replies":[{"embeddable":true,"href":"https:\/\/liquidmaster.pl\/en\/wp-json\/wp\/v2\/comments?post=1804931"}],"wp:featuredmedia":[{"embeddable":true,"href":"https:\/\/liquidmaster.pl\/en\/wp-json\/wp\/v2\/media\/1847830"}],"wp:attachment":[{"href":"https:\/\/liquidmaster.pl\/en\/wp-json\/wp\/v2\/media?parent=1804931"}],"wp:term":[{"taxonomy":"product_brand","embeddable":true,"href":"https:\/\/liquidmaster.pl\/en\/wp-json\/wp\/v2\/product_brand?post=1804931"},{"taxonomy":"product_cat","embeddable":true,"href":"https:\/\/liquidmaster.pl\/en\/wp-json\/wp\/v2\/product_cat?post=1804931"},{"taxonomy":"product_tag","embeddable":true,"href":"https:\/\/liquidmaster.pl\/en\/wp-json\/wp\/v2\/product_tag?post=1804931"}],"curies":[{"name":"wp","href":"https:\/\/api.w.org\/{rel}","templated":true}]}}