{"id":1804925,"date":"2025-03-28T14:56:07","date_gmt":"2025-03-28T12:56:07","guid":{"rendered":"https:\/\/liquidmaster.pl\/soft99-fukupika-wash-wax-chusteczki-do-czyszczenia-lakieru\/"},"modified":"2026-04-20T08:13:07","modified_gmt":"2026-04-20T06:13:07","slug":"soft99-fukupika-wash-wax-chusteczki-do-czyszczenia-lakieru","status":"publish","type":"product","link":"https:\/\/liquidmaster.pl\/en\/soft99-fukupika-wash-wax-chusteczki-do-czyszczenia-lakieru\/","title":{"rendered":"Soft99 Fukupika Wash &amp; Wax - Wipes for cleaning paintwork"},"content":{"rendered":"<p>New formula of Fukupika wipes for external use<\/p>\n<p>Fukupika Wash &amp; Wax Wipes are three-layer wipes that effectively collect dirt and dust inside the wipe, which helps avoid scratches on the paint surface during cleaning. The sheets are soaked in the famous Fukupika quick detailer, which perfectly protects the surface with a hydrophobic coating, limiting the adhesion of water and dust.<\/p>\n<\/p>\n<p>Express application and convenience<\/p>\n<p>The handy package can easily fit into any glove compartment in your car, so you can easily get rid of newly formed dirt, e.g. while stopping at a gas station. One package contains 12 pieces of cloths.<\/p>\n<\/p>\n<p class=\"dpr-spec-tabels-col-title\">Usage<\/p>\n<tr>\n\t\t\t1.<br \/>\n\t\t\tOpen the package and take out one wipe.<br \/>\n\t\t<\/tr>\n<tr>\n\t\t\t2.<br \/>\n\t\t\tFold it up and wipe the varnish gently, removing dirt.<br \/>\n\t\t<\/tr>\n<tr>\n\t\t\t3.<br \/>\n\t\t\tFold the dirty tissue in half and continue wiping the varnish.<br \/>\n\t\t<\/tr>\n<tr>\n\t\t\t4.<br \/>\n\t\t\tFor very dirty surfaces, wipe the dirt lightly at the beginning, then continue with the clean side of the cloth.<br \/>\n\t\t<\/tr>\n<tr>\n\t\t\t5.<br \/>\n\t\t\tIf the product becomes excessively dirty or dry, use a new wipe.<br \/>\n\t\t<\/tr>\n<tr>\n<p>\t\t\tAdvice<br \/>\n\t\t<\/tr>\n<tr>\n\t\t\t\u00a0<\/p>\n<p>Treat used tissues as flammable waste.<\/p>\n<p>\t\t\t\u00a0<\/p>\n<\/tr>","protected":false},"excerpt":{"rendered":"<p>Nowa formu\u0142a \u015bciereczek Fukupika do u\u017cytku zewn\u0119trznego Fukupika Wash &#038; Wax Wipes to trzywarstwowe chusteczki, kt\u00f3re efektywnie zbieraj\u0105 kurz i py\u0142 do wewn\u0105trz chusteczki,\u00a0przez co podczas czyszczenia unikniesz zarysowa\u0144 na powierzchni\u0119 lakieru. Arkusze nas\u0105czone s\u0105 s\u0142ynnym quick detailerem Fukupika, przez co \u015bwietnie zabezpieczaj\u0105 powierzchni\u0119 pow\u0142ok\u0105 hydrofobow\u0105, ograniczaj\u0105c przywieranie wody i kurzu. Ekspresowa aplikacja i wygoda&hellip;&nbsp;<a href=\"https:\/\/liquidmaster.pl\/en\/soft99-fukupika-wash-wax-chusteczki-do-czyszczenia-lakieru\/\" rel=\"bookmark\">Read More \u00bb<span class=\"screen-reader-text\">Soft99 Fukupika Wash &amp; Wax - Wipes for cleaning paintwork<\/span><\/a><\/p>","protected":false},"featured_media":1847827,"comment_status":"open","ping_status":"open","template":"","meta":{"neve_meta_sidebar":"","neve_meta_container":"","neve_meta_enable_content_width":"","neve_meta_content_width":0,"neve_meta_title_alignment":"","neve_meta_author_avatar":"","neve_post_elements_order":"","neve_meta_disable_header":"","neve_meta_disable_footer":"","neve_meta_disable_title":"","_themeisle_gutenberg_block_has_review":false},"product_brand":[],"product_cat":[734,733,740],"product_tag":[362],"class_list":{"0":"post-1804925","1":"product","2":"type-product","3":"status-publish","4":"has-post-thumbnail","6":"product_cat-mycie-i-osuszanie","7":"product_cat-na-zewnatrz","8":"product_cat-szampony-mycie-i-osuszanie","9":"product_tag-soft99","11":"first","12":"outofstock","13":"taxable","14":"shipping-taxable","15":"purchasable","16":"product-type-simple"},"_links":{"self":[{"href":"https:\/\/liquidmaster.pl\/en\/wp-json\/wp\/v2\/product\/1804925","targetHints":{"allow":["GET"]}}],"collection":[{"href":"https:\/\/liquidmaster.pl\/en\/wp-json\/wp\/v2\/product"}],"about":[{"href":"https:\/\/liquidmaster.pl\/en\/wp-json\/wp\/v2\/types\/product"}],"replies":[{"embeddable":true,"href":"https:\/\/liquidmaster.pl\/en\/wp-json\/wp\/v2\/comments?post=1804925"}],"wp:featuredmedia":[{"embeddable":true,"href":"https:\/\/liquidmaster.pl\/en\/wp-json\/wp\/v2\/media\/1847827"}],"wp:attachment":[{"href":"https:\/\/liquidmaster.pl\/en\/wp-json\/wp\/v2\/media?parent=1804925"}],"wp:term":[{"taxonomy":"product_brand","embeddable":true,"href":"https:\/\/liquidmaster.pl\/en\/wp-json\/wp\/v2\/product_brand?post=1804925"},{"taxonomy":"product_cat","embeddable":true,"href":"https:\/\/liquidmaster.pl\/en\/wp-json\/wp\/v2\/product_cat?post=1804925"},{"taxonomy":"product_tag","embeddable":true,"href":"https:\/\/liquidmaster.pl\/en\/wp-json\/wp\/v2\/product_tag?post=1804925"}],"curies":[{"name":"wp","href":"https:\/\/api.w.org\/{rel}","templated":true}]}}