{"id":1804917,"date":"2025-03-28T14:54:49","date_gmt":"2025-03-28T12:54:49","guid":{"rendered":"https:\/\/liquidmaster.pl\/soft99-fukupika-bugs-droppings-removal-chusteczki-do-usuwania-zabrudzen-organicznych-8-szt\/"},"modified":"2026-04-18T04:33:54","modified_gmt":"2026-04-18T02:33:54","slug":"soft99-fukupika-bugs-droppings-removal-chusteczki-do-usuwania-zabrudzen-organicznych-8-szt","status":"publish","type":"product","link":"https:\/\/liquidmaster.pl\/en\/soft99-fukupika-bugs-droppings-removal-chusteczki-do-usuwania-zabrudzen-organicznych-8-szt\/","title":{"rendered":"Soft99 Fukupika Bugs &amp; Droppings Removal \u2013 Organic Stain Removal Wipes, 8 pcs."},"content":{"rendered":"<p>Spring and summer only seem to give your body a break. Regardless of whether you travel a lot or little, there will certainly be a lot of dead insects on the front of your car during this period. You can, of course, use a high-pressure washer. However, you probably know that after several such washes, your bodywork will no longer look the same as before. That&#039;s why we have an offer for you. Easy to use, you can always have them at hand - FUKUPIKA wipes. They remove organic dirt, dead worms, bird droppings and resin. Thanks to FUKUPIKA, your car&#039;s paint will remain shiny for a long time. FUKUPIKA wipes are an ecological product. <\/p>","protected":false},"excerpt":{"rendered":"<p>Wiosna i lato tylko pozornie daj\u0105 wytchnienie Twojej karoserii. Niewa\u017cne czy podr\u00f3\u017cujesz du\u017co czy ma\u0142o, z pewno\u015bci\u0105 na przednim pasie samochodu pojawi si\u0119 w tym okresie sporo martwych owad\u00f3w. Mo\u017cesz oczywi\u015bcie skorzysta\u0107 z myjki wysokoci\u015bnieniowej. Zapewne jednak wiesz, \u017ce po kilku takich myciach Twoja karoseria nie bedzie ju\u017c wygl\u0105da\u0142a tak jak przedtem. Dlatego mamy dla&hellip;&nbsp;<a href=\"https:\/\/liquidmaster.pl\/en\/soft99-fukupika-bugs-droppings-removal-chusteczki-do-usuwania-zabrudzen-organicznych-8-szt\/\" rel=\"bookmark\">Read More \u00bb<span class=\"screen-reader-text\">Soft99 Fukupika Bugs &amp; Droppings Removal \u2013 Organic Stain Removal Wipes, 8 pcs.<\/span><\/a><\/p>","protected":false},"featured_media":1847824,"comment_status":"open","ping_status":"open","template":"","meta":{"neve_meta_sidebar":"","neve_meta_container":"","neve_meta_enable_content_width":"","neve_meta_content_width":0,"neve_meta_title_alignment":"","neve_meta_author_avatar":"","neve_post_elements_order":"","neve_meta_disable_header":"","neve_meta_disable_footer":"","neve_meta_disable_title":"","_themeisle_gutenberg_block_has_review":false},"product_brand":[],"product_cat":[743,733,754],"product_tag":[362],"class_list":{"0":"post-1804917","1":"product","2":"type-product","3":"status-publish","4":"has-post-thumbnail","6":"product_cat-dekontaminacja","7":"product_cat-na-zewnatrz","8":"product_cat-usuwanie-owadow","9":"product_tag-soft99","11":"first","12":"instock","13":"taxable","14":"shipping-taxable","15":"purchasable","16":"product-type-simple"},"_links":{"self":[{"href":"https:\/\/liquidmaster.pl\/en\/wp-json\/wp\/v2\/product\/1804917","targetHints":{"allow":["GET"]}}],"collection":[{"href":"https:\/\/liquidmaster.pl\/en\/wp-json\/wp\/v2\/product"}],"about":[{"href":"https:\/\/liquidmaster.pl\/en\/wp-json\/wp\/v2\/types\/product"}],"replies":[{"embeddable":true,"href":"https:\/\/liquidmaster.pl\/en\/wp-json\/wp\/v2\/comments?post=1804917"}],"wp:featuredmedia":[{"embeddable":true,"href":"https:\/\/liquidmaster.pl\/en\/wp-json\/wp\/v2\/media\/1847824"}],"wp:attachment":[{"href":"https:\/\/liquidmaster.pl\/en\/wp-json\/wp\/v2\/media?parent=1804917"}],"wp:term":[{"taxonomy":"product_brand","embeddable":true,"href":"https:\/\/liquidmaster.pl\/en\/wp-json\/wp\/v2\/product_brand?post=1804917"},{"taxonomy":"product_cat","embeddable":true,"href":"https:\/\/liquidmaster.pl\/en\/wp-json\/wp\/v2\/product_cat?post=1804917"},{"taxonomy":"product_tag","embeddable":true,"href":"https:\/\/liquidmaster.pl\/en\/wp-json\/wp\/v2\/product_tag?post=1804917"}],"curies":[{"name":"wp","href":"https:\/\/api.w.org\/{rel}","templated":true}]}}