{"id":1804913,"date":"2025-03-28T14:54:49","date_gmt":"2025-03-28T12:54:49","guid":{"rendered":"https:\/\/liquidmaster.pl\/soft99-white-soft-wax-wosk-do-jasnych-lakierow-350g\/"},"modified":"2026-04-18T04:33:53","modified_gmt":"2026-04-18T02:33:53","slug":"soft99-white-soft-wax-wosk-do-jasnych-lakierow-350g","status":"publish","type":"product","link":"https:\/\/liquidmaster.pl\/en\/soft99-white-soft-wax-wosk-do-jasnych-lakierow-350g\/","title":{"rendered":"SOFT99 White Soft Wax - wax for light varnishes 350g"},"content":{"rendered":"<p>SOFT99 White Soft Wax - a wax that gives the car body a high shine, while removing water marks and creating a hydrophobic coating. Thanks to its consistency, the product is easy to apply. This version is intended for light car paints.<\/p>\n<p>Usage:<\/p>\n<ul>\n<li>Before application, wash the body thoroughly and remove any dirt (tar, glue, etc.).<\/li>\n<li>Apply the appropriate amount of the preparation to the applicator and spread evenly on the body, creating a thin layer.<\/li>\n<li>When rubbed vigorously, the preparation removes even difficult-to-remove dirt, such as water stains and tar.<\/li>\n<li>Let it dry for about 5-10 minutes, then wipe it off with a clean, dry microfiber. If the preparation is left on the bodywork for too long, it may make it more difficult to blend in or cause stains and color unevenness.<\/li>\n<li>The preparation dries quickly, so it should be stored tightly closed.<\/li>\n<\/ul>\n<p>Capacity: 350 g<\/p>","protected":false},"excerpt":{"rendered":"<p>SOFT99 White Soft Wax &#8211; to wosk kt\u00f3ry nadaje karoserii wysoki po\u0142ysk, jednocze\u015bnie usuwaj\u0105c \u015blady po wodzie, oraz tworz\u0105c pow\u0142ok\u0119 hydrofobow\u0105. Produkt dzi\u0119ki swojej konsystencji jest \u0142atwy w aplikacji. Ta wersja przeznaczona jest do jasnych lakier\u00f3w samochodowych. Spos\u00f3b u\u017cycia: Przed aplikacj\u0105 dok\u0142adnie umy\u0107 karoseri\u0119, i usun\u0105\u0107 wszelkie zabrudzenia (smo\u0142a, kleje itp). Na\u0142o\u017cy\u0107 odpowiedni\u0105 ilo\u015b\u0107 preparatu&hellip;&nbsp;<a href=\"https:\/\/liquidmaster.pl\/en\/soft99-white-soft-wax-wosk-do-jasnych-lakierow-350g\/\" rel=\"bookmark\">Read More \u00bb<span class=\"screen-reader-text\">SOFT99 White Soft Wax - wax for light varnishes 350g<\/span><\/a><\/p>","protected":false},"featured_media":1847821,"comment_status":"open","ping_status":"open","template":"","meta":{"neve_meta_sidebar":"","neve_meta_container":"","neve_meta_enable_content_width":"","neve_meta_content_width":0,"neve_meta_title_alignment":"","neve_meta_author_avatar":"","neve_post_elements_order":"","neve_meta_disable_header":"","neve_meta_disable_footer":"","neve_meta_disable_title":"","_themeisle_gutenberg_block_has_review":false},"product_brand":[],"product_cat":[733,766,788],"product_tag":[362],"class_list":{"0":"post-1804913","1":"product","2":"type-product","3":"status-publish","4":"has-post-thumbnail","6":"product_cat-na-zewnatrz","7":"product_cat-ochrona-lakieru","8":"product_cat-woski","9":"product_tag-soft99","11":"first","12":"outofstock","13":"taxable","14":"shipping-taxable","15":"purchasable","16":"product-type-simple"},"_links":{"self":[{"href":"https:\/\/liquidmaster.pl\/en\/wp-json\/wp\/v2\/product\/1804913","targetHints":{"allow":["GET"]}}],"collection":[{"href":"https:\/\/liquidmaster.pl\/en\/wp-json\/wp\/v2\/product"}],"about":[{"href":"https:\/\/liquidmaster.pl\/en\/wp-json\/wp\/v2\/types\/product"}],"replies":[{"embeddable":true,"href":"https:\/\/liquidmaster.pl\/en\/wp-json\/wp\/v2\/comments?post=1804913"}],"wp:featuredmedia":[{"embeddable":true,"href":"https:\/\/liquidmaster.pl\/en\/wp-json\/wp\/v2\/media\/1847821"}],"wp:attachment":[{"href":"https:\/\/liquidmaster.pl\/en\/wp-json\/wp\/v2\/media?parent=1804913"}],"wp:term":[{"taxonomy":"product_brand","embeddable":true,"href":"https:\/\/liquidmaster.pl\/en\/wp-json\/wp\/v2\/product_brand?post=1804913"},{"taxonomy":"product_cat","embeddable":true,"href":"https:\/\/liquidmaster.pl\/en\/wp-json\/wp\/v2\/product_cat?post=1804913"},{"taxonomy":"product_tag","embeddable":true,"href":"https:\/\/liquidmaster.pl\/en\/wp-json\/wp\/v2\/product_tag?post=1804913"}],"curies":[{"name":"wp","href":"https:\/\/api.w.org\/{rel}","templated":true}]}}