{"id":1804911,"date":"2025-03-28T14:54:40","date_gmt":"2025-03-28T12:54:40","guid":{"rendered":"https:\/\/liquidmaster.pl\/meguiars-hybrid-ceramic-booster-946ml-spray-do-konserwacji-powlok-ceramicznych\/"},"modified":"2026-04-19T03:12:22","modified_gmt":"2026-04-19T01:12:22","slug":"meguiars-hybrid-ceramic-booster-946ml-spray-do-konserwacji-powlok-ceramicznych","status":"publish","type":"product","link":"https:\/\/liquidmaster.pl\/en\/meguiars-hybrid-ceramic-booster-946ml-spray-do-konserwacji-powlok-ceramicznych\/","title":{"rendered":"Meguiar&#039;s Hybrid Ceramic Booster 946ml - a spray for the maintenance of ceramic coatings"},"content":{"rendered":"<p>Meguiar&#039;s M799 Pro Ceramic Bead Booster is an extremely versatile, professional formula that can be used in several different ways, including: as a ceramic coating preservative, drying aid, enhanced quick detailer or clay lubricant. Its primary function is to act as a spray to maintain and strengthen Meguiar&#039;s M788 Ceramic Paint Coating to restore maximum slipperiness and water-repellent properties. However, it also provides excellent results when used as a drying aid, quick detailer and clay lubricant.<\/p>\n<p>Use concentrated M799 as a stand-alone sealant or as a maintenance product for M788 (or other ceramic\/quartz coating). Dilute 1 part water and 3 parts M799 to use as a clay lubricant, drying aid or as a super quick detailer that can be used even in direct sunlight. No matter how you use it, you can be sure of excellent durability, depth of shine and smoothness in an easy-to-use spray.<\/p>\n<p>Increased gloss and protection: spray sealant with Hybrid Ceramic SiO2 technology restores gloss, smoothness and water repellency to coatings<br \/>\nVersatile use: Versatile and dilutable formula works as a spray sealant, quick detailer and clay lubricant<br \/>\nDurable protection: Durable hydrophobic protection on protective films, varnishes and coatings<br \/>\nEasy to use: The convenient spray-and-wipe product can be used even in direct sunlight<\/p>\n<p>Usage:<\/p>\n<p>Shake well. When used as a sealant, it is best to spray directly onto the towel, not onto the varnish. If using as a quick detailer, drying aid or clay lubricant, spray directly onto the paint.<\/p>\n<p>Capacity: 946 ml<\/p>\n<p>\u00a0<\/p><\/p>","protected":false},"excerpt":{"rendered":"<p>Meguiar\u2019s M799 Pro Ceramic Bead Booster\u00a0to niezwykle wszechstronna, profesjonalna formu\u0142a, kt\u00f3ra mo\u017ce by\u0107 stosowana na kilka r\u00f3\u017cnych sposob\u00f3w, w tym: jako konserwer pow\u0142ok ceramicznych, \u015brodek wspomagaj\u0105cy osuszenie, wzmocniony quick detailer lub lubrykant do glinki. Jego podstawow\u0105 funkcj\u0105 jest dzia\u0142anie jako spray do konserwacji i wzmocnienia pow\u0142oki ceramicznej Meguiar\u2019s M788 Ceramic Paint Coating w celu przywr\u00f3cenia&hellip;&nbsp;<a href=\"https:\/\/liquidmaster.pl\/en\/meguiars-hybrid-ceramic-booster-946ml-spray-do-konserwacji-powlok-ceramicznych\/\" rel=\"bookmark\">Read More \u00bb<span class=\"screen-reader-text\">Meguiar&#039;s Hybrid Ceramic Booster 946ml - a spray for the maintenance of ceramic coatings<\/span><\/a><\/p>","protected":false},"featured_media":1846914,"comment_status":"open","ping_status":"open","template":"","meta":{"neve_meta_sidebar":"","neve_meta_container":"","neve_meta_enable_content_width":"","neve_meta_content_width":0,"neve_meta_title_alignment":"","neve_meta_author_avatar":"","neve_post_elements_order":"","neve_meta_disable_header":"","neve_meta_disable_footer":"","neve_meta_disable_title":"","_themeisle_gutenberg_block_has_review":false},"product_brand":[],"product_cat":[734,733,821],"product_tag":[322],"class_list":{"0":"post-1804911","1":"product","2":"type-product","3":"status-publish","4":"has-post-thumbnail","6":"product_cat-mycie-i-osuszanie","7":"product_cat-na-zewnatrz","8":"product_cat-wspomaganie-osuszania","9":"product_tag-meguiars","11":"first","12":"instock","13":"taxable","14":"shipping-taxable","15":"purchasable","16":"product-type-simple"},"_links":{"self":[{"href":"https:\/\/liquidmaster.pl\/en\/wp-json\/wp\/v2\/product\/1804911","targetHints":{"allow":["GET"]}}],"collection":[{"href":"https:\/\/liquidmaster.pl\/en\/wp-json\/wp\/v2\/product"}],"about":[{"href":"https:\/\/liquidmaster.pl\/en\/wp-json\/wp\/v2\/types\/product"}],"replies":[{"embeddable":true,"href":"https:\/\/liquidmaster.pl\/en\/wp-json\/wp\/v2\/comments?post=1804911"}],"wp:featuredmedia":[{"embeddable":true,"href":"https:\/\/liquidmaster.pl\/en\/wp-json\/wp\/v2\/media\/1846914"}],"wp:attachment":[{"href":"https:\/\/liquidmaster.pl\/en\/wp-json\/wp\/v2\/media?parent=1804911"}],"wp:term":[{"taxonomy":"product_brand","embeddable":true,"href":"https:\/\/liquidmaster.pl\/en\/wp-json\/wp\/v2\/product_brand?post=1804911"},{"taxonomy":"product_cat","embeddable":true,"href":"https:\/\/liquidmaster.pl\/en\/wp-json\/wp\/v2\/product_cat?post=1804911"},{"taxonomy":"product_tag","embeddable":true,"href":"https:\/\/liquidmaster.pl\/en\/wp-json\/wp\/v2\/product_tag?post=1804911"}],"curies":[{"name":"wp","href":"https:\/\/api.w.org\/{rel}","templated":true}]}}