{"id":1804893,"date":"2025-03-28T14:52:57","date_gmt":"2025-03-28T12:52:57","guid":{"rendered":"https:\/\/liquidmaster.pl\/meguiars-plastx-296ml-srodek-do-czysczenia-i-polerowania-plastikow\/"},"modified":"2026-04-19T02:21:19","modified_gmt":"2026-04-19T00:21:19","slug":"meguiars-plastx-296ml-srodek-do-czysczenia-i-polerowania-plastikow","status":"publish","type":"product","link":"https:\/\/liquidmaster.pl\/en\/meguiars-plastx-296ml-srodek-do-czysczenia-i-polerowania-plastikow\/","title":{"rendered":"Meguiar&#039;s PlastX 296ml - agent for cleaning and polishing plastics"},"content":{"rendered":"<p>Meguiar&#039;s Plast-X \u2013 agent for cleaning and polishing clear plastics.<\/p>\n<p>This easy-to-use and rich gel formula quickly restores the optical clarity of both rigid and flexible clear plastics.<\/p>\n<p>With this advanced and exclusive Meguiar&#039;s Microscopic Diminishing Abrasive Technology (MDAT), oxidations, chemical breakdown, contaminants, stains and light surface scratches will be easily removed.<\/p>\n<p>PlastX also contains long-lasting protection to keep your clear plastics beautiful for longer.<\/p>\n<p>PlastX is non-toxic and contains no solvents.<\/p>\n<ul>\n<li>Removes oxidation, light scratches, scuffs and dirt<\/li>\n<li>Non-toxic<\/li>\n<li>Contains no solvents<\/li>\n<\/ul>\n<p>Capacity: 296 ml<\/p>","protected":false},"excerpt":{"rendered":"<p>Meguiar&#8217;s Plast-X &#8211; \u015brodek do czyszczenia i polerowania plastik\u00f3w klarownych. Ta \u0142atwa w u\u017cyciu i bogata formu\u0142a \u017celu szybko przywraca optyczn\u0105 klarowno\u015b\u0107 zar\u00f3wno sztywnych, jak i elastycznych prze\u017aroczystych plastik\u00f3w. Dzi\u0119ki tej zaawansowanej i ekskluzywnej technologii Meguiar\u2019s Microscopic Diminishing Abrasive Technology (MDAT) zostan\u0105 \u0142atwo usuni\u0119te utlenienia, rozpad substancji chemicznych, zanieczyszczenia, plamy i lekkie zadrapania powierzchni. PlastX&hellip;&nbsp;<a href=\"https:\/\/liquidmaster.pl\/en\/meguiars-plastx-296ml-srodek-do-czysczenia-i-polerowania-plastikow\/\" rel=\"bookmark\">Read More \u00bb<span class=\"screen-reader-text\">Meguiar&#039;s PlastX 296ml - agent for cleaning and polishing plastics<\/span><\/a><\/p>","protected":false},"featured_media":1846896,"comment_status":"open","ping_status":"open","template":"","meta":{"neve_meta_sidebar":"","neve_meta_container":"","neve_meta_enable_content_width":"","neve_meta_content_width":0,"neve_meta_title_alignment":"","neve_meta_author_avatar":"","neve_post_elements_order":"","neve_meta_disable_header":"","neve_meta_disable_footer":"","neve_meta_disable_title":"","_themeisle_gutenberg_block_has_review":false},"product_brand":[],"product_cat":[826,814,733],"product_tag":[322],"class_list":{"0":"post-1804893","1":"product","2":"type-product","3":"status-publish","4":"has-post-thumbnail","6":"product_cat-czyszczenie-gumy-i-plastikow","7":"product_cat-elementy-gumowe-i-plastikowe","8":"product_cat-na-zewnatrz","9":"product_tag-meguiars","11":"first","12":"instock","13":"taxable","14":"shipping-taxable","15":"purchasable","16":"product-type-simple"},"_links":{"self":[{"href":"https:\/\/liquidmaster.pl\/en\/wp-json\/wp\/v2\/product\/1804893","targetHints":{"allow":["GET"]}}],"collection":[{"href":"https:\/\/liquidmaster.pl\/en\/wp-json\/wp\/v2\/product"}],"about":[{"href":"https:\/\/liquidmaster.pl\/en\/wp-json\/wp\/v2\/types\/product"}],"replies":[{"embeddable":true,"href":"https:\/\/liquidmaster.pl\/en\/wp-json\/wp\/v2\/comments?post=1804893"}],"wp:featuredmedia":[{"embeddable":true,"href":"https:\/\/liquidmaster.pl\/en\/wp-json\/wp\/v2\/media\/1846896"}],"wp:attachment":[{"href":"https:\/\/liquidmaster.pl\/en\/wp-json\/wp\/v2\/media?parent=1804893"}],"wp:term":[{"taxonomy":"product_brand","embeddable":true,"href":"https:\/\/liquidmaster.pl\/en\/wp-json\/wp\/v2\/product_brand?post=1804893"},{"taxonomy":"product_cat","embeddable":true,"href":"https:\/\/liquidmaster.pl\/en\/wp-json\/wp\/v2\/product_cat?post=1804893"},{"taxonomy":"product_tag","embeddable":true,"href":"https:\/\/liquidmaster.pl\/en\/wp-json\/wp\/v2\/product_tag?post=1804893"}],"curies":[{"name":"wp","href":"https:\/\/api.w.org\/{rel}","templated":true}]}}