{"id":1804891,"date":"2025-03-28T14:52:49","date_gmt":"2025-03-28T12:52:49","guid":{"rendered":"https:\/\/liquidmaster.pl\/soft99-mirror-shine-wax-light-wosk-tworzacy-lustrzany-polysk-na-jasnych-lakierach\/"},"modified":"2026-04-20T08:13:01","modified_gmt":"2026-04-20T06:13:01","slug":"soft99-mirror-shine-wax-light-wosk-tworzacy-lustrzany-polysk-na-jasnych-lakierach","status":"publish","type":"product","link":"https:\/\/liquidmaster.pl\/en\/soft99-mirror-shine-wax-light-wosk-tworzacy-lustrzany-polysk-na-jasnych-lakierach\/","title":{"rendered":"SOFT99 Mirror Shine Wax Light - a wax that creates a mirror shine on light varnishes"},"content":{"rendered":"<p>Soft99 Mirror Shine Wax Light \u2013 this is a wax that will create a deep, mirror shine on your car&#039;s bodywork. This wax creates a thick coating that does not need to be wiped or dried. Durability is around 3 months. It can also be successfully applied to plastic elements such as headlights. This particular model is suitable for light varnishes.<\/p>\n<p>Usage:<\/p>\n<ul>\n<li>Before using wax, wash the car thoroughly, clean it and wipe it dry.\u00a0<\/li>\n<li>Spread the wax evenly on the surface of the car with the included cloth.<\/li>\n<li>Now all you need to do is polish the surface hard as there is no need to wipe it off.<\/li>\n<li>Make sure to complete the entire process. If left unfinished, it may cause stains or unevenness.<\/li>\n<\/ul>\n<p>Capacity: 200g<\/p>\n<p>\u00a0<\/p>","protected":false},"excerpt":{"rendered":"<p>Soft99 Mirror Shine Wax Light &#8211; jest to wosk dzi\u0119ki kt\u00f3remu stworzysz na karoserii Twojego samochodu g\u0142\u0119boki, lustrzany po\u0142ysk. Wosk ten tworzy grub\u0105 pow\u0142ok\u0119, kt\u00f3rej nie ma konieczno\u015bci wycierania czy suszenia. Trwa\u0142o\u015b\u0107 oscyluje w granicach 3 miesi\u0119cy. Z powodzeniem mo\u017cna go r\u00f3wnie\u017c nak\u0142ada\u0107 na elementy plastikowe taki jak np. reflektory. Ten konkretny model jest odpowiedni&hellip;&nbsp;<a href=\"https:\/\/liquidmaster.pl\/en\/soft99-mirror-shine-wax-light-wosk-tworzacy-lustrzany-polysk-na-jasnych-lakierach\/\" rel=\"bookmark\">Read More \u00bb<span class=\"screen-reader-text\">SOFT99 Mirror Shine Wax Light - a wax that creates a mirror shine on light varnishes<\/span><\/a><\/p>","protected":false},"featured_media":1847808,"comment_status":"open","ping_status":"open","template":"","meta":{"neve_meta_sidebar":"","neve_meta_container":"","neve_meta_enable_content_width":"","neve_meta_content_width":0,"neve_meta_title_alignment":"","neve_meta_author_avatar":"","neve_post_elements_order":"","neve_meta_disable_header":"","neve_meta_disable_footer":"","neve_meta_disable_title":"","_themeisle_gutenberg_block_has_review":false},"product_brand":[],"product_cat":[733,766,788],"product_tag":[362],"class_list":{"0":"post-1804891","1":"product","2":"type-product","3":"status-publish","4":"has-post-thumbnail","6":"product_cat-na-zewnatrz","7":"product_cat-ochrona-lakieru","8":"product_cat-woski","9":"product_tag-soft99","11":"first","12":"instock","13":"taxable","14":"shipping-taxable","15":"purchasable","16":"product-type-simple"},"_links":{"self":[{"href":"https:\/\/liquidmaster.pl\/en\/wp-json\/wp\/v2\/product\/1804891","targetHints":{"allow":["GET"]}}],"collection":[{"href":"https:\/\/liquidmaster.pl\/en\/wp-json\/wp\/v2\/product"}],"about":[{"href":"https:\/\/liquidmaster.pl\/en\/wp-json\/wp\/v2\/types\/product"}],"replies":[{"embeddable":true,"href":"https:\/\/liquidmaster.pl\/en\/wp-json\/wp\/v2\/comments?post=1804891"}],"wp:featuredmedia":[{"embeddable":true,"href":"https:\/\/liquidmaster.pl\/en\/wp-json\/wp\/v2\/media\/1847808"}],"wp:attachment":[{"href":"https:\/\/liquidmaster.pl\/en\/wp-json\/wp\/v2\/media?parent=1804891"}],"wp:term":[{"taxonomy":"product_brand","embeddable":true,"href":"https:\/\/liquidmaster.pl\/en\/wp-json\/wp\/v2\/product_brand?post=1804891"},{"taxonomy":"product_cat","embeddable":true,"href":"https:\/\/liquidmaster.pl\/en\/wp-json\/wp\/v2\/product_cat?post=1804891"},{"taxonomy":"product_tag","embeddable":true,"href":"https:\/\/liquidmaster.pl\/en\/wp-json\/wp\/v2\/product_tag?post=1804891"}],"curies":[{"name":"wp","href":"https:\/\/api.w.org\/{rel}","templated":true}]}}