{"id":1804881,"date":"2025-03-28T14:52:27","date_gmt":"2025-03-28T12:52:27","guid":{"rendered":"https:\/\/liquidmaster.pl\/qjutsu-body-coat-matte-100ml-powloka-ceramiczna\/"},"modified":"2026-04-20T08:12:59","modified_gmt":"2026-04-20T06:12:59","slug":"qjutsu-body-coat-matte-100ml-powloka-ceramiczna","status":"publish","type":"product","link":"https:\/\/liquidmaster.pl\/en\/qjutsu-body-coat-matte-100ml-powloka-ceramiczna\/","title":{"rendered":"Qjutsu Body Coat Matte 100ml \u2013 ceramic coating"},"content":{"rendered":"<p>Qjutsu Body Coat Matte 100 ml \u2013 Ceramic coating<\/p>\n<p>Qjutsu Body Coat Matte \u2013 a coating adapted for application to paint and plastic elements on boats, helicopters, airplanes, and many other highly used machines and specific paints. The coating is characterized by an excellent degree of bonding to the varnish and a high degree of protection and hydrophobicity, making it perfect for protecting this type of objects. It also works well with protective foils.<\/p>\n<p>The set includes:<\/p>\n<ul>\n<li>coated bottle<\/li>\n<li>tip for applying the agent to the applicator<\/li>\n<li>two pairs of nitrile gloves<\/li>\n<li>two protective masks<\/li>\n<li>two high-quality, low-weight microfibers<\/li>\n<li>three small microfibers for application (suede)<\/li>\n<li>cube made of medium-hard foam<\/li>\n<\/ul>\n<p>Body Coat Matte provides surface protection for 24 months<\/p>","protected":false},"excerpt":{"rendered":"<p>Qjutsu Body Coat Matte 100 ml &#8211; Pow\u0142oka ceramiczna Qjutsu Body Coat Matte &#8211; pow\u0142oka dostosowana do aplikacji na lakier i elementy plastikowe na \u0142odziach, helikopterach, samolotach, oraz wielu innych wysoce eksploatowanych maszynach i specyficznych lakierach. Pow\u0142oka charakteryzuje si\u0119 doskona\u0142ym stopniem wi\u0105zania z lakierem i wysokim stopniem ochrony i hydrofobowo\u015bci, dzi\u0119ki czemu doskonale nadaje si\u0119&hellip;&nbsp;<a href=\"https:\/\/liquidmaster.pl\/en\/qjutsu-body-coat-matte-100ml-powloka-ceramiczna\/\" rel=\"bookmark\">Read More \u00bb<span class=\"screen-reader-text\">Qjutsu Body Coat Matte 100ml \u2013 ceramic coating<\/span><\/a><\/p>","protected":false},"featured_media":1847802,"comment_status":"open","ping_status":"open","template":"","meta":{"neve_meta_sidebar":"","neve_meta_container":"","neve_meta_enable_content_width":"","neve_meta_content_width":0,"neve_meta_title_alignment":"","neve_meta_author_avatar":"","neve_post_elements_order":"","neve_meta_disable_header":"","neve_meta_disable_footer":"","neve_meta_disable_title":"","_themeisle_gutenberg_block_has_review":false},"product_brand":[],"product_cat":[733,766,775],"product_tag":[362],"class_list":{"0":"post-1804881","1":"product","2":"type-product","3":"status-publish","4":"has-post-thumbnail","6":"product_cat-na-zewnatrz","7":"product_cat-ochrona-lakieru","8":"product_cat-powloki-ceramiczne","9":"product_tag-soft99","11":"first","12":"instock","13":"taxable","14":"shipping-taxable","15":"purchasable","16":"product-type-simple"},"_links":{"self":[{"href":"https:\/\/liquidmaster.pl\/en\/wp-json\/wp\/v2\/product\/1804881","targetHints":{"allow":["GET"]}}],"collection":[{"href":"https:\/\/liquidmaster.pl\/en\/wp-json\/wp\/v2\/product"}],"about":[{"href":"https:\/\/liquidmaster.pl\/en\/wp-json\/wp\/v2\/types\/product"}],"replies":[{"embeddable":true,"href":"https:\/\/liquidmaster.pl\/en\/wp-json\/wp\/v2\/comments?post=1804881"}],"wp:featuredmedia":[{"embeddable":true,"href":"https:\/\/liquidmaster.pl\/en\/wp-json\/wp\/v2\/media\/1847802"}],"wp:attachment":[{"href":"https:\/\/liquidmaster.pl\/en\/wp-json\/wp\/v2\/media?parent=1804881"}],"wp:term":[{"taxonomy":"product_brand","embeddable":true,"href":"https:\/\/liquidmaster.pl\/en\/wp-json\/wp\/v2\/product_brand?post=1804881"},{"taxonomy":"product_cat","embeddable":true,"href":"https:\/\/liquidmaster.pl\/en\/wp-json\/wp\/v2\/product_cat?post=1804881"},{"taxonomy":"product_tag","embeddable":true,"href":"https:\/\/liquidmaster.pl\/en\/wp-json\/wp\/v2\/product_tag?post=1804881"}],"curies":[{"name":"wp","href":"https:\/\/api.w.org\/{rel}","templated":true}]}}